{"id":9,"date":"2015-09-19T23:15:48","date_gmt":"2015-09-19T21:15:48","guid":{"rendered":"http:\/\/vmdok.org.rs\/vajgen\/?page_id=9"},"modified":"2015-10-07T23:47:00","modified_gmt":"2015-10-07T21:47:00","slug":"takacs-zoltan-mit-tudunk-a-vajdasagi-magyar-doktoranduszokrol","status":"publish","type":"page","link":"http:\/\/vmdok.org.rs\/vajgen\/kutatasok\/takacs-zoltan-mit-tudunk-a-vajdasagi-magyar-doktoranduszokrol\/","title":{"rendered":"Mit tudunk a vajdas\u00e1gi magyar doktoranduszokr\u00f3l?"},"content":{"rendered":"<h5 style=\"text-align: center;\">\u00a0<b>T<\/b><b>ak\u00e1cs <\/b><b>Z<\/b><b>olt\u00e1n<\/b><\/h5>\n<h4 style=\"text-align: center;\"><em><b>Mit tudunk a vajdas\u00e1gi magyar doktoranduszokr\u00f3l?<\/b><\/em><\/h4>\n<p style=\"text-align: justify;\">\n<p style=\"text-align: justify;\"><span style=\"color: #000000;\">A tanulm\u00e1ny a vajdas\u00e1gi magyar doktoranduszok aktu\u00e1lis helyzet\u00e9nek, karrierlehet\u0151s\u00e9geinek \u00e9s mobilit\u00e1si p\u00e1ly\u00e1j\u00e1nak k\u00e9rd\u00e9s\u00e9vel foglalkozik. El\u0151zetes meg\u00e1llap\u00edt\u00e1sk\u00e9nt ki kell hangs\u00falyozni, hogy az elm\u00falt k\u00e9t \u00e9vtized t\u00f6rt\u00e9n\u00e9seinek eredm\u00e9nyek\u00e9nt, mark\u00e1ns \u201egener\u00e1ci\u00f3s \u00e1rok\u201d jelenik meg a vajdas\u00e1gi magyar tud\u00f3s elit k\u00f6r\u00e9ben. Ennek oka t\u00f6bbek k\u00f6z\u00f6tt a fokoz\u00f3d\u00f3 emigr\u00e1ci\u00f3 a rendszerv\u00e1lt\u00e1s, a politikai k\u00f6r\u00fclm\u00e9nyek, a polg\u00e1rh\u00e1bor\u00fa, a gazdas\u00e1gi kil\u00e1t\u00e1stalans\u00e1g, az er\u0151s\u00f6d\u0151 nacionalizmus k\u00f6vetkezt\u00e9ben. Mindez a kisebbs\u00e9gi tud\u00f3s elit \u201ebez\u00e1rk\u00f3z\u00e1s\u00e1t\u201d, \u201e\u00f6n\u00e9rt\u00e9kel\u00e9sbeli meging\u00e1s\u00e1t\u201d, az anyaorsz\u00e1g fel\u00e9 t\u00f6rt\u00e9n\u0151 fordul\u00e1s\u00e1t hozta mag\u00e1val. A tudom\u00e1nyos elitet \u00e9rint\u0151 gener\u00e1ci\u00f3s k\u00fcl\u00f6nbs\u00e9g t\u00f6bb \u00e9ves szisztematikus \u00e9s pontosan megfogalmazott \u00f6szt\u00f6nd\u00edj-politik\u00e1val, c\u00e9ltudatos szem\u00e9lyi \u00e9s mentori munk\u00e1val cs\u00f6kkenthet\u0151 csak.<\/span><\/p>\n<h4 style=\"text-align: center;\"><span style=\"color: #003366;\"><strong><a style=\"color: #003366;\" href=\"http:\/\/vmdok.org.rs\/vajgen\/wp-content\/uploads\/2015\/09\/1.pdf\" target=\"_blank\">Teljes tanulm\u00e1ny let\u00f6lt\u00e9se<\/a><\/strong><\/span><\/h4>\n","protected":false},"excerpt":{"rendered":"<p>\u00a0Tak\u00e1cs Zolt\u00e1n Mit tudunk a vajdas\u00e1gi magyar doktoranduszokr\u00f3l? A tanulm\u00e1ny a vajdas\u00e1gi magyar doktoranduszok aktu\u00e1lis helyzet\u00e9nek, karrierlehet\u0151s\u00e9geinek \u00e9s mobilit\u00e1si p\u00e1ly\u00e1j\u00e1nak k\u00e9rd\u00e9s\u00e9vel foglalkozik. El\u0151zetes meg\u00e1llap\u00edt\u00e1sk\u00e9nt ki kell hangs\u00falyozni, hogy az elm\u00falt k\u00e9t \u00e9vtized t\u00f6rt\u00e9n\u00e9seinek eredm\u00e9nyek\u00e9nt, mark\u00e1ns \u201egener\u00e1ci\u00f3s \u00e1rok\u201d jelenik meg a vajdas\u00e1gi magyar tud\u00f3s elit k\u00f6r\u00e9ben. Ennek oka t\u00f6bbek k\u00f6z\u00f6tt a \u2026<\/p>\n<p class=\"continue-reading-button\"> <a class=\"continue-reading-link\" href=\"http:\/\/vmdok.org.rs\/vajgen\/kutatasok\/takacs-zoltan-mit-tudunk-a-vajdasagi-magyar-doktoranduszokrol\/\">Tov\u00e1bb&#8230;<i class=\"crycon-right-dir\"><\/i><\/a><\/p>\n","protected":false},"author":1,"featured_media":0,"parent":5,"menu_order":120,"comment_status":"closed","ping_status":"closed","template":"","meta":{"footnotes":"","_links_to":"","_links_to_target":""},"class_list":["post-9","page","type-page","status-publish","hentry"],"_links":{"self":[{"href":"http:\/\/vmdok.org.rs\/vajgen\/wp-json\/wp\/v2\/pages\/9","targetHints":{"allow":["GET"]}}],"collection":[{"href":"http:\/\/vmdok.org.rs\/vajgen\/wp-json\/wp\/v2\/pages"}],"about":[{"href":"http:\/\/vmdok.org.rs\/vajgen\/wp-json\/wp\/v2\/types\/page"}],"author":[{"embeddable":true,"href":"http:\/\/vmdok.org.rs\/vajgen\/wp-json\/wp\/v2\/users\/1"}],"replies":[{"embeddable":true,"href":"http:\/\/vmdok.org.rs\/vajgen\/wp-json\/wp\/v2\/comments?post=9"}],"version-history":[{"count":9,"href":"http:\/\/vmdok.org.rs\/vajgen\/wp-json\/wp\/v2\/pages\/9\/revisions"}],"predecessor-version":[{"id":261,"href":"http:\/\/vmdok.org.rs\/vajgen\/wp-json\/wp\/v2\/pages\/9\/revisions\/261"}],"up":[{"embeddable":true,"href":"http:\/\/vmdok.org.rs\/vajgen\/wp-json\/wp\/v2\/pages\/5"}],"wp:attachment":[{"href":"http:\/\/vmdok.org.rs\/vajgen\/wp-json\/wp\/v2\/media?parent=9"}],"curies":[{"name":"wp","href":"https:\/\/api.w.org\/{rel}","templated":true}]}}