{"id":29,"date":"2015-09-20T16:56:20","date_gmt":"2015-09-20T14:56:20","guid":{"rendered":"http:\/\/vmdok.org.rs\/vajgen\/?page_id=29"},"modified":"2015-10-07T23:47:50","modified_gmt":"2015-10-07T21:47:50","slug":"a-reka-vajdasagi-utopia","status":"publish","type":"page","link":"http:\/\/vmdok.org.rs\/vajgen\/kutatasok\/a-reka-vajdasagi-utopia\/","title":{"rendered":"Vajdas\u00e1gi ut\u00f3pia?"},"content":{"rendered":"<h5 style=\"text-align: center;\"><b>\u00c1<\/b><b>gyas <\/b><b>R<\/b><b>\u00e9ka<\/b><\/h5>\n<h4 style=\"text-align: center;\"><em><b>Vajdas\u00e1gi ut\u00f3pia?\u00a0<\/b><b>A vajDas\u00e1gi geneR\u00e1ci\u00f3 v\u00e9lem\u00e9nye a vajdas\u00e1gi magyar tudom\u00e1nyos\u00a0<\/b><b>\u00e9letr\u0151l<\/b><\/em><\/h4>\n<p style=\"text-align: justify;\"><span style=\"color: #000000;\">A vajdas\u00e1gi fiatal kutat\u00f3k, doktoranduszok \u00e9s doktori fokozattal rendelkez\u0151k gondolatai a vajdas\u00e1gi magyar tudom\u00e1nyos \u00e9letr\u0151l, illetve a tudom\u00e1nyos ut\u00e1np\u00f3tl\u00e1sr\u00f3l optimist\u00e1nak tekinthet\u0151k. Megl\u00e1t\u00e1suk szerint \u00e9szlelhet\u0151ek a t\u00f6rekv\u00e9sek a tudom\u00e1nyos \u00e9let fellend\u00edt\u00e9s\u00e9re a Vajdas\u00e1gban is, azonban a szerkezeti probl\u00e9m\u00e1kat nem k\u00e9pes megoldani a felt\u00f6rekv\u0151 \u00e9rtelmis\u00e9g. Ebben a harcban mindenk\u00e9pp seg\u00edts\u00e9gre lesz sz\u00fcks\u00e9g\u00fck a fiatal kutat\u00f3knak.<\/span><br \/>\n<span style=\"color: #000000;\">A vajdas\u00e1gi magyar fiatal \u00e9rtelmis\u00e9get korl\u00e1tozott \u00e9rv\u00e9nyes\u00fcl\u00e9si lehet\u0151s\u00e9gek jellemzik. Ezt t\u00f6bb okb\u00f3l is eredeztetik, els\u0151dlegesen a tapasztalt id\u0151sebb nemzed\u00e9k elz\u00e1rk\u00f3z\u00e1sa, a t\u00e9r \u00e1tenged\u00e9s\u00e9nek \u00e9s a kibontakoz\u00e1si lehet\u0151s\u00e9geknek a korl\u00e1tozotts\u00e1ga jellemzi k\u00f6z\u00f6ss\u00e9g\u00fcnket. Sz\u00fcks\u00e9g van a gener\u00e1ci\u00f3k k\u00f6zti p\u00e1rbesz\u00e9d er\u0151s\u00edt\u00e9s\u00e9re, mentor\u00e1l\u00e1s, \u00fatbaigaz\u00edt\u00e1s n\u00e9lk\u00fcl elveszni l\u00e1tszik az az \u00e9letk\u00e9pes magyar k\u00f6z\u00f6ss\u00e9g, amely akt\u00edvan pr\u00f3b\u00e1lna \u00e9rv\u00e9nyes\u00fclni a Vajdas\u00e1gban.<\/span><\/p>\n<h4 style=\"text-align: center;\"><span style=\"color: #003366;\"><strong><a style=\"color: #003366;\" href=\"http:\/\/vmdok.org.rs\/vajgen\/wp-content\/uploads\/2015\/09\/4.pdf\" target=\"_blank\">Teljes tanulm\u00e1ny let\u00f6lt\u00e9se<\/a><\/strong><\/span><\/h4>\n","protected":false},"excerpt":{"rendered":"<p>\u00c1gyas R\u00e9ka Vajdas\u00e1gi ut\u00f3pia?\u00a0A vajDas\u00e1gi geneR\u00e1ci\u00f3 v\u00e9lem\u00e9nye a vajdas\u00e1gi magyar tudom\u00e1nyos\u00a0\u00e9letr\u0151l A vajdas\u00e1gi fiatal kutat\u00f3k, doktoranduszok \u00e9s doktori fokozattal rendelkez\u0151k gondolatai a vajdas\u00e1gi magyar tudom\u00e1nyos \u00e9letr\u0151l, illetve a tudom\u00e1nyos ut\u00e1np\u00f3tl\u00e1sr\u00f3l optimist\u00e1nak tekinthet\u0151k. Megl\u00e1t\u00e1suk szerint \u00e9szlelhet\u0151ek a t\u00f6rekv\u00e9sek a tudom\u00e1nyos \u00e9let fellend\u00edt\u00e9s\u00e9re a Vajdas\u00e1gban is, azonban a szerkezeti probl\u00e9m\u00e1kat nem k\u00e9pes \u2026<\/p>\n<p class=\"continue-reading-button\"> <a class=\"continue-reading-link\" href=\"http:\/\/vmdok.org.rs\/vajgen\/kutatasok\/a-reka-vajdasagi-utopia\/\">Tov\u00e1bb&#8230;<i class=\"crycon-right-dir\"><\/i><\/a><\/p>\n","protected":false},"author":1,"featured_media":0,"parent":5,"menu_order":170,"comment_status":"closed","ping_status":"closed","template":"","meta":{"footnotes":"","_links_to":"","_links_to_target":""},"class_list":["post-29","page","type-page","status-publish","hentry"],"_links":{"self":[{"href":"http:\/\/vmdok.org.rs\/vajgen\/wp-json\/wp\/v2\/pages\/29","targetHints":{"allow":["GET"]}}],"collection":[{"href":"http:\/\/vmdok.org.rs\/vajgen\/wp-json\/wp\/v2\/pages"}],"about":[{"href":"http:\/\/vmdok.org.rs\/vajgen\/wp-json\/wp\/v2\/types\/page"}],"author":[{"embeddable":true,"href":"http:\/\/vmdok.org.rs\/vajgen\/wp-json\/wp\/v2\/users\/1"}],"replies":[{"embeddable":true,"href":"http:\/\/vmdok.org.rs\/vajgen\/wp-json\/wp\/v2\/comments?post=29"}],"version-history":[{"count":8,"href":"http:\/\/vmdok.org.rs\/vajgen\/wp-json\/wp\/v2\/pages\/29\/revisions"}],"predecessor-version":[{"id":265,"href":"http:\/\/vmdok.org.rs\/vajgen\/wp-json\/wp\/v2\/pages\/29\/revisions\/265"}],"up":[{"embeddable":true,"href":"http:\/\/vmdok.org.rs\/vajgen\/wp-json\/wp\/v2\/pages\/5"}],"wp:attachment":[{"href":"http:\/\/vmdok.org.rs\/vajgen\/wp-json\/wp\/v2\/media?parent=29"}],"curies":[{"name":"wp","href":"https:\/\/api.w.org\/{rel}","templated":true}]}}