{"id":27,"date":"2015-09-20T16:55:40","date_gmt":"2015-09-20T14:55:40","guid":{"rendered":"http:\/\/vmdok.org.rs\/vajgen\/?page_id=27"},"modified":"2015-10-07T23:47:40","modified_gmt":"2015-10-07T21:47:40","slug":"t-zoltan-n-aniko-tudomanyos-utanpotlas-vajdasagban","status":"publish","type":"page","link":"http:\/\/vmdok.org.rs\/vajgen\/kutatasok\/t-zoltan-n-aniko-tudomanyos-utanpotlas-vajdasagban\/","title":{"rendered":"Tudom\u00e1nyos ut\u00e1np\u00f3tl\u00e1s Vajdas\u00e1gban"},"content":{"rendered":"<h5 style=\"text-align: center;\"><b>T<\/b><b>ak\u00e1cs <\/b><b>Z<\/b><b>olt\u00e1n <\/b><b>\u2013 N<\/b><b>ov\u00e1k <\/b><b>A<\/b><b>nik\u00f3<\/b><\/h5>\n<h4 style=\"text-align: center;\"><em><b>Tudom\u00e1nyos ut\u00e1np\u00f3tl\u00e1s Vajdas\u00e1gban<\/b><\/em><\/h4>\n<p style=\"text-align: justify;\">\n<p style=\"text-align: justify;\"><span style=\"color: #000000;\">Tanulm\u00e1nyunkban a vajdas\u00e1gi magyar tudom\u00e1nyoss\u00e1g aktu\u00e1lis helyzet\u00e9t szeretn\u00e9nk bemutatni. \u00c1ltal\u00e1noss\u00e1gban, tudom\u00e1nyter\u00fcletek szerint sz\u00e1mszer\u0171s\u00edtve \u00e9s egy kor\u00e1bbi kutat\u00e1si projekt (Balassi Int\u00e9zet M\u00e1rton \u00c1ron Szakkoll\u00e9gium Budapest) kataszteri munk\u00e1j\u00e1nak \u00f6sszegz\u00e9s\u00e9vel pr\u00f3b\u00e1lunk sz\u00e1mot vetni a teljes vajdas\u00e1gi magyar tudom\u00e1nyos elitr\u0151l fokozott figyelemmel k\u00eds\u00e9rve a fiatal doktoranduszokat \u00e9s kutat\u00f3kat. A mintegy 250 f\u0151t sz\u00e1ml\u00e1l\u00f3 vajdas\u00e1gi magyar akad\u00e9miai k\u00f6z\u00f6ss\u00e9g az MTA (szerbiai) k\u00fcls\u0151 k\u00f6ztest\u00fcleti tags\u00e1g\u00e1nak adatb\u00e1zisa, illetve a Vajdas\u00e1gi Magyar Doktoranduszok \u00e9s Kutat\u00f3k Szervezet\u00e9nek (VMDOK) bels\u0151 adatb\u00e1zisa alapj\u00e1n ker\u00fclt elemz\u00e9sre. <\/span><\/p>\n<h4 style=\"text-align: center;\"><span style=\"color: #003366;\"><strong><a style=\"color: #003366;\" href=\"http:\/\/vmdok.org.rs\/vajgen\/wp-content\/uploads\/2015\/09\/3.pdf\" target=\"_blank\">Teljes tanulm\u00e1ny let\u00f6lt\u00e9se<\/a><\/strong><\/span><\/h4>\n","protected":false},"excerpt":{"rendered":"<p>Tak\u00e1cs Zolt\u00e1n \u2013 Nov\u00e1k Anik\u00f3 Tudom\u00e1nyos ut\u00e1np\u00f3tl\u00e1s Vajdas\u00e1gban Tanulm\u00e1nyunkban a vajdas\u00e1gi magyar tudom\u00e1nyoss\u00e1g aktu\u00e1lis helyzet\u00e9t szeretn\u00e9nk bemutatni. \u00c1ltal\u00e1noss\u00e1gban, tudom\u00e1nyter\u00fcletek szerint sz\u00e1mszer\u0171s\u00edtve \u00e9s egy kor\u00e1bbi kutat\u00e1si projekt (Balassi Int\u00e9zet M\u00e1rton \u00c1ron Szakkoll\u00e9gium Budapest) kataszteri munk\u00e1j\u00e1nak \u00f6sszegz\u00e9s\u00e9vel pr\u00f3b\u00e1lunk sz\u00e1mot vetni a teljes vajdas\u00e1gi magyar tudom\u00e1nyos elitr\u0151l fokozott figyelemmel k\u00eds\u00e9rve a fiatal doktoranduszokat \u2026<\/p>\n<p class=\"continue-reading-button\"> <a class=\"continue-reading-link\" href=\"http:\/\/vmdok.org.rs\/vajgen\/kutatasok\/t-zoltan-n-aniko-tudomanyos-utanpotlas-vajdasagban\/\">Tov\u00e1bb&#8230;<i class=\"crycon-right-dir\"><\/i><\/a><\/p>\n","protected":false},"author":1,"featured_media":0,"parent":5,"menu_order":150,"comment_status":"closed","ping_status":"closed","template":"","meta":{"footnotes":"","_links_to":"","_links_to_target":""},"class_list":["post-27","page","type-page","status-publish","hentry"],"_links":{"self":[{"href":"http:\/\/vmdok.org.rs\/vajgen\/wp-json\/wp\/v2\/pages\/27","targetHints":{"allow":["GET"]}}],"collection":[{"href":"http:\/\/vmdok.org.rs\/vajgen\/wp-json\/wp\/v2\/pages"}],"about":[{"href":"http:\/\/vmdok.org.rs\/vajgen\/wp-json\/wp\/v2\/types\/page"}],"author":[{"embeddable":true,"href":"http:\/\/vmdok.org.rs\/vajgen\/wp-json\/wp\/v2\/users\/1"}],"replies":[{"embeddable":true,"href":"http:\/\/vmdok.org.rs\/vajgen\/wp-json\/wp\/v2\/comments?post=27"}],"version-history":[{"count":6,"href":"http:\/\/vmdok.org.rs\/vajgen\/wp-json\/wp\/v2\/pages\/27\/revisions"}],"predecessor-version":[{"id":264,"href":"http:\/\/vmdok.org.rs\/vajgen\/wp-json\/wp\/v2\/pages\/27\/revisions\/264"}],"up":[{"embeddable":true,"href":"http:\/\/vmdok.org.rs\/vajgen\/wp-json\/wp\/v2\/pages\/5"}],"wp:attachment":[{"href":"http:\/\/vmdok.org.rs\/vajgen\/wp-json\/wp\/v2\/media?parent=27"}],"curies":[{"name":"wp","href":"https:\/\/api.w.org\/{rel}","templated":true}]}}