{"id":20,"date":"2015-09-20T16:53:27","date_gmt":"2015-09-20T14:53:27","guid":{"rendered":"http:\/\/vmdok.org.rs\/vajgen\/?page_id=20"},"modified":"2015-10-07T23:47:23","modified_gmt":"2015-10-07T21:47:23","slug":"a-reka-n-aniko-r-rita-pillanatfelvetel-a-vajdasagi-magyar-doktoranduszokrol-az-aranymetszes-2013-karpat-medencei-doktorandusz-eletpalya-vizsgalat-tukreben","status":"publish","type":"page","link":"http:\/\/vmdok.org.rs\/vajgen\/kutatasok\/a-reka-n-aniko-r-rita-pillanatfelvetel-a-vajdasagi-magyar-doktoranduszokrol-az-aranymetszes-2013-karpat-medencei-doktorandusz-eletpalya-vizsgalat-tukreben\/","title":{"rendered":"Pillanatfelv\u00e9tel a vajdas\u00e1gi magyar doktoranduszokr\u00f3l"},"content":{"rendered":"<h5 style=\"text-align: center;\" data-wpview-marker=\"http%3A%2F%2Fvmdok.org.rs%2Fvajgen%2Fwp-content%2Fuploads%2F2015%2F09%2F1.pdf\"><b>\u00c1<\/b><b>gyas <\/b><b>R<\/b><b>\u00e9ka <\/b><b>\u2013 N<\/b><b>ov\u00e1k An<\/b><b>ik\u00f3 <\/b><b>\u2013 R<\/b><b>\u00f3zsa <\/b><b>R<\/b><b>ita<\/b><\/h5>\n<h4 style=\"text-align: center;\" data-wpview-marker=\"http%3A%2F%2Fvmdok.org.rs%2Fvajgen%2Fwp-content%2Fuploads%2F2015%2F09%2F1.pdf\"><em><b>Pillanatfelv\u00e9tel a vajdas\u00e1gi magyar doktoranduszokr\u00f3l az\u00a0<\/b><b>Aranymetsz\u00e9s 2013 \u2013 K\u00e1rp\u00e1t-medencei doktorandusz\u00a0<\/b><b>\u00e9letp\u00e1lya-vizsg\u00e1lat t\u00fckr\u00e9ben<\/b><\/em><\/h4>\n<p style=\"text-align: justify;\"><span style=\"color: #000000;\">Az Aranymetsz\u00e9s 2013 \u2013 K\u00e1rp\u00e1t-medencei doktorandusz \u00e9letp\u00e1lya-vizsg\u00e1lat a Magyar Tudom\u00e1nyos Akad\u00e9mia DOMUS programja keret\u00e9ben val\u00f3sult meg magyar nemzetis\u00e9g\u0171 doktoranduszok k\u00f6r\u00e9ben Szlov\u00e1ki\u00e1ban, Ukrajn\u00e1ban, Rom\u00e1ni\u00e1ban \u00e9s Szerbi\u00e1ban a Vajdas\u00e1gi Magyar Doktoranduszok \u00e9s Kutat\u00f3k Szervezete, a Rom\u00e1niai Magyar Doktoranduszok \u00e9s Fiatal Kutat\u00f3k Sz\u00f6vets\u00e9ge, a T\u00e9Ka Szlov\u00e1kiai Magyar Fiatalok Tudom\u00e1nyos \u00e9s Kultur\u00e1lis T\u00e1rsul\u00e1sa, valamint a Momentum Doctorandus K\u00e1rp\u00e1taljai Magyar Doktoranduszok Szervezete egy\u00fcttm\u0171k\u00f6d\u00e9s\u00e9vel. A kutat\u00e1s vezet\u0151i dr. Papp Z. Attila \u00e9s dr. Csata Zsombor voltak. <\/span><br \/>\n<span style=\"color: #000000;\">E hi\u00e1nyp\u00f3tl\u00f3 \u00e9letp\u00e1lya-vizsg\u00e1lat keret\u00e9ben anonim online k\u00e9rd\u0151\u00edvez\u00e9st v\u00e9gezt\u00fcnk 2013 janu\u00e1rja \u00e9s m\u00e1rciusa k\u00f6z\u00f6tt. Az orsz\u00e1gspecifikus k\u00e9rd\u0151\u00edveket \u00f6sszesen 485 f\u0151 t\u00f6lt\u00f6tte ki, ez az ar\u00e1ny ugyan reprezentat\u00edvnak nem tekinthet\u0151, ugyanis becsl\u00e9sek szerint 1000\u20131100 k\u00fclhoni magyar doktorandusz tanul sz\u00fcl\u0151f\u00f6ldj\u00e9n, Magyarorsz\u00e1gon vagy m\u00e1sutt, m\u00e9gis siker\u00fclt k\u00e9pet kapnunk a vizsg\u00e1lt popul\u00e1ci\u00f3i motiv\u00e1ci\u00f3ir\u00f3l, j\u00f6v\u0151terveir\u0151l, helyzet\u00e9r\u0151l.<\/span><\/p>\n<h4 style=\"text-align: center;\"><span style=\"color: #003366;\"><strong><a style=\"color: #003366;\" href=\"http:\/\/vmdok.org.rs\/vajgen\/wp-content\/uploads\/2015\/09\/2.pdf\" target=\"_blank\">Teljes tanulm\u00e1ny let\u00f6lt\u00e9se<\/a><\/strong><\/span><\/h4>\n","protected":false},"excerpt":{"rendered":"<p>\u00c1gyas R\u00e9ka \u2013 Nov\u00e1k Anik\u00f3 \u2013 R\u00f3zsa Rita Pillanatfelv\u00e9tel a vajdas\u00e1gi magyar doktoranduszokr\u00f3l az\u00a0Aranymetsz\u00e9s 2013 \u2013 K\u00e1rp\u00e1t-medencei doktorandusz\u00a0\u00e9letp\u00e1lya-vizsg\u00e1lat t\u00fckr\u00e9ben Az Aranymetsz\u00e9s 2013 \u2013 K\u00e1rp\u00e1t-medencei doktorandusz \u00e9letp\u00e1lya-vizsg\u00e1lat a Magyar Tudom\u00e1nyos Akad\u00e9mia DOMUS programja keret\u00e9ben val\u00f3sult meg magyar nemzetis\u00e9g\u0171 doktoranduszok k\u00f6r\u00e9ben Szlov\u00e1ki\u00e1ban, Ukrajn\u00e1ban, Rom\u00e1ni\u00e1ban \u00e9s Szerbi\u00e1ban a Vajdas\u00e1gi Magyar Doktoranduszok \u00e9s Kutat\u00f3k \u2026<\/p>\n<p class=\"continue-reading-button\"> <a class=\"continue-reading-link\" href=\"http:\/\/vmdok.org.rs\/vajgen\/kutatasok\/a-reka-n-aniko-r-rita-pillanatfelvetel-a-vajdasagi-magyar-doktoranduszokrol-az-aranymetszes-2013-karpat-medencei-doktorandusz-eletpalya-vizsgalat-tukreben\/\">Tov\u00e1bb&#8230;<i class=\"crycon-right-dir\"><\/i><\/a><\/p>\n","protected":false},"author":1,"featured_media":0,"parent":5,"menu_order":130,"comment_status":"closed","ping_status":"closed","template":"","meta":{"footnotes":"","_links_to":"","_links_to_target":""},"class_list":["post-20","page","type-page","status-publish","hentry"],"_links":{"self":[{"href":"http:\/\/vmdok.org.rs\/vajgen\/wp-json\/wp\/v2\/pages\/20","targetHints":{"allow":["GET"]}}],"collection":[{"href":"http:\/\/vmdok.org.rs\/vajgen\/wp-json\/wp\/v2\/pages"}],"about":[{"href":"http:\/\/vmdok.org.rs\/vajgen\/wp-json\/wp\/v2\/types\/page"}],"author":[{"embeddable":true,"href":"http:\/\/vmdok.org.rs\/vajgen\/wp-json\/wp\/v2\/users\/1"}],"replies":[{"embeddable":true,"href":"http:\/\/vmdok.org.rs\/vajgen\/wp-json\/wp\/v2\/comments?post=20"}],"version-history":[{"count":9,"href":"http:\/\/vmdok.org.rs\/vajgen\/wp-json\/wp\/v2\/pages\/20\/revisions"}],"predecessor-version":[{"id":263,"href":"http:\/\/vmdok.org.rs\/vajgen\/wp-json\/wp\/v2\/pages\/20\/revisions\/263"}],"up":[{"embeddable":true,"href":"http:\/\/vmdok.org.rs\/vajgen\/wp-json\/wp\/v2\/pages\/5"}],"wp:attachment":[{"href":"http:\/\/vmdok.org.rs\/vajgen\/wp-json\/wp\/v2\/media?parent=20"}],"curies":[{"name":"wp","href":"https:\/\/api.w.org\/{rel}","templated":true}]}}