{"id":70,"date":"2017-12-27T23:18:45","date_gmt":"2017-12-27T23:18:45","guid":{"rendered":"http:\/\/vmdok.org.rs\/kotet\/?page_id=70"},"modified":"2017-12-27T23:18:45","modified_gmt":"2017-12-27T23:18:45","slug":"a-sorozat-temai","status":"publish","type":"page","link":"http:\/\/vmdok.org.rs\/vajdasag\/a-sorozat-temai\/","title":{"rendered":"A sorozat t\u00e9m\u00e1i"},"content":{"rendered":"<p style=\"text-align: center;\">A sorozat k\u00e9sz\u00fcl\u0151 k\u00f6teteinek t\u00e9m\u00e1i:<\/p>\n<p style=\"text-align: justify;\">1. <strong>Vajdas\u00e1g t\u00e1rsadalmi-gazdas\u00e1gi jellemz\u0151i<\/strong> (Vajdas\u00e1g t\u00f6rt\u00e9nete, demogr\u00e1fiai \u00e9s migr\u00e1ci\u00f3s jellemz\u0151i, mez\u0151gazdas\u00e1g, region\u00e1lis gazdas\u00e1g, nemzetk\u00f6zi politikai kapcsolatok) \u2013 A k\u00f6tet nyomtat\u00e1sban 2017 tavasz\u00e1n jelent meg.<\/p>\n<p style=\"text-align: justify;\">2. <strong>Auton\u00f3mia<\/strong> (ter\u00fcleti auton\u00f3mia, kultur\u00e1lis auton\u00f3mia, a kisebbs\u00e9gek oktat\u00e1spolitikai jellemz\u0151i, nyelvhaszn\u00e1lati jogok, m\u00e9dia- \u00e9s kult\u00farpolitika, gazdas\u00e1gi auton\u00f3mia)\u00a0\u2013 V\u00e1rhat\u00f3 megjelen\u00e9s: 2018 tavasza.<\/p>\n<p style=\"text-align: justify;\">3. <strong>Kult\u00fara<\/strong> (Irodalomt\u00f6rt\u00e9net, egyh\u00e1zt\u00f6rt\u00e9net, sz\u00ednh\u00e1zt\u00f6rt\u00e9net, zenet\u00f6rt\u00e9net, k\u00e9pz\u0151m\u0171v\u00e9szet) \u2013 V\u00e1rhat\u00f3 megjelen\u00e9s: 2019 tavasza.<\/p>\n<p style=\"text-align: justify;\">4. <strong>Vajdas\u00e1g \u00e9p\u00edt\u00e9szete<\/strong> \u2013 V\u00e1rhat\u00f3 megjelen\u00e9s: 2020 tavasza.<\/p>\n","protected":false},"excerpt":{"rendered":"<p>A sorozat k\u00e9sz\u00fcl\u0151 k\u00f6teteinek t\u00e9m\u00e1i: 1. Vajdas\u00e1g t\u00e1rsadalmi-gazdas\u00e1gi jellemz\u0151i (Vajdas\u00e1g t\u00f6rt\u00e9nete, demogr\u00e1fiai \u00e9s migr\u00e1ci\u00f3s jellemz\u0151i, mez\u0151gazdas\u00e1g, region\u00e1lis gazdas\u00e1g, nemzetk\u00f6zi politikai kapcsolatok) \u2013 A k\u00f6tet nyomtat\u00e1sban 2017 tavasz\u00e1n jelent meg. 2. Auton\u00f3mia (ter\u00fcleti auton\u00f3mia, kultur\u00e1lis auton\u00f3mia, a kisebbs\u00e9gek oktat\u00e1spolitikai jellemz\u0151i, nyelvhaszn\u00e1lati jogok, m\u00e9dia- \u00e9s kult\u00farpolitika, gazdas\u00e1gi auton\u00f3mia)\u00a0\u2013 V\u00e1rhat\u00f3 megjelen\u00e9s: 2018 tavasza.\u2026<\/p>\n<p class=\"continue-reading-button\"> <a class=\"continue-reading-link\" href=\"http:\/\/vmdok.org.rs\/vajdasag\/a-sorozat-temai\/\">Tov\u00e1bb&#8230;<i class=\"crycon-right-dir\"><\/i><\/a><\/p>\n","protected":false},"author":1,"featured_media":0,"parent":0,"menu_order":900,"comment_status":"closed","ping_status":"closed","template":"","meta":{"footnotes":"","_links_to":"","_links_to_target":""},"class_list":["post-70","page","type-page","status-publish","hentry"],"_links":{"self":[{"href":"http:\/\/vmdok.org.rs\/vajdasag\/wp-json\/wp\/v2\/pages\/70","targetHints":{"allow":["GET"]}}],"collection":[{"href":"http:\/\/vmdok.org.rs\/vajdasag\/wp-json\/wp\/v2\/pages"}],"about":[{"href":"http:\/\/vmdok.org.rs\/vajdasag\/wp-json\/wp\/v2\/types\/page"}],"author":[{"embeddable":true,"href":"http:\/\/vmdok.org.rs\/vajdasag\/wp-json\/wp\/v2\/users\/1"}],"replies":[{"embeddable":true,"href":"http:\/\/vmdok.org.rs\/vajdasag\/wp-json\/wp\/v2\/comments?post=70"}],"version-history":[{"count":1,"href":"http:\/\/vmdok.org.rs\/vajdasag\/wp-json\/wp\/v2\/pages\/70\/revisions"}],"predecessor-version":[{"id":71,"href":"http:\/\/vmdok.org.rs\/vajdasag\/wp-json\/wp\/v2\/pages\/70\/revisions\/71"}],"wp:attachment":[{"href":"http:\/\/vmdok.org.rs\/vajdasag\/wp-json\/wp\/v2\/media?parent=70"}],"curies":[{"name":"wp","href":"https:\/\/api.w.org\/{rel}","templated":true}]}}