{"id":6,"date":"2017-12-27T20:59:20","date_gmt":"2017-12-27T20:59:20","guid":{"rendered":"http:\/\/vmdok.org.rs\/kotet\/?page_id=6"},"modified":"2017-12-29T09:51:28","modified_gmt":"2017-12-29T09:51:28","slug":"i-kotet","status":"publish","type":"page","link":"http:\/\/vmdok.org.rs\/vajdasag\/i-kotet\/","title":{"rendered":"Vajdas\u00e1g I."},"content":{"rendered":"<h3 style=\"text-align: center;\"><span class=\"fontstyle0\">Vajdas\u00e1g t\u00e1rsadalmi \u00e9s gazdas\u00e1gi jellemz\u0151i<\/span><\/h3>\n<h5 style=\"text-align: center;\"><span class=\"fontstyle0\">El\u0151sz\u00f3<\/span><\/h5>\n<p>&nbsp;<\/p>\n<p style=\"text-align: justify;\"><span class=\"fontstyle2\">A Vajdas\u00e1gi Magyar Doktoranduszok \u00e9s Kutat\u00f3k Szervezet\u00e9nek fontos feladata a vajdas\u00e1gi magyar fatal kutat\u00f3k, doktoranduszok \u00e9s tudom\u00e1nyos\u00a0fokozattal rendelkez\u0151 fatal \u00e9rtelmis\u00e9giek szakmai felk\u00e9sz\u00edt\u00e9s\u00e9nek seg\u00edt\u00e9se,\u00a0tehets\u00e9ggondoz\u00e1sa. A Vajdas\u00e1g-k\u00f6tetsorozat, melynek jelen kiadv\u00e1ny az els\u0151\u00a0k\u00f6tete, ebb\u0151l a szempontb\u00f3l is k\u00fcl\u00f6n\u00f6sen fontos, hiszen lehet\u0151s\u00e9get biztos\u00edt\u00a0a fatalok sz\u00e1m\u00e1ra kutat\u00e1si eredm\u00e9nyeikr\u0151l besz\u00e1molni \u00e9s a t\u00e9m\u00e1ban j\u00e1rtas\u00a0szak\u00e9rt\u0151k\u00e9nt publik\u00e1lni.<\/span><\/p>\n<p style=\"text-align: justify;\"><span class=\"fontstyle2\">A Vajdas\u00e1g mint Szerbi\u00e1n bel\u00fcli r\u00e9gi\u00f3 t\u00e1rsadalomtudom\u00e1nyi \u00e9s region\u00e1lis tudom\u00e1nyi szempontb\u00f3l egyar\u00e1nt l\u00e9nyeges, relev\u00e1ns kutat\u00e1si t\u00e9ma. Jelen k\u00f6tet \u00f6t\u00a0tanulm\u00e1ny\u00e1n kereszt\u00fcl \u00e1tfog\u00f3 elemz\u00e9st kapunk a r\u00e9gi\u00f3 aktu\u00e1lis t\u00e1rsadalmi, gazdas\u00e1gi helyzet\u00e9r\u0151l, a r\u00e9gi\u00f3hoz kapcsol\u00f3d\u00f3 t\u00e1vlatokr\u00f3l, kutat\u00e1si eredm\u00e9nyekr\u0151l.<\/span><\/p>\n<p style=\"text-align: justify;\"><span class=\"fontstyle2\">A Vajdas\u00e1g t\u00f6rt\u00e9nete fejezetben \u00d6rd\u00f6gh Tibor a r\u00e9gi\u00f3t form\u00e1l\u00f3 t\u00f6rt\u00e9nelmi\u00a0er\u0151viszonyokat mutatja be pontosan \u00e9rz\u00e9keltetve a k\u00fcl\u00f6nb\u00f6z\u0151 hatalmi harcokat \u00e9s a ter\u00fclet lakoss\u00e1g\u00e1nak komoly etnikai \u00e9s m\u00e1s jelleg\u0171 v\u00e1ltoz\u00e1sait. A\u00a0demogr\u00e1fai v\u00e1ltoz\u00e1sok (n\u00e9pess\u00e9gmozg\u00e1s, etnikai \u00f6sszet\u00e9tel stb.) Palusek Erik\u00a0\u00e9s Trombit\u00e1s T\u00edmea tanulm\u00e1ny\u00e1ban ker\u00fclnek \u00f6sszegz\u00e9sre. Kov\u00e1cs S\u00e1rk\u00e1ny\u00a0Hajnalka \u00e9s Kov\u00e1cs Vilmos a r\u00e9gi\u00f3 mez\u0151gazdas\u00e1g\u00e1val foglalkozik els\u0151sorban\u00a0a hivatalos statisztikai adatok feldolgoz\u00e1s\u00e1ra hagyatkozva, r\u00e9szletesen bemutatva a mez\u0151gazdas\u00e1gi termel\u00e9s ter\u00fcleti szerkezet\u00e9t, az agr\u00e1rfoglalkoztat\u00e1st, a\u00a0birtok- \u00e9s term\u0151f\u00f6ldstrukt\u00far\u00e1t, a n\u00f6v\u00e9ny- \u00e9s sz\u0151l\u0151termeszt\u00e9s, az erd\u0151gazd\u00e1lkod\u00e1s \u00e9s a hal\u00e1szat jellegzetess\u00e9geit, az \u00e1llatteny\u00e9szt\u00e9st, valamit az agr\u00e1rpolitika jogi \u00e9s t\u00e1rsadalomgazdas\u00e1gi vonatkoz\u00e1sait. Sz\u00fcgyi \u00c9va tanulm\u00e1ny\u00e1ban\u00a0szint\u00e9n kisebb t\u00f6rt\u00e9nelmi kitekint\u00e9st tesz, a region\u00e1lis gazdas\u00e1g \u00e9s a region\u00e1lis\u00a0fejleszt\u00e9sek korszakait elemzi, majd r\u00e9szletesen mutatja be a Vajdas\u00e1g aktu\u00e1lis region\u00e1lis gazdas\u00e1gi helyzet\u00e9t a k\u00f6zs\u00e9gek fejletts\u00e9ge, az iskolai v\u00e9gzetts\u00e9g\u00a0k\u00fcl\u00f6nb\u00f6z\u0151 mutat\u00f3i, az \u00e9p\u00edt\u0151ipar \u00e9s a foglalkoztatotts\u00e1g, valamint a turizmus\u00a0\u00e9s infrastruktur\u00e1lis fejleszt\u00e9sek statisztikai adatai alapj\u00e1n. A fejezetben fontos hangs\u00falyt kap a hat\u00e1ron \u00e1t\u00edvel\u0151 egy\u00fcttm\u0171k\u00f6d\u00e9sek t\u00e9m\u00e1ja, tekintettel arra,\u00a0hogy a r\u00e9gi\u00f3 nemzetk\u00f6zi \u00fajrapozicion\u00e1l\u00e1s\u00e1ban, \u00faj p\u00e9nz\u00fcgyi forr\u00e1sok megszerz\u00e9s\u00e9ben \u00e9s \u00faj region\u00e1lis fejleszt\u00e9sek gener\u00e1l\u00e1sban ez \u00f3ri\u00e1si szerepet j\u00e1tszik.<br \/>\n<\/span><\/p>\n<p style=\"text-align: justify;\"><span class=\"fontstyle2\">R\u00f3zsa Rita ezeket \u2013 a nemzetk\u00f6zi gazdas\u00e1gi kapcsolatok r\u00e9szletes elemz\u00e9s\u00e9n\u00a0kereszt\u00fcl \u2013 k\u00fcl\u00f6n fejezetben mutatja be, hangs\u00falyozva e kapcsolatok fontos\u00a0szerep\u00e9t a r\u00e9gi\u00f3 gazdas\u00e1ga \u00e9s t\u00e1vlatai szempontj\u00e1b\u00f3l.\u00a0<\/span><span class=\"fontstyle2\">A tanulm\u00e1nyk\u00f6tet \u00f6sszess\u00e9g\u00e9ben gazdag\u00edtja a vajdas\u00e1gi magyar nyelven\u00a0publik\u00e1lt irodalmat, a region\u00e1lis tudom\u00e1nyok ter\u00fclet\u00e9n eddig megjelent\u00a0tudom\u00e1nyos k\u00f6zlem\u00e9nyeket. A Vajdas\u00e1g r\u00e9gi\u00f3t legjobban ismer\u0151, helyi vonatkoz\u00e1sokat \u00e9s kapcsolatokat \u00e1pol\u00f3, behat\u00f3 helyi ismeretekkel rendelkez\u0151\u00a0fatalok tanulm\u00e1nyait \u00e9s egy gy\u0171jtem\u00e9nyes k\u00f6tetet kap ezzel k\u00e9zhez a magyar\u00a0\u00e9s vajdas\u00e1gi magyar tudom\u00e1nyos publikum.<br \/>\n<\/span><\/p>\n<p style=\"text-align: right;\"><span class=\"fontstyle2\">Tisztelettel,<br \/>\nDr. Tak\u00e1cs Zolt\u00e1n<\/span><\/p>\n<h4 style=\"text-align: center;\"><a href=\"http:\/\/vmdok.org.rs\/vajdasag\/wp-content\/uploads\/2017\/12\/Teljes-k\u00f6tet-small.pdf\" target=\"_blank\" rel=\"noopener\">A teljes k\u00f6tet let\u00f6lt\u00e9se<\/a><\/h4>\n<p style=\"text-align: center;\"><div class=\"_3d-flip-book  fb3d-fullscreen-mode full-size\" data-id=\"89\" data-mode=\"fullscreen\" data-title=\"false\" data-template=\"short-white-book-view\" data-lightbox=\"dark-shadow\" data-urlparam=\"fb3d-page\" data-page-n=\"0\" data-pdf=\"\" data-tax=\"null\" data-thumbnail=\"\" data-cols=\"3\" data-book-template=\"default\" data-trigger=\"\"><\/div><script type=\"text\/javascript\">window.FB3D_CLIENT_DATA = window.FB3D_CLIENT_DATA || [];FB3D_CLIENT_DATA.push('eyJwb3N0cyI6eyI4OSI6eyJJRCI6ODksInRpdGxlIjoiVmFqZGFzXHUwMGUxZyBJLiIsInR5cGUiOiJwZGYiLCJyZWFkeV9mdW5jdGlvbiI6IiIsImJvb2tfc3R5bGUiOiJ2b2x1bWUiLCJib29rX3RlbXBsYXRlIjoibm9uZSIsIm91dGxpbmUiOltdLCJkYXRhIjp7InBvc3RfSUQiOiIzNiIsImd1aWQiOiJodHRwOlwvXC92bWRvay5vcmcucnNcL3ZhamRhc2FnXC93cC1jb250ZW50XC91cGxvYWRzXC8yMDE3XC8xMlwvVGVsamVzLWtcdTAwZjZ0ZXQtc21hbGwucGRmIiwicGRmX3BhZ2VzIjoiMTU2IiwicGFnZXNfY3VzdG9taXphdGlvbiI6Im5vbmUifSwidGh1bWJuYWlsIjp7ImRhdGEiOnsicG9zdF9JRCI6Ijg0In0sInR5cGUiOiJtZWRpYUltYWdlIn0sInByb3BzIjp7ImhlaWdodCI6ImF1dG8iLCJ3aWR0aCI6ImF1dG8iLCJncmF2aXR5IjoiYXV0byIsImNhY2hlZFBhZ2VzIjoiYXV0byIsInJlbmRlckluYWN0aXZlUGFnZXMiOiJhdXRvIiwicmVuZGVySW5hY3RpdmVQYWdlc09uTW9iaWxlIjoiYXV0byIsInJlbmRlcldoaWxlRmxpcHBpbmciOiJhdXRvIiwicGFnZXNGb3JQcmVkaWN0aW5nIjoiYXV0byIsInByZWxvYWRQYWdlcyI6ImF1dG8iLCJydGwiOiJhdXRvIiwic2hlZXQiOnsic3RhcnRWZWxvY2l0eSI6ImF1dG8iLCJjb3JuZXJEZXZpYXRpb24iOiJhdXRvIiwiZmxleGliaWxpdHkiOiJhdXRvIiwiZmxleGlibGVDb3JuZXIiOiJhdXRvIiwiYmVuZGluZyI6ImF1dG8iLCJ3YXZlIjoiYXV0byIsIndpZHRoVGV4ZWxzIjoiYXV0byIsImhlaWdodFRleGVscyI6ImF1dG8iLCJjb2xvciI6ImF1dG8ifSwiY292ZXIiOnsic3RhcnRWZWxvY2l0eSI6ImF1dG8iLCJmbGV4aWJpbGl0eSI6ImF1dG8iLCJmbGV4aWJsZUNvcm5lciI6ImF1dG8iLCJiZW5kaW5nIjoiYXV0byIsIndhdmUiOiJhdXRvIiwid2lkdGhUZXhlbHMiOiJhdXRvIiwiaGVpZ2h0VGV4ZWxzIjoiYXV0byIsImNvbG9yIjoiYXV0byIsImJpbmRlclRleHR1cmUiOiJhdXRvIiwiZGVwdGgiOiJhdXRvIiwicGFkZGluZyI6ImF1dG8iLCJtYXNzIjoiYXV0byJ9LCJwYWdlIjp7InN0YXJ0VmVsb2NpdHkiOiJhdXRvIiwiZmxleGliaWxpdHkiOiJhdXRvIiwiZmxleGlibGVDb3JuZXIiOiJhdXRvIiwiYmVuZGluZyI6ImF1dG8iLCJ3YXZlIjoiYXV0byIsIndpZHRoVGV4ZWxzIjoiYXV0byIsImhlaWdodFRleGVscyI6ImF1dG8iLCJjb2xvciI6ImF1dG8iLCJkZXB0aCI6ImF1dG8iLCJtYXNzIjoiYXV0byJ9fSwiY29udHJvbFByb3BzIjp7ImFjdGlvbnMiOnsiY21kU2F2ZSI6eyJlbmFibGVkIjoiYXV0byJ9LCJjbWRQcmludCI6eyJlbmFibGVkIjoiYXV0byJ9LCJjbWRTaW5nbGVQYWdlIjp7ImVuYWJsZWQiOiJhdXRvIiwiYWN0aXZlIjoiYXV0byJ9fX0sImF1dG9UaHVtYm5haWwiOm51bGwsInBvc3RfbmFtZSI6InZhamRhc2FnLWkiLCJwb3N0X3R5cGUiOiIzZC1mbGlwLWJvb2sifX0sInBhZ2VzIjpbXSwiZmlyc3RQYWdlcyI6W119');window.FB3D_CLIENT_LOCALE && FB3D_CLIENT_LOCALE.render && FB3D_CLIENT_LOCALE.render();<\/script><\/p>\n","protected":false},"excerpt":{"rendered":"<p>Vajdas\u00e1g t\u00e1rsadalmi \u00e9s gazdas\u00e1gi jellemz\u0151i El\u0151sz\u00f3 &nbsp; A Vajdas\u00e1gi Magyar Doktoranduszok \u00e9s Kutat\u00f3k Szervezet\u00e9nek fontos feladata a vajdas\u00e1gi magyar fatal kutat\u00f3k, doktoranduszok \u00e9s tudom\u00e1nyos\u00a0fokozattal rendelkez\u0151 fatal \u00e9rtelmis\u00e9giek szakmai felk\u00e9sz\u00edt\u00e9s\u00e9nek seg\u00edt\u00e9se,\u00a0tehets\u00e9ggondoz\u00e1sa. A Vajdas\u00e1g-k\u00f6tetsorozat, melynek jelen kiadv\u00e1ny az els\u0151\u00a0k\u00f6tete, ebb\u0151l a szempontb\u00f3l is k\u00fcl\u00f6n\u00f6sen fontos, hiszen lehet\u0151s\u00e9get biztos\u00edt\u00a0a fatalok sz\u00e1m\u00e1ra kutat\u00e1si eredm\u00e9nyeikr\u0151l\u2026<\/p>\n<p class=\"continue-reading-button\"> <a class=\"continue-reading-link\" href=\"http:\/\/vmdok.org.rs\/vajdasag\/i-kotet\/\">Tov\u00e1bb&#8230;<i class=\"crycon-right-dir\"><\/i><\/a><\/p>\n","protected":false},"author":1,"featured_media":0,"parent":0,"menu_order":100,"comment_status":"closed","ping_status":"closed","template":"","meta":{"footnotes":"","_links_to":"","_links_to_target":""},"class_list":["post-6","page","type-page","status-publish","hentry"],"_links":{"self":[{"href":"http:\/\/vmdok.org.rs\/vajdasag\/wp-json\/wp\/v2\/pages\/6","targetHints":{"allow":["GET"]}}],"collection":[{"href":"http:\/\/vmdok.org.rs\/vajdasag\/wp-json\/wp\/v2\/pages"}],"about":[{"href":"http:\/\/vmdok.org.rs\/vajdasag\/wp-json\/wp\/v2\/types\/page"}],"author":[{"embeddable":true,"href":"http:\/\/vmdok.org.rs\/vajdasag\/wp-json\/wp\/v2\/users\/1"}],"replies":[{"embeddable":true,"href":"http:\/\/vmdok.org.rs\/vajdasag\/wp-json\/wp\/v2\/comments?post=6"}],"version-history":[{"count":10,"href":"http:\/\/vmdok.org.rs\/vajdasag\/wp-json\/wp\/v2\/pages\/6\/revisions"}],"predecessor-version":[{"id":92,"href":"http:\/\/vmdok.org.rs\/vajdasag\/wp-json\/wp\/v2\/pages\/6\/revisions\/92"}],"wp:attachment":[{"href":"http:\/\/vmdok.org.rs\/vajdasag\/wp-json\/wp\/v2\/media?parent=6"}],"curies":[{"name":"wp","href":"https:\/\/api.w.org\/{rel}","templated":true}]}}