{"id":33,"date":"2017-12-27T22:19:50","date_gmt":"2017-12-27T22:19:50","guid":{"rendered":"http:\/\/vmdok.org.rs\/kotet\/?page_id=33"},"modified":"2017-12-28T11:25:20","modified_gmt":"2017-12-28T11:25:20","slug":"a-kotet-szerzoi","status":"publish","type":"page","link":"http:\/\/vmdok.org.rs\/vajdasag\/i-kotet\/a-kotet-szerzoi\/","title":{"rendered":"A k\u00f6tet szerz\u0151i"},"content":{"rendered":"<p style=\"text-align: center;\"><strong>Kov\u00e1cs S\u00e1rk\u00e1ny Hajnalka, Ph.D.<\/strong> (1973)<\/p>\n<p style=\"text-align: center;\">Igazgat\u00f3. European-cert d.o.o., Iskolai v\u00e9gzetts\u00e9g: \u00e9lelmiszertechnol\u00f3gus m\u00e9rn\u00f6k (SZTE, 2007), okleveles \u00e9lelmiszerm\u00e9rn\u00f6k (SZTE, 2010), \u00e9lelmiszertudom\u00e1nyok doktora (DE, 2015).<\/p>\n<p style=\"text-align: center;\">\n<p style=\"text-align: center;\"><strong>Kov\u00e1cs Vilmos, Ph.D.<\/strong> (1972)<\/p>\n<p style=\"text-align: center;\">Menedzser. European-cert d.o.o., Iskolai v\u00e9gzetts\u00e9g: V\u00e1llalkoz\u00f3-menedzser m\u00e9rn\u00f6k (SZTE, 2007), \u00e9lelmiszerbiztons\u00e1gi szakm\u00e9rn\u00f6k (BCE, 2009), okleveles \u00e9lelmiszerm\u00e9rn\u00f6k (SZTE, 2010), \u00e9lelmiszertudom\u00e1nyok doktora (DE, 2016).<\/p>\n<p style=\"text-align: center;\">\n<p style=\"text-align: center;\"><strong>\u00d6rd\u00f6gh Tibor, Ph.D.<\/strong> (1985)<\/p>\n<p style=\"text-align: center;\">Egyetemi adjunktus, Nemzeti K\u00f6zszolg\u00e1lati Egyetem, Nemzetk\u00f6zi \u00e9s Eur\u00f3pai Tanulm\u00e1nyok Kar, Eur\u00f3pa-tanulm\u00e1nyok Tansz\u00e9k. Kutat\u00e1svezet\u0151, Eur\u00f3paiz\u00e1ci\u00f3 a Balk\u00e1non Ludovika Kutat\u00f3csoport (2016-). Iskolai v\u00e9gzetts\u00e9g: okleveles politol\u00f3gus (ELTE, 2010), okleveles nemzetk\u00f6zi kapcsolatok elemz\u0151 (BCE, 2012), politikatudom\u00e1nyok doktora (ELTE, 2014).<\/p>\n<p style=\"text-align: center;\">\n<p style=\"text-align: center;\"><strong>Palusek Erik <\/strong>(1984)<\/p>\n<p style=\"text-align: center;\">PhD-hallgat\u00f3, E\u00f6tv\u00f6s Lor\u00e1nd Tudom\u00e1nyegyetem, T\u00e1rsadalomtudom\u00e1nyi Kar, Szociol\u00f3gia Doktori Iskola, Budapest. Iskolai v\u00e9gzetts\u00e9g: okleveles szociol\u00f3gus (\u00dajvid\u00e9ki Egyetem, B\u00f6lcs\u00e9szettudom\u00e1nyi Kar, Szociol\u00f3gia Tansz\u00e9k 2011), mester szociol\u00f3gus (\u00dajvid\u00e9ki Egyetem, B\u00f6lcs\u00e9szettudom\u00e1nyi Kar, Szociol\u00f3gia Tansz\u00e9k 2013).<\/p>\n<p style=\"text-align: center;\">\n<p style=\"text-align: center;\"><strong>R\u00f3zsa Rita<\/strong> (1984)<\/p>\n<p style=\"text-align: center;\">PhD-hallgat\u00f3. Iskolai v\u00e9gzetts\u00e9g: m\u0171vel\u0151d\u00e9sszerz\u0151 (SZTE JGYFK, 2008), okleveles andrag\u00f3gus (PTE FEEK, 2011), balkanisztika \u2013 szakir\u00e1ny\u00fa tov\u00e1bbk\u00e9pz\u00e9si szak (PTE TTK, 2012) politikatudom\u00e1nyi doktori program (PTE BTK, jelenleg is).<\/p>\n<p style=\"text-align: center;\">\n<p style=\"text-align: center;\"><strong>Sz\u00fcgyi \u00c9va<\/strong> (1982)<\/p>\n<p style=\"text-align: center;\">Doktorjel\u00f6lt; iskolai v\u00e9gzetts\u00e9g: okleveles k\u00f6zgazd\u00e1sz (\u00dajvid\u00e9ki Egyetem, K\u00f6zgazdas\u00e1gi Kar Szabadka, 2008), doktorjel\u00f6lt (Region\u00e1lis Politika \u00e9s Gazdas\u00e1gtan Doktori Iskola).<\/p>\n<p style=\"text-align: center;\"><strong>\u00a0<\/strong><\/p>\n<p style=\"text-align: center;\"><strong>Trombit\u00e1s T\u00edmea <\/strong>(1987)<\/p>\n<p style=\"text-align: center;\">PhD-hallgat\u00f3, Szegedi Tudom\u00e1nyegyetem, F\u00f6ldtudom\u00e1nyok Doktori Iskola (T\u00e1rsadalmi-gazdas\u00e1gi folyamatok t\u00e9rbeli megjelen\u00e9si form\u00e1i \u00e9s v\u00e1ltoz\u00e1sai alprogram). Iskolai v\u00e9gzetts\u00e9g: okleveles geogr\u00e1fus (2011), ter\u00fclet- \u00e9s telep\u00fcl\u00e9sfejleszt\u0151 szakir\u00e1ny (Szegedi Tudom\u00e1nyegyetem, Term\u00e9szettudom\u00e1nyi \u00e9s Informatikai Kar, Gazdas\u00e1g- \u00e9s T\u00e1rsadalomf\u00f6ldrajz Tansz\u00e9k).<\/p>\n","protected":false},"excerpt":{"rendered":"<p>Kov\u00e1cs S\u00e1rk\u00e1ny Hajnalka, Ph.D. (1973) Igazgat\u00f3. European-cert d.o.o., Iskolai v\u00e9gzetts\u00e9g: \u00e9lelmiszertechnol\u00f3gus m\u00e9rn\u00f6k (SZTE, 2007), okleveles \u00e9lelmiszerm\u00e9rn\u00f6k (SZTE, 2010), \u00e9lelmiszertudom\u00e1nyok doktora (DE, 2015). Kov\u00e1cs Vilmos, Ph.D. (1972) Menedzser. European-cert d.o.o., Iskolai v\u00e9gzetts\u00e9g: V\u00e1llalkoz\u00f3-menedzser m\u00e9rn\u00f6k (SZTE, 2007), \u00e9lelmiszerbiztons\u00e1gi szakm\u00e9rn\u00f6k (BCE, 2009), okleveles \u00e9lelmiszerm\u00e9rn\u00f6k (SZTE, 2010), \u00e9lelmiszertudom\u00e1nyok doktora (DE, 2016). \u00d6rd\u00f6gh Tibor, Ph.D.\u2026<\/p>\n<p class=\"continue-reading-button\"> <a class=\"continue-reading-link\" href=\"http:\/\/vmdok.org.rs\/vajdasag\/i-kotet\/a-kotet-szerzoi\/\">Tov\u00e1bb&#8230;<i class=\"crycon-right-dir\"><\/i><\/a><\/p>\n","protected":false},"author":1,"featured_media":0,"parent":6,"menu_order":160,"comment_status":"closed","ping_status":"closed","template":"","meta":{"footnotes":"","_links_to":"","_links_to_target":""},"class_list":["post-33","page","type-page","status-publish","hentry"],"_links":{"self":[{"href":"http:\/\/vmdok.org.rs\/vajdasag\/wp-json\/wp\/v2\/pages\/33","targetHints":{"allow":["GET"]}}],"collection":[{"href":"http:\/\/vmdok.org.rs\/vajdasag\/wp-json\/wp\/v2\/pages"}],"about":[{"href":"http:\/\/vmdok.org.rs\/vajdasag\/wp-json\/wp\/v2\/types\/page"}],"author":[{"embeddable":true,"href":"http:\/\/vmdok.org.rs\/vajdasag\/wp-json\/wp\/v2\/users\/1"}],"replies":[{"embeddable":true,"href":"http:\/\/vmdok.org.rs\/vajdasag\/wp-json\/wp\/v2\/comments?post=33"}],"version-history":[{"count":3,"href":"http:\/\/vmdok.org.rs\/vajdasag\/wp-json\/wp\/v2\/pages\/33\/revisions"}],"predecessor-version":[{"id":79,"href":"http:\/\/vmdok.org.rs\/vajdasag\/wp-json\/wp\/v2\/pages\/33\/revisions\/79"}],"up":[{"embeddable":true,"href":"http:\/\/vmdok.org.rs\/vajdasag\/wp-json\/wp\/v2\/pages\/6"}],"wp:attachment":[{"href":"http:\/\/vmdok.org.rs\/vajdasag\/wp-json\/wp\/v2\/media?parent=33"}],"curies":[{"name":"wp","href":"https:\/\/api.w.org\/{rel}","templated":true}]}}