{"id":278,"date":"2024-05-30T21:54:32","date_gmt":"2024-05-30T21:54:32","guid":{"rendered":"http:\/\/vmdok.org.rs\/vajdasag\/?page_id=278"},"modified":"2024-05-30T21:55:40","modified_gmt":"2024-05-30T21:55:40","slug":"vajdasag-v","status":"publish","type":"page","link":"http:\/\/vmdok.org.rs\/vajdasag\/vajdasag-v\/","title":{"rendered":"Vajdas\u00e1g V."},"content":{"rendered":"\t\t<div data-elementor-type=\"wp-page\" data-elementor-id=\"278\" class=\"elementor elementor-278\">\n\t\t\t\t\t\t<section class=\"elementor-section elementor-top-section elementor-element elementor-element-554da737 elementor-section-boxed elementor-section-height-default elementor-section-height-default\" data-id=\"554da737\" data-element_type=\"section\">\n\t\t\t\t\t\t<div class=\"elementor-container elementor-column-gap-default\">\n\t\t\t\t\t<div class=\"elementor-column elementor-col-100 elementor-top-column elementor-element elementor-element-1fa383b9\" data-id=\"1fa383b9\" data-element_type=\"column\">\n\t\t\t<div class=\"elementor-widget-wrap elementor-element-populated\">\n\t\t\t\t\t\t<div class=\"elementor-element elementor-element-35064170 elementor-invisible elementor-widget elementor-widget-heading\" data-id=\"35064170\" data-element_type=\"widget\" data-settings=\"{&quot;_animation&quot;:&quot;fadeInDown&quot;}\" data-widget_type=\"heading.default\">\n\t\t\t\t<div class=\"elementor-widget-container\">\n\t\t\t\t\t<h4 class=\"elementor-heading-title elementor-size-default\">Vajdas\u00e1g \u00e9p\u00edt\u00e9szete<\/h4>\t\t\t\t<\/div>\n\t\t\t\t<\/div>\n\t\t\t\t\t<\/div>\n\t\t<\/div>\n\t\t\t\t\t<\/div>\n\t\t<\/section>\n\t\t\t\t<section class=\"elementor-section elementor-top-section elementor-element elementor-element-45a6b179 elementor-section-boxed elementor-section-height-default elementor-section-height-default\" data-id=\"45a6b179\" data-element_type=\"section\">\n\t\t\t\t\t\t<div class=\"elementor-container elementor-column-gap-default\">\n\t\t\t\t\t<div class=\"elementor-column elementor-col-100 elementor-top-column elementor-element elementor-element-691a2a97\" data-id=\"691a2a97\" data-element_type=\"column\">\n\t\t\t<div class=\"elementor-widget-wrap elementor-element-populated\">\n\t\t\t\t\t\t<div class=\"elementor-element elementor-element-595e5ff1 elementor-invisible elementor-widget elementor-widget-text-editor\" data-id=\"595e5ff1\" data-element_type=\"widget\" data-settings=\"{&quot;_animation&quot;:&quot;fadeInDown&quot;}\" data-widget_type=\"text-editor.default\">\n\t\t\t\t<div class=\"elementor-widget-container\">\n\t\t\t\t\t\t\t\t\t<p style=\"text-align: center;\"><strong>El\u0151sz\u00f3<\/strong><\/p>\t\t\t\t\t\t\t\t<\/div>\n\t\t\t\t<\/div>\n\t\t\t\t\t<\/div>\n\t\t<\/div>\n\t\t\t\t\t<\/div>\n\t\t<\/section>\n\t\t\t\t<section class=\"elementor-section elementor-top-section elementor-element elementor-element-6c6d68e2 elementor-section-boxed elementor-section-height-default elementor-section-height-default\" data-id=\"6c6d68e2\" data-element_type=\"section\">\n\t\t\t\t\t\t<div class=\"elementor-container elementor-column-gap-default\">\n\t\t\t\t\t<div class=\"elementor-column elementor-col-100 elementor-top-column elementor-element elementor-element-60ada2a\" data-id=\"60ada2a\" data-element_type=\"column\">\n\t\t\t<div class=\"elementor-widget-wrap elementor-element-populated\">\n\t\t\t\t\t\t<div class=\"elementor-element elementor-element-59398b2 elementor-invisible elementor-widget elementor-widget-text-editor\" data-id=\"59398b2\" data-element_type=\"widget\" data-settings=\"{&quot;_animation&quot;:&quot;fadeInDown&quot;}\" data-widget_type=\"text-editor.default\">\n\t\t\t\t<div class=\"elementor-widget-container\">\n\t\t\t\t\t\t\t\t\t<p><span class=\"fontstyle0\">A Vajdas\u00e1g \u00e9p\u00edt\u00e9szet\u00e9nek feldolgoz\u00e1s\u00e1n\u00e1l a kutat\u00f3 szinte azonnal bele\u00fctk\u00f6zik abba a probl\u00e9m\u00e1ba, hogy a mai Vajdas\u00e1g Auton\u00f3m Tartom\u00e1ny ter\u00fclete a t\u00f6rt\u00e9nelem sor\u00e1n j\u00f3form\u00e1n sohasem k\u00e9pezett egyetlen egys\u00e9get. A Duna \u00e9s a Tisza k\u00f6z\u00e9 es\u0151 B\u00e1cska \u00e1tny\u00falik a mai Magyarorsz\u00e1gra, a Tisz\u00e1t\u00f3l keletre es\u0151 B\u00e1n\u00e1t jelent\u0151s r\u00e9sze \u00e9s egykori k\u00f6zpontja, Temesv\u00e1r ma Rom\u00e1ni\u00e1hoz tartozik, a Dun\u00e1t\u00f3l d\u00e9lre es\u0151 Szer\u00e9ms\u00e9g pedig, b\u00e1r a Magyar Kir\u00e1lys\u00e1g r\u00e9sze volt, a t\u00f6rt\u00e9nelem nagy r\u00e9sz\u00e9ben nem tartozott a szoros \u00e9rtelemben vett Magyarorsz\u00e1ghoz \u2013 Horv\u00e1t-Szlav\u00f3norsz\u00e1ghoz sorolt\u00e1k, k\u00f6zponti telep\u00fcl\u00e9sei ma is Horv\u00e1torsz\u00e1ghoz tartoznak \u2013, \u00edgy az orsz\u00e1ggal foglalkoz\u00f3 t\u00f6rt\u00e9neti statisztikai, t\u00f6rt\u00e9neti f\u00f6ldrajzi munk\u00e1k nagy r\u00e9sze nem is foglalkozik vele.<\/span><\/p>\t\t\t\t\t\t\t\t<\/div>\n\t\t\t\t<\/div>\n\t\t\t\t\t<\/div>\n\t\t<\/div>\n\t\t\t\t\t<\/div>\n\t\t<\/section>\n\t\t\t\t<section class=\"elementor-section elementor-top-section elementor-element elementor-element-1ecdd7f elementor-section-boxed elementor-section-height-default elementor-section-height-default\" data-id=\"1ecdd7f\" data-element_type=\"section\">\n\t\t\t\t\t\t<div class=\"elementor-container elementor-column-gap-default\">\n\t\t\t\t\t<div class=\"elementor-column elementor-col-100 elementor-top-column elementor-element elementor-element-b26e3e7\" data-id=\"b26e3e7\" data-element_type=\"column\">\n\t\t\t<div class=\"elementor-widget-wrap elementor-element-populated\">\n\t\t\t\t\t\t<div class=\"elementor-element elementor-element-66c8b7e9 elementor-invisible elementor-widget elementor-widget-text-editor\" data-id=\"66c8b7e9\" data-element_type=\"widget\" data-settings=\"{&quot;_animation&quot;:&quot;fadeInDown&quot;}\" data-widget_type=\"text-editor.default\">\n\t\t\t\t<div class=\"elementor-widget-container\">\n\t\t\t\t\t\t\t\t\t<p><span class=\"fontstyle0\">A vizsg\u00e1lt ter\u00fclet az elm\u00falt k\u00e9t \u00e9vezred sor\u00e1n szinte folyamatosan hat\u00e1rter\u00fclet volt, az azonban folyamatosan v\u00e1ltozott, hogy milyen orsz\u00e1g, illetve birodalom hat\u00e1rter\u00fclete. Ezeket a v\u00e1ltoz\u00e1sokat k\u00f6vette a telep\u00fcl\u00e9sh\u00e1l\u00f3zat v\u00e1ltoz\u00e1sa is. Az orsz\u00e1gos tendenci\u00e1k itt vagy feler\u0151s\u00edtve jelentkeztek, vagy bizonyos korszakokban a ter\u00fclet saj\u00e1tos k\u00fcl\u00f6n\u00e1ll\u00e1s\u00e1nak k\u00f6vetkezm\u00e9nyek\u00e9ppen nem is jelentkeztek. Egykor fontos telep\u00fcl\u00e9sek s\u00fcllyedtek jelent\u00e9ktelens\u00e9gbe (\u00e9s t\u0171ntek el), m\u00e1s telep\u00fcl\u00e9sek pedig szinte a semmib\u0151l v\u00e1ltak jelent\u0151ss\u00e9. Ezeknek a v\u00e1ltoz\u00e1soknak a manifeszt\u00e1ci\u00f3ja az \u00e9p\u00edt\u00e9szet maga, a k\u00f6tetben p\u00e9ldak\u00e9nt bemutatott \u00e9p\u00fcletek \u00edgy t\u00falmutatnak \u00f6nmagukon.<\/span> <\/p>\t\t\t\t\t\t\t\t<\/div>\n\t\t\t\t<\/div>\n\t\t\t\t\t<\/div>\n\t\t<\/div>\n\t\t\t\t\t<\/div>\n\t\t<\/section>\n\t\t\t\t<section class=\"elementor-section elementor-top-section elementor-element elementor-element-4a492307 elementor-section-boxed elementor-section-height-default elementor-section-height-default\" data-id=\"4a492307\" data-element_type=\"section\">\n\t\t\t\t\t\t<div class=\"elementor-container elementor-column-gap-default\">\n\t\t\t\t\t<div class=\"elementor-column elementor-col-100 elementor-top-column elementor-element elementor-element-69d1d7a4\" data-id=\"69d1d7a4\" data-element_type=\"column\">\n\t\t\t<div class=\"elementor-widget-wrap elementor-element-populated\">\n\t\t\t\t\t\t<div class=\"elementor-element elementor-element-5961b656 elementor-invisible elementor-widget elementor-widget-text-editor\" data-id=\"5961b656\" data-element_type=\"widget\" data-settings=\"{&quot;_animation&quot;:&quot;fadeInDown&quot;}\" data-widget_type=\"text-editor.default\">\n\t\t\t\t<div class=\"elementor-widget-container\">\n\t\t\t\t\t\t\t\t\t<p><span class=\"fontstyle0\">A ter\u00fclet \u00e9p\u00edt\u00e9szet\u00e9t ennek megfelel\u0151en az egyes korszakokon bel\u00fcl kiv\u00e1lasztott, f\u00f3kuszpontokk\u00e9nt haszn\u00e1lt eml\u00e9keken kereszt\u00fcl mutatjuk be. Mint minden \u00e1ttekint\u0151 jelleg\u0171 m\u0171n\u00e9l, jelen k\u00f6tetn\u00e9l is er\u0151teljesen szelekt\u00e1lni kellett a bemutatand\u00f3 eml\u00e9kek kiv\u00e1laszt\u00e1sa sor\u00e1n. Els\u0151dleges szempont volt, hogy olyan \u00e9p\u00fcleteket t\u00e1rgyaljunk, amelyek (legal\u00e1bb r\u00e9szben) ma is \u00e1llnak, \u00e9s az adott korszakra jellemz\u0151 form\u00e1jukat (legal\u00e1bb r\u00e9szben) ma is \u0151rzik. Szint\u00e9n fontos szempont volt egyr\u00e9szt a bemutatand\u00f3 eml\u00e9- kek tipikuss\u00e1ga, m\u00e1sr\u00e9szt pedig egyedis\u00e9ge. A kett\u0151 csak l\u00e1tsz\u00f3lag z\u00e1rja ki egym\u00e1st. Ebb\u0151l a szempontb\u00f3l a \u201etipikus\u201d eml\u00e9kek azok, amelyeken egy adott korszak jellemz\u0151i bemutathat\u00f3k, \u00edgy a kiv\u00e1- lasztott eml\u00e9kr\u0151l elmondottak t\u00f6bb\u00e9-kev\u00e9sb\u00e9 igazak a t\u00f6bbi, hasonl\u00f3 kor\u00fa \u00e9s azonos funkci\u00f3j\u00fa \u00e9p\u00fcletre is. Az \u201eegyedi\u201d eml\u00e9kek pedig azok a kiemelked\u0151 \u00e9p\u00fcletek, melyek jelent\u0151s\u00e9ge t\u00falmutat a Vajdas\u00e1g hat\u00e1rain (ilyen p\u00e9ld\u00e1ul az aracsi templom, a verseci pl\u00e9b\u00e1niatemplom vagy a szabadkai zsinag\u00f3ga). Ezeket a t\u00f6bbin\u00e9l r\u00e9szletesebben t\u00e1rgyaltuk.\u00a0<\/span><\/p>\t\t\t\t\t\t\t\t<\/div>\n\t\t\t\t<\/div>\n\t\t\t\t\t<\/div>\n\t\t<\/div>\n\t\t\t\t\t<\/div>\n\t\t<\/section>\n\t\t\t\t<section class=\"elementor-section elementor-top-section elementor-element elementor-element-f2a5d75 elementor-section-boxed elementor-section-height-default elementor-section-height-default\" data-id=\"f2a5d75\" data-element_type=\"section\">\n\t\t\t\t\t\t<div class=\"elementor-container elementor-column-gap-default\">\n\t\t\t\t\t<div class=\"elementor-column elementor-col-100 elementor-top-column elementor-element elementor-element-25507c2\" data-id=\"25507c2\" data-element_type=\"column\">\n\t\t\t<div class=\"elementor-widget-wrap elementor-element-populated\">\n\t\t\t\t\t\t<div class=\"elementor-element elementor-element-d6f75a0 elementor-invisible elementor-widget elementor-widget-text-editor\" data-id=\"d6f75a0\" data-element_type=\"widget\" data-settings=\"{&quot;_animation&quot;:&quot;fadeInDown&quot;}\" data-widget_type=\"text-editor.default\">\n\t\t\t\t<div class=\"elementor-widget-container\">\n\t\t\t\t\t\t\t\t\t<p><span class=\"fontstyle0\">Az \u00e9p\u00fcletek meghat\u00e1roz\u00f3 rendeltet\u00e9se korszakr\u00f3l korszakra v\u00e1ltozott, \u00edgy az egyes korszakok bemutatott \u00e9p\u00fcletei m\u00e1s-m\u00e1s funkci\u00f3t t\u00f6lt\u00f6ttek be (v\u00e1rak, templomok, k\u00f6z- \u00e9s lak\u00f3\u00e9p\u00fcletek, ipari \u00e9p\u00fcletek). A k\u00f6tet nem t\u00f6rekszik, nem t\u00f6rekedhet teljess\u00e9gre: nem a Vajdas\u00e1g \u00e9p\u00edt\u00e9szeti \u00e9rt\u00e9keinek lelt\u00e1ra (ehhez egy eg\u00e9sz sorozat vaskos k\u00f6tetre lenne sz\u00fcks\u00e9g), hanem az \u00e9p\u00edt\u00e9szetet mint a t\u00f6rt\u00e9nelem lenyomat\u00e1t pr\u00f3b\u00e1lja megragadni, el\u0151zetes t\u00f6rt\u00e9neti f\u00f6ldrajzi kutat\u00e1sokra alapozva, intenz\u00edv terepmunk\u00e1n kereszt\u00fcl, felv\u00e1llalva, hogy nem tud minden egyes jelent\u0151s \u00e9p\u00fcletet bemutatni.<\/span> <\/p>\t\t\t\t\t\t\t\t<\/div>\n\t\t\t\t<\/div>\n\t\t\t\t\t<\/div>\n\t\t<\/div>\n\t\t\t\t\t<\/div>\n\t\t<\/section>\n\t\t\t\t<section class=\"elementor-section elementor-top-section elementor-element elementor-element-6d4201f elementor-section-boxed elementor-section-height-default elementor-section-height-default\" data-id=\"6d4201f\" data-element_type=\"section\">\n\t\t\t\t\t\t<div class=\"elementor-container elementor-column-gap-default\">\n\t\t\t\t\t<div class=\"elementor-column elementor-col-100 elementor-top-column elementor-element elementor-element-d8d6afe\" data-id=\"d8d6afe\" data-element_type=\"column\">\n\t\t\t<div class=\"elementor-widget-wrap elementor-element-populated\">\n\t\t\t\t\t\t<div class=\"elementor-element elementor-element-21af712 elementor-invisible elementor-widget elementor-widget-text-editor\" data-id=\"21af712\" data-element_type=\"widget\" data-settings=\"{&quot;_animation&quot;:&quot;fadeInDown&quot;}\" data-widget_type=\"text-editor.default\">\n\t\t\t\t<div class=\"elementor-widget-container\">\n\t\t\t\t\t\t\t\t\t<p><span class=\"fontstyle0\">A t\u00e9ma t\u00e1rgyal\u00e1s\u00e1hoz \u00fagynevezett horizont\u00e1lis megk\u00f6zel\u00edt\u00e9st alkalmaztunk. Az \u00e9p\u00edt\u00e9szetet nem az egyes \u00e9p\u00fcletek fel\u0151l k\u00f6zel\u00edtj\u00fck, hanem az egyes \u00e9p\u00fcleteket az adott korszak t\u00f6rt\u00e9nelm\u00e9- nek-t\u00e1rsadalm\u00e1nak, az adott korszakban megl\u00e9v\u0151 telep\u00fcl\u00e9sh\u00e1l\u00f3- zat, telep\u00fcl\u00e9shierarchia lenyomat\u00e1nak tekintj\u00fck.<\/span> <\/p>\t\t\t\t\t\t\t\t<\/div>\n\t\t\t\t<\/div>\n\t\t\t\t\t<\/div>\n\t\t<\/div>\n\t\t\t\t\t<\/div>\n\t\t<\/section>\n\t\t\t\t<section class=\"elementor-section elementor-top-section elementor-element elementor-element-8186a91 elementor-section-boxed elementor-section-height-default elementor-section-height-default\" data-id=\"8186a91\" data-element_type=\"section\">\n\t\t\t\t\t\t<div class=\"elementor-container elementor-column-gap-default\">\n\t\t\t\t\t<div class=\"elementor-column elementor-col-100 elementor-top-column elementor-element elementor-element-fe2f3ea\" data-id=\"fe2f3ea\" data-element_type=\"column\">\n\t\t\t<div class=\"elementor-widget-wrap elementor-element-populated\">\n\t\t\t\t\t\t<div class=\"elementor-element elementor-element-e841c52 elementor-invisible elementor-widget elementor-widget-text-editor\" data-id=\"e841c52\" data-element_type=\"widget\" data-settings=\"{&quot;_animation&quot;:&quot;fadeInDown&quot;}\" data-widget_type=\"text-editor.default\">\n\t\t\t\t<div class=\"elementor-widget-container\">\n\t\t\t\t\t\t\t\t\t<p><span class=\"fontstyle0\">A ter\u00fclet saj\u00e1tos t\u00f6rt\u00e9nelmi fejl\u0151d\u00e9se miatt nem az \u00e9p\u00edt\u00e9szett\u00f6rt\u00e9net szok\u00e1sos, st\u00edlusok szerinti korszakol\u00e1s\u00e1t haszn\u00e1ltuk, hanem olyan korszakhat\u00e1rokat \u00e1ll\u00edtottunk fel, amelyek a telep\u00fcl\u00e9sfejl\u0151d\u00e9s szempontj\u00e1b\u00f3l fontosak. Ennek megfelel\u0151en az al\u00e1bbi korszakol\u00e1st haszn\u00e1ltuk:<\/span><\/p><p><span class=\"fontstyle0\">0. R\u00f3mai Birodalom<\/span><\/p><p><span class=\"fontstyle0\">1. Az \u00e1llamalap\u00edt\u00e1st\u00f3l P\u00e9terv\u00e1rad elest\u00e9ig<\/span><\/p><p><span class=\"fontstyle0\">2. A h\u00f3dolts\u00e1g ideje<\/span><\/p><p><span class=\"fontstyle0\">3. A karl\u00f3cai b\u00e9k\u00e9t\u0151l a kiegyez\u00e9sig<\/span><\/p><p><span class=\"fontstyle0\">4. A kiegyez\u00e9st\u0151l 1918-ig<\/span><\/p><p><span class=\"fontstyle0\">5. 1918-t\u00f3l a m\u00e1sodik vil\u00e1gh\u00e1bor\u00fa v\u00e9g\u00e9ig<\/span><\/p><p><span class=\"fontstyle0\">6. Az 1944-t\u0151l 1974-ig tart\u00f3 korszak<\/span> <br \/><br \/><\/p>\t\t\t\t\t\t\t\t<\/div>\n\t\t\t\t<\/div>\n\t\t\t\t\t<\/div>\n\t\t<\/div>\n\t\t\t\t\t<\/div>\n\t\t<\/section>\n\t\t\t\t<section class=\"elementor-section elementor-top-section elementor-element elementor-element-5eae54d2 elementor-section-boxed elementor-section-height-default elementor-section-height-default\" data-id=\"5eae54d2\" data-element_type=\"section\">\n\t\t\t\t\t\t<div class=\"elementor-container elementor-column-gap-default\">\n\t\t\t\t\t<div class=\"elementor-column elementor-col-100 elementor-top-column elementor-element elementor-element-7d74cc36\" data-id=\"7d74cc36\" data-element_type=\"column\">\n\t\t\t<div class=\"elementor-widget-wrap elementor-element-populated\">\n\t\t\t\t\t\t<div class=\"elementor-element elementor-element-46a36565 elementor-invisible elementor-widget elementor-widget-text-editor\" data-id=\"46a36565\" data-element_type=\"widget\" data-settings=\"{&quot;_animation&quot;:&quot;wobble&quot;}\" data-widget_type=\"text-editor.default\">\n\t\t\t\t<div class=\"elementor-widget-container\">\n\t\t\t\t\t\t\t\t\t<p style=\"text-align: center;\"><span style=\"color: #993300;\"><strong><a style=\"color: #993300;\" href=\"http:\/\/vmdok.org.rs\/vajdasag\/wp-content\/uploads\/2024\/05\/VAJDASAG-5_small.pdf\" target=\"_blank\" rel=\"noopener\">A tanulm\u00e1ny let\u00f6lt\u00e9se<\/a><\/strong><\/span><\/p>\t\t\t\t\t\t\t\t<\/div>\n\t\t\t\t<\/div>\n\t\t\t\t\t<\/div>\n\t\t<\/div>\n\t\t\t\t\t<\/div>\n\t\t<\/section>\n\t\t\t\t<section class=\"elementor-section elementor-top-section elementor-element elementor-element-7dbab8d elementor-section-boxed elementor-section-height-default elementor-section-height-default\" data-id=\"7dbab8d\" data-element_type=\"section\">\n\t\t\t\t\t\t<div class=\"elementor-container elementor-column-gap-default\">\n\t\t\t\t\t<div class=\"elementor-column elementor-col-100 elementor-top-column elementor-element elementor-element-5485038\" data-id=\"5485038\" data-element_type=\"column\">\n\t\t\t<div class=\"elementor-widget-wrap elementor-element-populated\">\n\t\t\t\t\t\t<div class=\"elementor-element elementor-element-9cda134 elementor-widget elementor-widget-shortcode\" data-id=\"9cda134\" data-element_type=\"widget\" data-widget_type=\"shortcode.default\">\n\t\t\t\t<div class=\"elementor-widget-container\">\n\t\t\t\t\t\t\t<div class=\"elementor-shortcode\"><div class=\"_3d-flip-book  fb3d-fullscreen-mode full-size\" data-id=\"281\" data-mode=\"fullscreen\" data-title=\"false\" data-template=\"short-white-book-view\" data-lightbox=\"dark-shadow\" data-urlparam=\"fb3d-page\" data-page-n=\"0\" data-pdf=\"\" data-tax=\"null\" data-thumbnail=\"\" data-cols=\"3\" data-book-template=\"default\" data-trigger=\"\"><\/div><script type=\"text\/javascript\">window.FB3D_CLIENT_DATA = window.FB3D_CLIENT_DATA || [];FB3D_CLIENT_DATA.push('eyJwb3N0cyI6eyIyODEiOnsiSUQiOjI4MSwidGl0bGUiOiJWYWpkYXNcdTAwZTFnIFx1MDBlOXBcdTAwZWR0XHUwMGU5c3pldGUiLCJ0eXBlIjoicGRmIiwicmVhZHlfZnVuY3Rpb24iOiIiLCJib29rX3N0eWxlIjoidm9sdW1lIiwiYm9va190ZW1wbGF0ZSI6Im5vbmUiLCJvdXRsaW5lIjpbXSwiZGF0YSI6eyJwb3N0X0lEIjoiMjgwIiwiZ3VpZCI6Imh0dHA6XC9cL3ZtZG9rLm9yZy5yc1wvdmFqZGFzYWdcL3dwLWNvbnRlbnRcL3VwbG9hZHNcLzIwMjRcLzA1XC9WQUpEQVNBRy01X3NtYWxsLnBkZiIsInBkZl9wYWdlcyI6IjIzNiIsInBhZ2VzX2N1c3RvbWl6YXRpb24iOiJub25lIn0sInRodW1ibmFpbCI6eyJkYXRhIjp7InBvc3RfSUQiOiIwIn0sInR5cGUiOiJhdXRvIn0sInByb3BzIjp7ImJhY2tncm91bmRDb2xvciI6ImF1dG8iLCJiYWNrZ3JvdW5kSW1hZ2UiOiJhdXRvIiwiYmFja2dyb3VuZFN0eWxlIjoiYXV0byIsImhpZ2hsaWdodExpbmtzIjoiYXV0byIsImxpZ2h0aW5nIjoiYXV0byIsImNhY2hlZFBhZ2VzIjoiYXV0byIsInJlbmRlckluYWN0aXZlUGFnZXMiOiJhdXRvIiwicmVuZGVySW5hY3RpdmVQYWdlc09uTW9iaWxlIjoiYXV0byIsInJlbmRlcldoaWxlRmxpcHBpbmciOiJhdXRvIiwicHJlbG9hZFBhZ2VzIjoiYXV0byIsImF1dG9QbGF5RHVyYXRpb24iOiJhdXRvIiwicnRsIjoiYXV0byIsImludGVyYWN0aXZlQ29ybmVycyI6ImF1dG8iLCJtYXhEZXB0aCI6ImF1dG8iLCJzaGVldCI6eyJzdGFydFZlbG9jaXR5IjoiYXV0byIsIndhdmUiOiJhdXRvIiwic2hhcGUiOiJhdXRvIiwid2lkdGhUZXhlbHMiOiJhdXRvIiwiY29sb3IiOiJhdXRvIiwic2lkZSI6ImF1dG8iLCJjb3JuZXJEZXZpYXRpb24iOiJhdXRvIiwiZmxleGliaWxpdHkiOiJhdXRvIiwiZmxleGlibGVDb3JuZXIiOiJhdXRvIiwiYmVuZGluZyI6ImF1dG8iLCJoZWlnaHRUZXhlbHMiOiJhdXRvIn0sImNvdmVyIjp7IndhdmUiOiJhdXRvIiwiY29sb3IiOiJhdXRvIiwic2lkZSI6ImF1dG8iLCJiaW5kZXJUZXh0dXJlIjoiYXV0byIsImRlcHRoIjoiYXV0byIsInBhZGRpbmciOiJhdXRvIiwic3RhcnRWZWxvY2l0eSI6ImF1dG8iLCJmbGV4aWJpbGl0eSI6ImF1dG8iLCJmbGV4aWJsZUNvcm5lciI6ImF1dG8iLCJiZW5kaW5nIjoiYXV0byIsIndpZHRoVGV4ZWxzIjoiYXV0byIsImhlaWdodFRleGVscyI6ImF1dG8iLCJtYXNzIjoiYXV0byIsInNoYXBlIjoiYXV0byJ9LCJwYWdlIjp7IndhdmUiOiJhdXRvIiwiY29sb3IiOiJhdXRvIiwic2lkZSI6ImF1dG8iLCJkZXB0aCI6ImF1dG8iLCJzdGFydFZlbG9jaXR5IjoiYXV0byIsImZsZXhpYmlsaXR5IjoiYXV0byIsImZsZXhpYmxlQ29ybmVyIjoiYXV0byIsImJlbmRpbmciOiJhdXRvIiwid2lkdGhUZXhlbHMiOiJhdXRvIiwiaGVpZ2h0VGV4ZWxzIjoiYXV0byIsIm1hc3MiOiJhdXRvIiwic2hhcGUiOiJhdXRvIn0sImhlaWdodCI6ImF1dG8iLCJ3aWR0aCI6ImF1dG8iLCJncmF2aXR5IjoiYXV0byIsInBhZ2VzRm9yUHJlZGljdGluZyI6ImF1dG8ifSwiY29udHJvbFByb3BzIjp7ImFjdGlvbnMiOnsiY21kVG9jIjp7ImVuYWJsZWQiOiJhdXRvIiwiZW5hYmxlZEluTmFycm93IjoiYXV0byIsImFjdGl2ZSI6ImF1dG8iLCJkZWZhdWx0VGFiIjoiYXV0byJ9LCJjbWRBdXRvUGxheSI6eyJlbmFibGVkIjoiYXV0byIsImVuYWJsZWRJbk5hcnJvdyI6ImF1dG8iLCJhY3RpdmUiOiJhdXRvIn0sImNtZFNhdmUiOnsiZW5hYmxlZCI6ImF1dG8iLCJlbmFibGVkSW5OYXJyb3ciOiJhdXRvIn0sImNtZFByaW50Ijp7ImVuYWJsZWQiOiJhdXRvIiwiZW5hYmxlZEluTmFycm93IjoiYXV0byJ9LCJjbWRTaW5nbGVQYWdlIjp7ImVuYWJsZWQiOiJhdXRvIiwiZW5hYmxlZEluTmFycm93IjoiYXV0byIsImFjdGl2ZSI6ImF1dG8iLCJhY3RpdmVGb3JNb2JpbGUiOiJhdXRvIn0sIndpZFRvb2xiYXIiOnsiZW5hYmxlZCI6ImF1dG8iLCJlbmFibGVkSW5OYXJyb3ciOiJhdXRvIn19fSwiYXV0b1RodW1ibmFpbCI6Imh0dHA6XC9cL3ZtZG9rLm9yZy5yc1wvdmFqZGFzYWdcL3dwLWNvbnRlbnRcL3VwbG9hZHNcLzNkLWZsaXAtYm9va1wvYXV0by10aHVtYm5haWxzXC8yODEucG5nIiwicG9zdF9uYW1lIjoidmFqZGFzYWctZXBpdGVzemV0ZSIsInBvc3RfdHlwZSI6IjNkLWZsaXAtYm9vayJ9fSwicGFnZXMiOltdLCJmaXJzdFBhZ2VzIjpbXX0=');window.FB3D_CLIENT_LOCALE && FB3D_CLIENT_LOCALE.render && FB3D_CLIENT_LOCALE.render();<\/script><\/div>\n\t\t\t\t\t\t<\/div>\n\t\t\t\t<\/div>\n\t\t\t\t\t<\/div>\n\t\t<\/div>\n\t\t\t\t\t<\/div>\n\t\t<\/section>\n\t\t\t\t<\/div>\n\t\t","protected":false},"excerpt":{"rendered":"<p>Vajdas\u00e1g \u00e9p\u00edt\u00e9szete El\u0151sz\u00f3 A Vajdas\u00e1g \u00e9p\u00edt\u00e9szet\u00e9nek feldolgoz\u00e1s\u00e1n\u00e1l a kutat\u00f3 szinte azonnal bele\u00fctk\u00f6zik abba a probl\u00e9m\u00e1ba, hogy a mai Vajdas\u00e1g Auton\u00f3m Tartom\u00e1ny ter\u00fclete a t\u00f6rt\u00e9nelem sor\u00e1n j\u00f3form\u00e1n sohasem k\u00e9pezett egyetlen egys\u00e9get. A Duna \u00e9s a Tisza k\u00f6z\u00e9 es\u0151 B\u00e1cska \u00e1tny\u00falik a mai Magyarorsz\u00e1gra, a Tisz\u00e1t\u00f3l keletre es\u0151 B\u00e1n\u00e1t jelent\u0151s r\u00e9sze \u00e9s\u2026<\/p>\n<p class=\"continue-reading-button\"> <a class=\"continue-reading-link\" href=\"http:\/\/vmdok.org.rs\/vajdasag\/vajdasag-v\/\">Tov\u00e1bb&#8230;<i class=\"crycon-right-dir\"><\/i><\/a><\/p>\n","protected":false},"author":1,"featured_media":0,"parent":0,"menu_order":500,"comment_status":"closed","ping_status":"closed","template":"","meta":{"footnotes":"","_links_to":"","_links_to_target":""},"class_list":["post-278","page","type-page","status-publish","hentry"],"_links":{"self":[{"href":"http:\/\/vmdok.org.rs\/vajdasag\/wp-json\/wp\/v2\/pages\/278","targetHints":{"allow":["GET"]}}],"collection":[{"href":"http:\/\/vmdok.org.rs\/vajdasag\/wp-json\/wp\/v2\/pages"}],"about":[{"href":"http:\/\/vmdok.org.rs\/vajdasag\/wp-json\/wp\/v2\/types\/page"}],"author":[{"embeddable":true,"href":"http:\/\/vmdok.org.rs\/vajdasag\/wp-json\/wp\/v2\/users\/1"}],"replies":[{"embeddable":true,"href":"http:\/\/vmdok.org.rs\/vajdasag\/wp-json\/wp\/v2\/comments?post=278"}],"version-history":[{"count":4,"href":"http:\/\/vmdok.org.rs\/vajdasag\/wp-json\/wp\/v2\/pages\/278\/revisions"}],"predecessor-version":[{"id":284,"href":"http:\/\/vmdok.org.rs\/vajdasag\/wp-json\/wp\/v2\/pages\/278\/revisions\/284"}],"wp:attachment":[{"href":"http:\/\/vmdok.org.rs\/vajdasag\/wp-json\/wp\/v2\/media?parent=278"}],"curies":[{"name":"wp","href":"https:\/\/api.w.org\/{rel}","templated":true}]}}