{"id":202,"date":"2021-01-15T17:42:59","date_gmt":"2021-01-15T17:42:59","guid":{"rendered":"http:\/\/vmdok.org.rs\/vajdasag\/?page_id=202"},"modified":"2021-01-15T18:44:58","modified_gmt":"2021-01-15T18:44:58","slug":"irashasznalat-a-halalhirkozlesben-es-az-emlekezesi-gyakorlatban","status":"publish","type":"page","link":"http:\/\/vmdok.org.rs\/vajdasag\/vajdasag-iii\/irashasznalat-a-halalhirkozlesben-es-az-emlekezesi-gyakorlatban\/","title":{"rendered":"\u00cdr\u00e1shaszn\u00e1lat a hal\u00e1lh\u00edrk\u00f6zl\u00e9sben \u00e9s az eml\u00e9kez\u00e9si gyakorlatban"},"content":{"rendered":"\t\t<div data-elementor-type=\"wp-page\" data-elementor-id=\"202\" class=\"elementor elementor-202\">\n\t\t\t\t\t\t<section class=\"elementor-section elementor-top-section elementor-element elementor-element-50fe43af elementor-section-boxed elementor-section-height-default elementor-section-height-default\" data-id=\"50fe43af\" data-element_type=\"section\">\n\t\t\t\t\t\t<div class=\"elementor-container elementor-column-gap-default\">\n\t\t\t\t\t<div class=\"elementor-column elementor-col-100 elementor-top-column elementor-element elementor-element-495d1027\" data-id=\"495d1027\" data-element_type=\"column\">\n\t\t\t<div class=\"elementor-widget-wrap elementor-element-populated\">\n\t\t\t\t\t\t<div class=\"elementor-element elementor-element-4fa1715e elementor-invisible elementor-widget elementor-widget-heading\" data-id=\"4fa1715e\" data-element_type=\"widget\" data-settings=\"{&quot;_animation&quot;:&quot;fadeInDown&quot;}\" data-widget_type=\"heading.default\">\n\t\t\t\t<div class=\"elementor-widget-container\">\n\t\t\t\t\t<h5 class=\"elementor-heading-title elementor-size-default\">Feh\u00e9r Viktor<\/h5>\t\t\t\t<\/div>\n\t\t\t\t<\/div>\n\t\t\t\t\t<\/div>\n\t\t<\/div>\n\t\t\t\t\t<\/div>\n\t\t<\/section>\n\t\t\t\t<section class=\"elementor-section elementor-top-section elementor-element elementor-element-1c8ad05b elementor-section-boxed elementor-section-height-default elementor-section-height-default\" data-id=\"1c8ad05b\" data-element_type=\"section\">\n\t\t\t\t\t\t<div class=\"elementor-container elementor-column-gap-default\">\n\t\t\t\t\t<div class=\"elementor-column elementor-col-100 elementor-top-column elementor-element elementor-element-7f5e2902\" data-id=\"7f5e2902\" data-element_type=\"column\">\n\t\t\t<div class=\"elementor-widget-wrap elementor-element-populated\">\n\t\t\t\t\t\t<div class=\"elementor-element elementor-element-250665b3 elementor-invisible elementor-widget elementor-widget-heading\" data-id=\"250665b3\" data-element_type=\"widget\" data-settings=\"{&quot;_animation&quot;:&quot;fadeInDown&quot;}\" data-widget_type=\"heading.default\">\n\t\t\t\t<div class=\"elementor-widget-container\">\n\t\t\t\t\t<h4 class=\"elementor-heading-title elementor-size-default\">\u00cdr\u00e1shaszn\u00e1lat a hal\u00e1lh\u00edrk\u00f6zl\u00e9sben \u00e9s az eml\u00e9kez\u00e9si gyakorlatban<\/h4>\t\t\t\t<\/div>\n\t\t\t\t<\/div>\n\t\t\t\t\t<\/div>\n\t\t<\/div>\n\t\t\t\t\t<\/div>\n\t\t<\/section>\n\t\t\t\t<section class=\"elementor-section elementor-top-section elementor-element elementor-element-111a063f elementor-section-boxed elementor-section-height-default elementor-section-height-default\" data-id=\"111a063f\" data-element_type=\"section\">\n\t\t\t\t\t\t<div class=\"elementor-container elementor-column-gap-default\">\n\t\t\t\t\t<div class=\"elementor-column elementor-col-100 elementor-top-column elementor-element elementor-element-32cd51a8\" data-id=\"32cd51a8\" data-element_type=\"column\">\n\t\t\t<div class=\"elementor-widget-wrap elementor-element-populated\">\n\t\t\t\t\t\t<div class=\"elementor-element elementor-element-4a091660 elementor-invisible elementor-widget elementor-widget-text-editor\" data-id=\"4a091660\" data-element_type=\"widget\" data-settings=\"{&quot;_animation&quot;:&quot;fadeInDown&quot;}\" data-widget_type=\"text-editor.default\">\n\t\t\t\t<div class=\"elementor-widget-container\">\n\t\t\t\t\t\t\t\t\t<p style=\"text-align: center;\"><strong><span class=\"fontstyle0\">Vajdas\u00e1gi gy\u0171jt\u00e9s<\/span> <\/strong><\/p>\t\t\t\t\t\t\t\t<\/div>\n\t\t\t\t<\/div>\n\t\t\t\t\t<\/div>\n\t\t<\/div>\n\t\t\t\t\t<\/div>\n\t\t<\/section>\n\t\t\t\t<section class=\"elementor-section elementor-top-section elementor-element elementor-element-7d82695c elementor-section-boxed elementor-section-height-default elementor-section-height-default\" data-id=\"7d82695c\" data-element_type=\"section\">\n\t\t\t\t\t\t<div class=\"elementor-container elementor-column-gap-default\">\n\t\t\t\t\t<div class=\"elementor-column elementor-col-100 elementor-top-column elementor-element elementor-element-66f3cd4f\" data-id=\"66f3cd4f\" data-element_type=\"column\">\n\t\t\t<div class=\"elementor-widget-wrap elementor-element-populated\">\n\t\t\t\t\t\t<div class=\"elementor-element elementor-element-45cd4e2b elementor-invisible elementor-widget elementor-widget-text-editor\" data-id=\"45cd4e2b\" data-element_type=\"widget\" data-settings=\"{&quot;_animation&quot;:&quot;fadeInDown&quot;}\" data-widget_type=\"text-editor.default\">\n\t\t\t\t<div class=\"elementor-widget-container\">\n\t\t\t\t\t\t\t\t\t<p><span class=\"fontstyle0\">Az Egyh\u00e1zask\u00e9ren k\u00e9sz\u00edtett 33 f\u00e9lig struktur\u00e1lt interj\u00fa adataib\u00f3l az l\u00e1tszik, hogy a 20. sz\u00e1zad k\u00f6zepe t\u00e1j\u00e1n a hal\u00e1lh\u00edr k\u00f6zl\u00e9se a hozz\u00e1tartoz\u00f3kkal \u00e9l\u0151sz\u00f3ban t\u00f6rt\u00e9nt. A mez\u0151gazdas\u00e1gi munk\u00e1b\u00f3l \u00e9l\u0151k k\u00f6r\u00e9ben a gazda vagy a gazdasszony hal\u00e1lh\u00edr\u00e9t az ist\u00e1ll\u00f3ba is beki\u00e1ltott\u00e1k, az \u00e1llatokat az udvarra eresztett\u00e9k, a kuty\u00e1kat pedig a szob\u00e1ba is beengedt\u00e9k az elhunythoz. A hal\u00e1lh\u00edr a szomsz\u00e9dos telep\u00fcl\u00e9seken \u00e9l\u0151 hozz\u00e1tartoz\u00f3khoz szint\u00e9n \u00e9l\u0151sz\u00f3ban jutott el, egy-egy k\u00fcld\u00f6tt \u00e1ltal: \u00e1ltal\u00e1ban egy fiatal leg\u00e9ny l\u00f3h\u00e1ton terjesztette a gy\u00e1szh\u00edrt. A hal\u00e1l be\u00e1llta ut\u00e1ni leggyakoribb teend\u0151k k\u00f6z\u00e9 tartozott az \u00f3ra meg\u00e1ll\u00edt\u00e1sa \u00e9s az ablak kinyit\u00e1sa is, illetve gyerty\u00e1t<br \/>is gy\u00fajtottak, amit az ablakba helyeztek el. A gyertya, amellett, hogy az elhunyt lelki \u00fcdv\u00e9\u00e9rt \u00e9gett, hal\u00e1lh\u00edrk\u00f6zl\u0151 funkci\u00f3val is b\u00edrt. Tov\u00e1bbi hal\u00e1lh\u00edrk\u00f6zl\u0151k a templomi harangoz\u00e1s \u00e9s a nyitott nagykapu is (Feh\u00e9r 2016). Tripolszky G\u00e9za zentai lev\u00e9lt\u00e1ri vizsg\u00e1latai szerint a D\u00e9lvid\u00e9ken, Zenta k\u00f6rny\u00e9k\u00e9n az \u00edr\u00e1shaszn\u00e1lat a hal\u00e1lh\u00edrk\u00f6zl\u00e9sn\u00e9l a 19. sz\u00e1zad hatvanas-hetvenes \u00e9veiben jelent meg el\u0151sz\u00f6r gy\u00e1szjelent\u00e9sek form\u00e1j\u00e1ban (Tripolszky 1985, 3). Besz\u00e9des Val\u00e9ria tanulm\u00e1ny\u00e1ban pedig az olvashat\u00f3, hogy a vajdas\u00e1gi magyars\u00e1g k\u00f6r\u00e9ben a hatvanas \u00e9vekt\u0151l v\u00e1lt elterjedtt\u00e9 a gy\u00e1szjelent\u00e9s, mint a hal\u00e1lh\u00edrk\u00f6zl\u00e9s egy \u00faj form\u00e1ja (Besz\u00e9des 1987, 697\u2013708). Sz\u00e9lesk\u00f6r\u0171en ismert, hogy a mai gy\u00e1szjelent\u0151k el\u0151re nyomtatott v\u00e1ltozatai minden temetkez\u00e9si v\u00e1llalkoz\u00f3n\u00e1l megtal\u00e1lhat\u00f3ak, s t\u00f6bbnyire sorozatgy\u00e1rt\u00e1sban k\u00e9sz\u00fclnek, csak az elhunyt nev\u00e9t \u00e9s az elhal\u00e1loz\u00e1s, valamint a temet\u00e9s idej\u00e9t kell k\u00e9zzel \u00edrott form\u00e1ban felt\u00fcntetni. Az els\u0151 gy\u00e1szjelent\u00e9seket post\u00e1n k\u00fcldt\u00e9k a t\u00e1volabb \u00e9l\u0151 hozz\u00e1tartoz\u00f3knak (Tripolszky 1985, 3), m\u00e1ra pedig nyilv\u00e1nos terjeszt\u00e9sre ker\u00fclt, megjelennek hirdet\u0151t\u00e1bl\u00e1kon, a boltok el\u0151tt, a temet\u0151kapun \u00e9s az elhunyt otthon\u00e1ban, utcakapuj\u00e1n is, illetve egyre gyakoribb az el\u0151fordul\u00e1suk az internetes fel\u00fcleteken, k\u00f6z\u00f6ss\u00e9gi oldalakon is. Form\u00e1juk is az egy\u00e9b, rendezv\u00e9nyeket hirdet\u0151 plak\u00e1tok\u00e9hoz hasonl\u00f3. Sz\u00ednvil\u00e1gunk visszafogott: feh\u00e9r alapon fekete keret, a rajta megjelen\u0151 \u00edr\u00e1s felirata pedig ugyancsak fekete.\u00a0<\/span><\/p>\t\t\t\t\t\t\t\t<\/div>\n\t\t\t\t<\/div>\n\t\t\t\t\t<\/div>\n\t\t<\/div>\n\t\t\t\t\t<\/div>\n\t\t<\/section>\n\t\t\t\t<section class=\"elementor-section elementor-top-section elementor-element elementor-element-bfea8f0 elementor-section-boxed elementor-section-height-default elementor-section-height-default\" data-id=\"bfea8f0\" data-element_type=\"section\">\n\t\t\t\t\t\t<div class=\"elementor-container elementor-column-gap-default\">\n\t\t\t\t\t<div class=\"elementor-column elementor-col-100 elementor-top-column elementor-element elementor-element-121ccc2\" data-id=\"121ccc2\" data-element_type=\"column\">\n\t\t\t<div class=\"elementor-widget-wrap elementor-element-populated\">\n\t\t\t\t\t\t<div class=\"elementor-element elementor-element-427099d elementor-invisible elementor-widget elementor-widget-text-editor\" data-id=\"427099d\" data-element_type=\"widget\" data-settings=\"{&quot;_animation&quot;:&quot;fadeInDown&quot;}\" data-widget_type=\"text-editor.default\">\n\t\t\t\t<div class=\"elementor-widget-container\">\n\t\t\t\t\t\t\t\t\t<p><span class=\"fontstyle0\">Tanulm\u00e1nyomban, tov\u00e1bb \u00e1rnyalva a fenti \u00e1ttekint\u00e9st, a hal\u00e1l be\u00e1llt\u00e1t k\u00f6vet\u0151 hal\u00e1lh\u00edrk\u00f6zl\u00e9s \u00e9s az ahhoz szorosan kapcsol\u00f3d\u00f3 \u00edr\u00e1shaszn\u00e1lat, illetve az ezekb\u0151l k\u00f6vetkez\u0151 eml\u00e9kez\u00e9si gyakorlatok k\u00e9t lehets\u00e9ges d\u00e9lvid\u00e9ki v\u00e1ltozat\u00e1nak \u00e1ttekint\u0151-ismeretterjeszt\u0151 bemutat\u00e1s\u00e1ra v\u00e1llalkozom. Az elemz\u00e9s els\u0151 r\u00e9sz\u00e9ben a k\u00f6z\u00f6ss\u00e9gi h\u00e1l\u00f3n megjelen\u0151 hal\u00e1lh\u00edrk\u00f6zl\u00e9seket mutatom be az \u00e1ltalam v\u00e1lasztott elemz\u0151-\u00e9rtelmez\u0151 keretben,<\/span><span class=\"fontstyle0\">\u00a0<\/span><span class=\"fontstyle0\">m\u00edg a m\u00e1sodik r\u00e9szben a temet\u0151ben el\u0151fordul\u00f3 \u00edr\u00e1shaszn\u00e1latot tekintem \u00e1t egy konkr\u00e9t p\u00e9ld\u00e1n, az egyh\u00e1zask\u00e9ri k\u00f6ztemet\u0151 s\u00edrfeliratain kereszt\u00fcl.<\/span><\/p>\t\t\t\t\t\t\t\t<\/div>\n\t\t\t\t<\/div>\n\t\t\t\t\t<\/div>\n\t\t<\/div>\n\t\t\t\t\t<\/div>\n\t\t<\/section>\n\t\t\t\t<section class=\"elementor-section elementor-top-section elementor-element elementor-element-1b848c7 elementor-section-boxed elementor-section-height-default elementor-section-height-default\" data-id=\"1b848c7\" data-element_type=\"section\">\n\t\t\t\t\t\t<div class=\"elementor-container elementor-column-gap-default\">\n\t\t\t\t\t<div class=\"elementor-column elementor-col-100 elementor-top-column elementor-element elementor-element-79cb784\" data-id=\"79cb784\" data-element_type=\"column\">\n\t\t\t<div class=\"elementor-widget-wrap elementor-element-populated\">\n\t\t\t\t\t\t<div class=\"elementor-element elementor-element-682c31bb elementor-invisible elementor-widget elementor-widget-text-editor\" data-id=\"682c31bb\" data-element_type=\"widget\" data-settings=\"{&quot;_animation&quot;:&quot;wobble&quot;}\" data-widget_type=\"text-editor.default\">\n\t\t\t\t<div class=\"elementor-widget-container\">\n\t\t\t\t\t\t\t\t\t<p style=\"text-align: center;\"><span style=\"color: #993300;\"><strong><a style=\"color: #993300;\" href=\"http:\/\/vmdok.org.rs\/vajdasag\/wp-content\/uploads\/2021\/01\/VAJDASAG-3_2020_Feher.pdf\" target=\"_blank\" rel=\"noopener\">A tanulm\u00e1ny let\u00f6lt\u00e9se<\/a><\/strong><\/span><\/p>\t\t\t\t\t\t\t\t<\/div>\n\t\t\t\t<\/div>\n\t\t\t\t\t<\/div>\n\t\t<\/div>\n\t\t\t\t\t<\/div>\n\t\t<\/section>\n\t\t\t\t<\/div>\n\t\t","protected":false},"excerpt":{"rendered":"<p>Feh\u00e9r Viktor \u00cdr\u00e1shaszn\u00e1lat a hal\u00e1lh\u00edrk\u00f6zl\u00e9sben \u00e9s az eml\u00e9kez\u00e9si gyakorlatban Vajdas\u00e1gi gy\u0171jt\u00e9s Az Egyh\u00e1zask\u00e9ren k\u00e9sz\u00edtett 33 f\u00e9lig struktur\u00e1lt interj\u00fa adataib\u00f3l az l\u00e1tszik, hogy a 20. sz\u00e1zad k\u00f6zepe t\u00e1j\u00e1n a hal\u00e1lh\u00edr k\u00f6zl\u00e9se a hozz\u00e1tartoz\u00f3kkal \u00e9l\u0151sz\u00f3ban t\u00f6rt\u00e9nt. A mez\u0151gazdas\u00e1gi munk\u00e1b\u00f3l \u00e9l\u0151k k\u00f6r\u00e9ben a gazda vagy a gazdasszony hal\u00e1lh\u00edr\u00e9t az ist\u00e1ll\u00f3ba is beki\u00e1ltott\u00e1k, az\u2026<\/p>\n<p class=\"continue-reading-button\"> <a class=\"continue-reading-link\" href=\"http:\/\/vmdok.org.rs\/vajdasag\/vajdasag-iii\/irashasznalat-a-halalhirkozlesben-es-az-emlekezesi-gyakorlatban\/\">Tov\u00e1bb&#8230;<i class=\"crycon-right-dir\"><\/i><\/a><\/p>\n","protected":false},"author":1,"featured_media":0,"parent":173,"menu_order":340,"comment_status":"closed","ping_status":"closed","template":"","meta":{"footnotes":"","_links_to":"","_links_to_target":""},"class_list":["post-202","page","type-page","status-publish","hentry"],"_links":{"self":[{"href":"http:\/\/vmdok.org.rs\/vajdasag\/wp-json\/wp\/v2\/pages\/202","targetHints":{"allow":["GET"]}}],"collection":[{"href":"http:\/\/vmdok.org.rs\/vajdasag\/wp-json\/wp\/v2\/pages"}],"about":[{"href":"http:\/\/vmdok.org.rs\/vajdasag\/wp-json\/wp\/v2\/types\/page"}],"author":[{"embeddable":true,"href":"http:\/\/vmdok.org.rs\/vajdasag\/wp-json\/wp\/v2\/users\/1"}],"replies":[{"embeddable":true,"href":"http:\/\/vmdok.org.rs\/vajdasag\/wp-json\/wp\/v2\/comments?post=202"}],"version-history":[{"count":10,"href":"http:\/\/vmdok.org.rs\/vajdasag\/wp-json\/wp\/v2\/pages\/202\/revisions"}],"predecessor-version":[{"id":267,"href":"http:\/\/vmdok.org.rs\/vajdasag\/wp-json\/wp\/v2\/pages\/202\/revisions\/267"}],"up":[{"embeddable":true,"href":"http:\/\/vmdok.org.rs\/vajdasag\/wp-json\/wp\/v2\/pages\/173"}],"wp:attachment":[{"href":"http:\/\/vmdok.org.rs\/vajdasag\/wp-json\/wp\/v2\/media?parent=202"}],"curies":[{"name":"wp","href":"https:\/\/api.w.org\/{rel}","templated":true}]}}