{"id":201,"date":"2021-01-15T17:42:55","date_gmt":"2021-01-15T17:42:55","guid":{"rendered":"http:\/\/vmdok.org.rs\/vajdasag\/?page_id=201"},"modified":"2021-01-15T18:38:46","modified_gmt":"2021-01-15T18:38:46","slug":"vajdasag-egykori-legismertebb-kozepkori-hiteleshelye","status":"publish","type":"page","link":"http:\/\/vmdok.org.rs\/vajdasag\/vajdasag-iii\/vajdasag-egykori-legismertebb-kozepkori-hiteleshelye\/","title":{"rendered":"Vajdas\u00e1g egykori legismertebb k\u00f6z\u00e9pkori hiteleshelye"},"content":{"rendered":"\t\t<div data-elementor-type=\"wp-page\" data-elementor-id=\"201\" class=\"elementor elementor-201\">\n\t\t\t\t\t\t<section class=\"elementor-section elementor-top-section elementor-element elementor-element-62280b0e elementor-section-boxed elementor-section-height-default elementor-section-height-default\" data-id=\"62280b0e\" data-element_type=\"section\">\n\t\t\t\t\t\t<div class=\"elementor-container elementor-column-gap-default\">\n\t\t\t\t\t<div class=\"elementor-column elementor-col-100 elementor-top-column elementor-element elementor-element-62478f0d\" data-id=\"62478f0d\" data-element_type=\"column\">\n\t\t\t<div class=\"elementor-widget-wrap elementor-element-populated\">\n\t\t\t\t\t\t<div class=\"elementor-element elementor-element-3f0a4e52 elementor-invisible elementor-widget elementor-widget-heading\" data-id=\"3f0a4e52\" data-element_type=\"widget\" data-settings=\"{&quot;_animation&quot;:&quot;fadeInDown&quot;}\" data-widget_type=\"heading.default\">\n\t\t\t\t<div class=\"elementor-widget-container\">\n\t\t\t\t\t<h5 class=\"elementor-heading-title elementor-size-default\">Pfeiffer Attila<\/h5>\t\t\t\t<\/div>\n\t\t\t\t<\/div>\n\t\t\t\t\t<\/div>\n\t\t<\/div>\n\t\t\t\t\t<\/div>\n\t\t<\/section>\n\t\t\t\t<section class=\"elementor-section elementor-top-section elementor-element elementor-element-26e0ab4a elementor-section-boxed elementor-section-height-default elementor-section-height-default\" data-id=\"26e0ab4a\" data-element_type=\"section\">\n\t\t\t\t\t\t<div class=\"elementor-container elementor-column-gap-default\">\n\t\t\t\t\t<div class=\"elementor-column elementor-col-100 elementor-top-column elementor-element elementor-element-14e5bc7d\" data-id=\"14e5bc7d\" data-element_type=\"column\">\n\t\t\t<div class=\"elementor-widget-wrap elementor-element-populated\">\n\t\t\t\t\t\t<div class=\"elementor-element elementor-element-3fd0cf1e elementor-invisible elementor-widget elementor-widget-heading\" data-id=\"3fd0cf1e\" data-element_type=\"widget\" data-settings=\"{&quot;_animation&quot;:&quot;fadeInDown&quot;}\" data-widget_type=\"heading.default\">\n\t\t\t\t<div class=\"elementor-widget-container\">\n\t\t\t\t\t<h4 class=\"elementor-heading-title elementor-size-default\">Vajdas\u00e1g egykori legismertebb k\u00f6z\u00e9pkori hiteleshelye<\/h4>\t\t\t\t<\/div>\n\t\t\t\t<\/div>\n\t\t\t\t\t<\/div>\n\t\t<\/div>\n\t\t\t\t\t<\/div>\n\t\t<\/section>\n\t\t\t\t<section class=\"elementor-section elementor-top-section elementor-element elementor-element-b4355ca elementor-section-boxed elementor-section-height-default elementor-section-height-default\" data-id=\"b4355ca\" data-element_type=\"section\">\n\t\t\t\t\t\t<div class=\"elementor-container elementor-column-gap-default\">\n\t\t\t\t\t<div class=\"elementor-column elementor-col-100 elementor-top-column elementor-element elementor-element-ebe2d15\" data-id=\"ebe2d15\" data-element_type=\"column\">\n\t\t\t<div class=\"elementor-widget-wrap elementor-element-populated\">\n\t\t\t\t\t\t<div class=\"elementor-element elementor-element-49072a7 elementor-invisible elementor-widget elementor-widget-heading\" data-id=\"49072a7\" data-element_type=\"widget\" data-settings=\"{&quot;_animation&quot;:&quot;fadeInDown&quot;}\" data-widget_type=\"heading.default\">\n\t\t\t\t<div class=\"elementor-widget-container\">\n\t\t\t\t\t<h5 class=\"elementor-heading-title elementor-size-default\">A b\u00e1csi k\u00e1ptalan t\u00f6rt\u00e9nete a 13. sz\u00e1zadt\u00f3l 1527-ig<\/h5>\t\t\t\t<\/div>\n\t\t\t\t<\/div>\n\t\t\t\t\t<\/div>\n\t\t<\/div>\n\t\t\t\t\t<\/div>\n\t\t<\/section>\n\t\t\t\t<section class=\"elementor-section elementor-top-section elementor-element elementor-element-7b516023 elementor-section-boxed elementor-section-height-default elementor-section-height-default\" data-id=\"7b516023\" data-element_type=\"section\">\n\t\t\t\t\t\t<div class=\"elementor-container elementor-column-gap-default\">\n\t\t\t\t\t<div class=\"elementor-column elementor-col-100 elementor-top-column elementor-element elementor-element-385bc415\" data-id=\"385bc415\" data-element_type=\"column\">\n\t\t\t<div class=\"elementor-widget-wrap elementor-element-populated\">\n\t\t\t\t\t\t<div class=\"elementor-element elementor-element-6e24eaa0 elementor-invisible elementor-widget elementor-widget-text-editor\" data-id=\"6e24eaa0\" data-element_type=\"widget\" data-settings=\"{&quot;_animation&quot;:&quot;fadeInDown&quot;}\" data-widget_type=\"text-editor.default\">\n\t\t\t\t<div class=\"elementor-widget-container\">\n\t\t\t\t\t\t\t\t\t<p style=\"text-align: center;\"><strong>Bevezet\u0151<\/strong><\/p>\t\t\t\t\t\t\t\t<\/div>\n\t\t\t\t<\/div>\n\t\t\t\t\t<\/div>\n\t\t<\/div>\n\t\t\t\t\t<\/div>\n\t\t<\/section>\n\t\t\t\t<section class=\"elementor-section elementor-top-section elementor-element elementor-element-5d3a66fe elementor-section-boxed elementor-section-height-default elementor-section-height-default\" data-id=\"5d3a66fe\" data-element_type=\"section\">\n\t\t\t\t\t\t<div class=\"elementor-container elementor-column-gap-default\">\n\t\t\t\t\t<div class=\"elementor-column elementor-col-100 elementor-top-column elementor-element elementor-element-62031ca6\" data-id=\"62031ca6\" data-element_type=\"column\">\n\t\t\t<div class=\"elementor-widget-wrap elementor-element-populated\">\n\t\t\t\t\t\t<div class=\"elementor-element elementor-element-face6dd elementor-invisible elementor-widget elementor-widget-text-editor\" data-id=\"face6dd\" data-element_type=\"widget\" data-settings=\"{&quot;_animation&quot;:&quot;fadeInDown&quot;}\" data-widget_type=\"text-editor.default\">\n\t\t\t\t<div class=\"elementor-widget-container\">\n\t\t\t\t\t\t\t\t\t<p><span class=\"fontstyle0\">Ebben a tanulm\u00e1nyban a k\u00f6z\u00e9pkori B\u00e1cs t\u00f6rt\u00e9net\u00e9nek egy olyan fontos egyh\u00e1zi int\u00e9zm\u00e9ny\u00e9t fogjuk felv\u00e1zolni, amely meghat\u00e1roz\u00f3 t\u00e9nyez\u0151je volt a telep\u00fcl\u00e9s fejl\u0151d\u00e9s\u00e9re n\u00e9zve a kora k\u00f6z\u00e9pkort\u00f3l eg\u00e9szen a moh\u00e1csi trag\u00e9di\u00e1ig. Ezen int\u00e9zm\u00e9ny a b\u00e1csi k\u00e1ptalan. Munk\u00e1nkban mindenekel\u0151tt a k\u00e1ptalan fejl\u0151d\u00e9st\u00f6rt\u00e9net\u00e9t fogjuk bemutatni a 13. sz\u00e1zadt\u00f3l annak megsz\u0171n\u00e9s\u00e9ig, vagyis 1527-ig, illetve a hiteleshelyi tev\u00e9kenys\u00e9g\u00e9t fogjuk k\u00f6z\u00e9ppontba helyezni, hiszen a k\u00f6z\u00e9pkori k\u00f6zjegyz\u0151s\u00e9g egyik fontos k\u00f6zpontja volt a D\u00e9lvid\u00e9ken. Ugyanakkor, a hiteleshelyi tev\u00e9kenys\u00e9g mellett ki kell emeln\u00fcnk a k\u00e1ptalanok oktat\u00e1si tev\u00e9kenys\u00e9g\u00e9t is, ugyanis a k\u00f6z\u00e9pkori Magyarorsz\u00e1gon a k\u00e1ptalani iskol\u00e1k fontos szerepet j\u00e1tszottak a k\u00f6zm\u0171vel\u0151d\u00e9s ter\u00fclet\u00e9n. Int\u00e9zm\u00e9ny\u00fcnk fontoss\u00e1g\u00e1t jelzi az a t\u00e9ny is, hogy a k\u00e1ptalan sekresty\u00e9j\u00e9ben \u0151rizt\u00e9k azoknak a fontos kiv\u00e1lts\u00e1goknak \u00e9s szerz\u0151d\u00e9seknek a m\u00e1solatait, melyeket a k\u00e1ptalan \u00e1ll\u00edtott ki a feleknek, illetve a k\u00e1ptalan sz\u00e1m\u00e1ra adott \u00e9vsz\u00e1zados kiv\u00e1lts\u00e1gokra is itt vigy\u00e1ztak a k\u00e1ptalan tagjai.<\/span><\/p>\t\t\t\t\t\t\t\t<\/div>\n\t\t\t\t<\/div>\n\t\t\t\t\t<\/div>\n\t\t<\/div>\n\t\t\t\t\t<\/div>\n\t\t<\/section>\n\t\t\t\t<section class=\"elementor-section elementor-top-section elementor-element elementor-element-7a142079 elementor-section-boxed elementor-section-height-default elementor-section-height-default\" data-id=\"7a142079\" data-element_type=\"section\">\n\t\t\t\t\t\t<div class=\"elementor-container elementor-column-gap-default\">\n\t\t\t\t\t<div class=\"elementor-column elementor-col-100 elementor-top-column elementor-element elementor-element-2a4d1992\" data-id=\"2a4d1992\" data-element_type=\"column\">\n\t\t\t<div class=\"elementor-widget-wrap elementor-element-populated\">\n\t\t\t\t\t\t<div class=\"elementor-element elementor-element-209a0db2 elementor-invisible elementor-widget elementor-widget-text-editor\" data-id=\"209a0db2\" data-element_type=\"widget\" data-settings=\"{&quot;_animation&quot;:&quot;wobble&quot;}\" data-widget_type=\"text-editor.default\">\n\t\t\t\t<div class=\"elementor-widget-container\">\n\t\t\t\t\t\t\t\t\t<p style=\"text-align: center;\"><span style=\"color: #993300;\"><strong><a style=\"color: #993300;\" href=\"http:\/\/vmdok.org.rs\/vajdasag\/wp-content\/uploads\/2021\/01\/VAJDASAG-3_2020_Pfeiffer.pdf\" target=\"_blank\" rel=\"noopener\">A tanulm\u00e1ny let\u00f6lt\u00e9se<\/a><\/strong><\/span><\/p>\t\t\t\t\t\t\t\t<\/div>\n\t\t\t\t<\/div>\n\t\t\t\t\t<\/div>\n\t\t<\/div>\n\t\t\t\t\t<\/div>\n\t\t<\/section>\n\t\t\t\t<\/div>\n\t\t","protected":false},"excerpt":{"rendered":"<p>Pfeiffer Attila Vajdas\u00e1g egykori legismertebb k\u00f6z\u00e9pkori hiteleshelye A b\u00e1csi k\u00e1ptalan t\u00f6rt\u00e9nete a 13. sz\u00e1zadt\u00f3l 1527-ig Bevezet\u0151 Ebben a tanulm\u00e1nyban a k\u00f6z\u00e9pkori B\u00e1cs t\u00f6rt\u00e9net\u00e9nek egy olyan fontos egyh\u00e1zi int\u00e9zm\u00e9ny\u00e9t fogjuk felv\u00e1zolni, amely meghat\u00e1roz\u00f3 t\u00e9nyez\u0151je volt a telep\u00fcl\u00e9s fejl\u0151d\u00e9s\u00e9re n\u00e9zve a kora k\u00f6z\u00e9pkort\u00f3l eg\u00e9szen a moh\u00e1csi trag\u00e9di\u00e1ig. Ezen int\u00e9zm\u00e9ny a b\u00e1csi k\u00e1ptalan.\u2026<\/p>\n<p class=\"continue-reading-button\"> <a class=\"continue-reading-link\" href=\"http:\/\/vmdok.org.rs\/vajdasag\/vajdasag-iii\/vajdasag-egykori-legismertebb-kozepkori-hiteleshelye\/\">Tov\u00e1bb&#8230;<i class=\"crycon-right-dir\"><\/i><\/a><\/p>\n","protected":false},"author":1,"featured_media":0,"parent":173,"menu_order":330,"comment_status":"closed","ping_status":"closed","template":"","meta":{"footnotes":"","_links_to":"","_links_to_target":""},"class_list":["post-201","page","type-page","status-publish","hentry"],"_links":{"self":[{"href":"http:\/\/vmdok.org.rs\/vajdasag\/wp-json\/wp\/v2\/pages\/201","targetHints":{"allow":["GET"]}}],"collection":[{"href":"http:\/\/vmdok.org.rs\/vajdasag\/wp-json\/wp\/v2\/pages"}],"about":[{"href":"http:\/\/vmdok.org.rs\/vajdasag\/wp-json\/wp\/v2\/types\/page"}],"author":[{"embeddable":true,"href":"http:\/\/vmdok.org.rs\/vajdasag\/wp-json\/wp\/v2\/users\/1"}],"replies":[{"embeddable":true,"href":"http:\/\/vmdok.org.rs\/vajdasag\/wp-json\/wp\/v2\/comments?post=201"}],"version-history":[{"count":13,"href":"http:\/\/vmdok.org.rs\/vajdasag\/wp-json\/wp\/v2\/pages\/201\/revisions"}],"predecessor-version":[{"id":264,"href":"http:\/\/vmdok.org.rs\/vajdasag\/wp-json\/wp\/v2\/pages\/201\/revisions\/264"}],"up":[{"embeddable":true,"href":"http:\/\/vmdok.org.rs\/vajdasag\/wp-json\/wp\/v2\/pages\/173"}],"wp:attachment":[{"href":"http:\/\/vmdok.org.rs\/vajdasag\/wp-json\/wp\/v2\/media?parent=201"}],"curies":[{"name":"wp","href":"https:\/\/api.w.org\/{rel}","templated":true}]}}