{"id":199,"date":"2021-01-15T17:42:53","date_gmt":"2021-01-15T17:42:53","guid":{"rendered":"http:\/\/vmdok.org.rs\/vajdasag\/?page_id=199"},"modified":"2021-01-15T18:49:55","modified_gmt":"2021-01-15T18:49:55","slug":"a-magyar-katolikusok-helyzete-a-delvideken-1918-es-2018-kozott","status":"publish","type":"page","link":"http:\/\/vmdok.org.rs\/vajdasag\/vajdasag-iii\/a-magyar-katolikusok-helyzete-a-delvideken-1918-es-2018-kozott\/","title":{"rendered":"A magyar katolikusok helyzete a D\u00e9lvid\u00e9ken 1918 \u00e9s 2018 k\u00f6z\u00f6tt"},"content":{"rendered":"\t\t<div data-elementor-type=\"wp-page\" data-elementor-id=\"199\" class=\"elementor elementor-199\">\n\t\t\t\t\t\t<section class=\"elementor-section elementor-top-section elementor-element elementor-element-ced916f elementor-section-boxed elementor-section-height-default elementor-section-height-default\" data-id=\"ced916f\" data-element_type=\"section\">\n\t\t\t\t\t\t<div class=\"elementor-container elementor-column-gap-default\">\n\t\t\t\t\t<div class=\"elementor-column elementor-col-100 elementor-top-column elementor-element elementor-element-c968883\" data-id=\"c968883\" data-element_type=\"column\">\n\t\t\t<div class=\"elementor-widget-wrap elementor-element-populated\">\n\t\t\t\t\t\t<div class=\"elementor-element elementor-element-92a9e92 elementor-invisible elementor-widget elementor-widget-heading\" data-id=\"92a9e92\" data-element_type=\"widget\" data-settings=\"{&quot;_animation&quot;:&quot;fadeInDown&quot;}\" data-widget_type=\"heading.default\">\n\t\t\t\t<div class=\"elementor-widget-container\">\n\t\t\t\t\t<h5 class=\"elementor-heading-title elementor-size-default\">Orcsik K\u00e1roly<\/h5>\t\t\t\t<\/div>\n\t\t\t\t<\/div>\n\t\t\t\t\t<\/div>\n\t\t<\/div>\n\t\t\t\t\t<\/div>\n\t\t<\/section>\n\t\t\t\t<section class=\"elementor-section elementor-top-section elementor-element elementor-element-4f66082 elementor-section-boxed elementor-section-height-default elementor-section-height-default\" data-id=\"4f66082\" data-element_type=\"section\">\n\t\t\t\t\t\t<div class=\"elementor-container elementor-column-gap-default\">\n\t\t\t\t\t<div class=\"elementor-column elementor-col-100 elementor-top-column elementor-element elementor-element-303483d\" data-id=\"303483d\" data-element_type=\"column\">\n\t\t\t<div class=\"elementor-widget-wrap elementor-element-populated\">\n\t\t\t\t\t\t<div class=\"elementor-element elementor-element-ffc1790 elementor-invisible elementor-widget elementor-widget-heading\" data-id=\"ffc1790\" data-element_type=\"widget\" data-settings=\"{&quot;_animation&quot;:&quot;fadeInDown&quot;}\" data-widget_type=\"heading.default\">\n\t\t\t\t<div class=\"elementor-widget-container\">\n\t\t\t\t\t<h4 class=\"elementor-heading-title elementor-size-default\">A magyar katolikusok helyzete\na D\u00e9lvid\u00e9ken 1918 \u00e9s 2018 k\u00f6z\u00f6tt<\/h4>\t\t\t\t<\/div>\n\t\t\t\t<\/div>\n\t\t\t\t\t<\/div>\n\t\t<\/div>\n\t\t\t\t\t<\/div>\n\t\t<\/section>\n\t\t\t\t<section class=\"elementor-section elementor-top-section elementor-element elementor-element-90d534b elementor-section-boxed elementor-section-height-default elementor-section-height-default\" data-id=\"90d534b\" data-element_type=\"section\">\n\t\t\t\t\t\t<div class=\"elementor-container elementor-column-gap-default\">\n\t\t\t\t\t<div class=\"elementor-column elementor-col-100 elementor-top-column elementor-element elementor-element-7a25bc2\" data-id=\"7a25bc2\" data-element_type=\"column\">\n\t\t\t<div class=\"elementor-widget-wrap elementor-element-populated\">\n\t\t\t\t\t\t<div class=\"elementor-element elementor-element-46c4d95 elementor-invisible elementor-widget elementor-widget-text-editor\" data-id=\"46c4d95\" data-element_type=\"widget\" data-settings=\"{&quot;_animation&quot;:&quot;fadeInDown&quot;}\" data-widget_type=\"text-editor.default\">\n\t\t\t\t<div class=\"elementor-widget-container\">\n\t\t\t\t\t\t\t\t\t<p style=\"text-align: center;\"><strong>Bevezet\u0151<\/strong><\/p>\t\t\t\t\t\t\t\t<\/div>\n\t\t\t\t<\/div>\n\t\t\t\t\t<\/div>\n\t\t<\/div>\n\t\t\t\t\t<\/div>\n\t\t<\/section>\n\t\t\t\t<section class=\"elementor-section elementor-top-section elementor-element elementor-element-f6c75e8 elementor-section-boxed elementor-section-height-default elementor-section-height-default\" data-id=\"f6c75e8\" data-element_type=\"section\">\n\t\t\t\t\t\t<div class=\"elementor-container elementor-column-gap-default\">\n\t\t\t\t\t<div class=\"elementor-column elementor-col-100 elementor-top-column elementor-element elementor-element-436f4fc\" data-id=\"436f4fc\" data-element_type=\"column\">\n\t\t\t<div class=\"elementor-widget-wrap elementor-element-populated\">\n\t\t\t\t\t\t<div class=\"elementor-element elementor-element-1c7e395 elementor-invisible elementor-widget elementor-widget-text-editor\" data-id=\"1c7e395\" data-element_type=\"widget\" data-settings=\"{&quot;_animation&quot;:&quot;fadeInDown&quot;}\" data-widget_type=\"text-editor.default\">\n\t\t\t\t<div class=\"elementor-widget-container\">\n\t\t\t\t\t\t\t\t\t<p><span class=\"fontstyle0\">A katolikus egyh\u00e1z term\u00e9szet\u00e9n\u00e9l \u00e9s k\u00fcldet\u00e9s\u00e9n\u00e9l fogva nem nemzeti, hanem nemzetek feletti karakterrel rendelkezik. Kiv\u00e1ltk\u00e9ppen \u00e9rv\u00e9nyes ez a D\u00e9lvid\u00e9kre, ahol az oszm\u00e1n h\u00f3dolts\u00e1got k\u00f6vet\u0151 \u00fajratelep\u00edt\u00e9sb\u0151l kifoly\u00f3lag az itt \u00e9l\u0151 katolikusok k\u00fcl\u00f6nb\u00f6z\u0151 nemzetis\u00e9gekhez tartoznak: magyarok, horv\u00e1tok, n\u00e9metek, szlov\u00e1kok, csehek, bolg\u00e1rok valamint \u00f6nmagukat rom\u00e1nk\u00e9nt defini\u00e1l\u00f3 be\u00e1s rom\u00e1k. Rajtuk k\u00edv\u00fcl m\u00e9g megeml\u00edten\u00e9m az els\u0151 b\u00e1ns\u00e1gi telepesek k\u00f6z\u00f6tt l\u00e9v\u0151 katolikus spanyolokat \u00e9s azokat az elz\u00e1szi franci\u00e1kat, akik a 19. sz\u00e1zad k\u00f6zep\u00e9ig meg\u0151rizt\u00e9k nemzeti identit\u00e1sukat, majd az itt \u00e9l\u0151 n\u00e9mets\u00e9gbe olvadtak bele.<\/span><\/p>\t\t\t\t\t\t\t\t<\/div>\n\t\t\t\t<\/div>\n\t\t\t\t\t<\/div>\n\t\t<\/div>\n\t\t\t\t\t<\/div>\n\t\t<\/section>\n\t\t\t\t<section class=\"elementor-section elementor-top-section elementor-element elementor-element-89abf34 elementor-section-boxed elementor-section-height-default elementor-section-height-default\" data-id=\"89abf34\" data-element_type=\"section\">\n\t\t\t\t\t\t<div class=\"elementor-container elementor-column-gap-default\">\n\t\t\t\t\t<div class=\"elementor-column elementor-col-100 elementor-top-column elementor-element elementor-element-ad28bff\" data-id=\"ad28bff\" data-element_type=\"column\">\n\t\t\t<div class=\"elementor-widget-wrap elementor-element-populated\">\n\t\t\t\t\t\t<div class=\"elementor-element elementor-element-84d9054 elementor-invisible elementor-widget elementor-widget-text-editor\" data-id=\"84d9054\" data-element_type=\"widget\" data-settings=\"{&quot;_animation&quot;:&quot;fadeInDown&quot;}\" data-widget_type=\"text-editor.default\">\n\t\t\t\t<div class=\"elementor-widget-container\">\n\t\t\t\t\t\t\t\t\t<p><span class=\"fontstyle0\">Nem besz\u00e9lhet\u00fcnk \u00fagy a d\u00e9lvid\u00e9ki magyar katolikuss\u00e1g t\u00f6rt\u00e9net\u00e9r\u0151l, hogy ne ejts\u00fcnk sz\u00f3t a t\u00f6bbi nemzetis\u00e9ghez, els\u0151sorban a n\u00e9mets\u00e9ghez \u00e9s a horv\u00e1ts\u00e1ghoz, tartoz\u00f3 papokr\u00f3l \u00e9s h\u00edvekr\u0151l, illetve e n\u00e9pcsoportokat \u00e9rint\u0151 probl\u00e9m\u00e1kr\u00f3l, azok megold\u00e1s\u00e1ra tett k\u00eds\u00e9rletekr\u0151l is. Az \u00e1ltalam t\u00e1rgyalt id\u0151szakban akadtak fesz\u00fclts\u00e9gek a k\u00fcl\u00f6nb\u00f6z\u0151 katolikus n\u00e9pcsoportok lelkip\u00e1sztorai \u00e9s h\u00edvei k\u00f6z\u00f6tt, ugyanakkor nem feledkezhet\u00fcnk meg arr\u00f3l sem, hogy sz\u00e1mos esetben k\u00f6lcs\u00f6n\u00f6sen seg\u00edtett\u00e9k \u00e9s gazdag\u00edtott\u00e1k is egym\u00e1st.<\/span><\/p>\t\t\t\t\t\t\t\t<\/div>\n\t\t\t\t<\/div>\n\t\t\t\t\t<\/div>\n\t\t<\/div>\n\t\t\t\t\t<\/div>\n\t\t<\/section>\n\t\t\t\t<section class=\"elementor-section elementor-top-section elementor-element elementor-element-f87e461 elementor-section-boxed elementor-section-height-default elementor-section-height-default\" data-id=\"f87e461\" data-element_type=\"section\">\n\t\t\t\t\t\t<div class=\"elementor-container elementor-column-gap-default\">\n\t\t\t\t\t<div class=\"elementor-column elementor-col-100 elementor-top-column elementor-element elementor-element-f6c6a8f\" data-id=\"f6c6a8f\" data-element_type=\"column\">\n\t\t\t<div class=\"elementor-widget-wrap elementor-element-populated\">\n\t\t\t\t\t\t<div class=\"elementor-element elementor-element-1e408e2 elementor-invisible elementor-widget elementor-widget-text-editor\" data-id=\"1e408e2\" data-element_type=\"widget\" data-settings=\"{&quot;_animation&quot;:&quot;fadeInDown&quot;}\" data-widget_type=\"text-editor.default\">\n\t\t\t\t<div class=\"elementor-widget-container\">\n\t\t\t\t\t\t\t\t\t<p><span class=\"fontstyle0\">Mivel a d\u00e9lvid\u00e9ki katolikus magyarok szinte teljes eg\u00e9sz\u00e9ben a B\u00e1cska \u00e9s a B\u00e1ns\u00e1g Jugoszl\u00e1vi\u00e1hoz ker\u00fclt r\u00e9sz\u00e9ben, teh\u00e1t a jelenlegi szabadkai \u00e9s nagybecskereki egyh\u00e1zmegy\u00e9k ter\u00fclet\u00e9n \u00e9lnek, ez\u00e9rt munk\u00e1mban e k\u00e9t egyh\u00e1zkorm\u00e1nyzati egys\u00e9g elm\u00falt sz\u00e1z \u00e9v\u00e9nek t\u00f6rt\u00e9n\u00e9seit tekintem \u00e1t. A Szer\u00e9ms\u00e9gben \u00e9s Belgr\u00e1dban \u00e9l\u0151 magyar katolikusokra csak \u00e9rint\u0151legesen t\u00e9rek ki.<\/span> <\/p>\t\t\t\t\t\t\t\t<\/div>\n\t\t\t\t<\/div>\n\t\t\t\t\t<\/div>\n\t\t<\/div>\n\t\t\t\t\t<\/div>\n\t\t<\/section>\n\t\t\t\t<section class=\"elementor-section elementor-top-section elementor-element elementor-element-a52dd74 elementor-section-boxed elementor-section-height-default elementor-section-height-default\" data-id=\"a52dd74\" data-element_type=\"section\">\n\t\t\t\t\t\t<div class=\"elementor-container elementor-column-gap-default\">\n\t\t\t\t\t<div class=\"elementor-column elementor-col-100 elementor-top-column elementor-element elementor-element-11cc1b5\" data-id=\"11cc1b5\" data-element_type=\"column\">\n\t\t\t<div class=\"elementor-widget-wrap elementor-element-populated\">\n\t\t\t\t\t\t<div class=\"elementor-element elementor-element-890d307 elementor-invisible elementor-widget elementor-widget-text-editor\" data-id=\"890d307\" data-element_type=\"widget\" data-settings=\"{&quot;_animation&quot;:&quot;wobble&quot;}\" data-widget_type=\"text-editor.default\">\n\t\t\t\t<div class=\"elementor-widget-container\">\n\t\t\t\t\t\t\t\t\t<p style=\"text-align: center;\"><span style=\"color: #993300;\"><strong><a style=\"color: #993300;\" href=\"http:\/\/vmdok.org.rs\/vajdasag\/wp-content\/uploads\/2021\/01\/VAJDASAG-3_2020_Orcsik.pdf\" target=\"_blank\" rel=\"noopener\">A tanulm\u00e1ny let\u00f6lt\u00e9se<\/a><\/strong><\/span><\/p>\t\t\t\t\t\t\t\t<\/div>\n\t\t\t\t<\/div>\n\t\t\t\t\t<\/div>\n\t\t<\/div>\n\t\t\t\t\t<\/div>\n\t\t<\/section>\n\t\t\t\t<\/div>\n\t\t","protected":false},"excerpt":{"rendered":"<p>Orcsik K\u00e1roly A magyar katolikusok helyzete a D\u00e9lvid\u00e9ken 1918 \u00e9s 2018 k\u00f6z\u00f6tt Bevezet\u0151 A katolikus egyh\u00e1z term\u00e9szet\u00e9n\u00e9l \u00e9s k\u00fcldet\u00e9s\u00e9n\u00e9l fogva nem nemzeti, hanem nemzetek feletti karakterrel rendelkezik. Kiv\u00e1ltk\u00e9ppen \u00e9rv\u00e9nyes ez a D\u00e9lvid\u00e9kre, ahol az oszm\u00e1n h\u00f3dolts\u00e1got k\u00f6vet\u0151 \u00fajratelep\u00edt\u00e9sb\u0151l kifoly\u00f3lag az itt \u00e9l\u0151 katolikusok k\u00fcl\u00f6nb\u00f6z\u0151 nemzetis\u00e9gekhez tartoznak: magyarok, horv\u00e1tok, n\u00e9metek, szlov\u00e1kok,\u2026<\/p>\n<p class=\"continue-reading-button\"> <a class=\"continue-reading-link\" href=\"http:\/\/vmdok.org.rs\/vajdasag\/vajdasag-iii\/a-magyar-katolikusok-helyzete-a-delvideken-1918-es-2018-kozott\/\">Tov\u00e1bb&#8230;<i class=\"crycon-right-dir\"><\/i><\/a><\/p>\n","protected":false},"author":1,"featured_media":0,"parent":173,"menu_order":310,"comment_status":"closed","ping_status":"closed","template":"","meta":{"footnotes":"","_links_to":"","_links_to_target":""},"class_list":["post-199","page","type-page","status-publish","hentry"],"_links":{"self":[{"href":"http:\/\/vmdok.org.rs\/vajdasag\/wp-json\/wp\/v2\/pages\/199","targetHints":{"allow":["GET"]}}],"collection":[{"href":"http:\/\/vmdok.org.rs\/vajdasag\/wp-json\/wp\/v2\/pages"}],"about":[{"href":"http:\/\/vmdok.org.rs\/vajdasag\/wp-json\/wp\/v2\/types\/page"}],"author":[{"embeddable":true,"href":"http:\/\/vmdok.org.rs\/vajdasag\/wp-json\/wp\/v2\/users\/1"}],"replies":[{"embeddable":true,"href":"http:\/\/vmdok.org.rs\/vajdasag\/wp-json\/wp\/v2\/comments?post=199"}],"version-history":[{"count":16,"href":"http:\/\/vmdok.org.rs\/vajdasag\/wp-json\/wp\/v2\/pages\/199\/revisions"}],"predecessor-version":[{"id":270,"href":"http:\/\/vmdok.org.rs\/vajdasag\/wp-json\/wp\/v2\/pages\/199\/revisions\/270"}],"up":[{"embeddable":true,"href":"http:\/\/vmdok.org.rs\/vajdasag\/wp-json\/wp\/v2\/pages\/173"}],"wp:attachment":[{"href":"http:\/\/vmdok.org.rs\/vajdasag\/wp-json\/wp\/v2\/media?parent=199"}],"curies":[{"name":"wp","href":"https:\/\/api.w.org\/{rel}","templated":true}]}}