{"id":198,"date":"2021-01-15T17:43:01","date_gmt":"2021-01-15T17:43:01","guid":{"rendered":"http:\/\/vmdok.org.rs\/vajdasag\/?page_id=198"},"modified":"2021-01-15T17:55:02","modified_gmt":"2021-01-15T17:55:02","slug":"a-kotet-szerzoi","status":"publish","type":"page","link":"http:\/\/vmdok.org.rs\/vajdasag\/vajdasag-iii\/a-kotet-szerzoi\/","title":{"rendered":"A k\u00f6tet szerz\u0151i"},"content":{"rendered":"\t\t<div data-elementor-type=\"wp-page\" data-elementor-id=\"198\" class=\"elementor elementor-198\">\n\t\t\t\t\t\t<section class=\"elementor-section elementor-top-section elementor-element elementor-element-aa14845 elementor-section-boxed elementor-section-height-default elementor-section-height-default\" data-id=\"aa14845\" data-element_type=\"section\">\n\t\t\t\t\t\t<div class=\"elementor-container elementor-column-gap-default\">\n\t\t\t\t\t<div class=\"elementor-column elementor-col-100 elementor-top-column elementor-element elementor-element-9b7ac97\" data-id=\"9b7ac97\" data-element_type=\"column\">\n\t\t\t<div class=\"elementor-widget-wrap elementor-element-populated\">\n\t\t\t\t\t\t<div class=\"elementor-element elementor-element-eefd8bb elementor-invisible elementor-widget elementor-widget-text-editor\" data-id=\"eefd8bb\" data-element_type=\"widget\" data-settings=\"{&quot;_animation&quot;:&quot;fadeInDown&quot;}\" data-widget_type=\"text-editor.default\">\n\t\t\t\t<div class=\"elementor-widget-container\">\n\t\t\t\t\t\t\t\t\t<p style=\"text-align: center;\"><strong>\u00a0<span class=\"fontstyle0\">Feh\u00e9r Viktor <\/span><\/strong><span class=\"fontstyle2\"><strong>(1993)<\/strong><br \/>Magyar nyelv \u00e9s irodalom szakos tan\u00e1r (\u00dajvid\u00e9ki Egyetem, BTK,<br \/>Magyar Nyelv \u00e9s Irodalom Tansz\u00e9k, 2017), N\u00e9prajz-kultur\u00e1lis antropol\u00f3gia mesterszakos b\u00f6lcs\u00e9sz (P\u00e9csi Tudom\u00e1nyegyetem, BTK,<br \/>N\u00e9prajz-Kultur\u00e1lis Antropol\u00f3gia Tansz\u00e9k 2019), PhD-hallgat\u00f3<br \/>(P\u00e9csi Tudom\u00e1nyegyetem, BTK, N\u00e9prajz-Kultur\u00e1lis Antropol\u00f3gia Tansz\u00e9k, 2017\u2013).<\/span><\/p>\t\t\t\t\t\t\t\t<\/div>\n\t\t\t\t<\/div>\n\t\t\t\t\t<\/div>\n\t\t<\/div>\n\t\t\t\t\t<\/div>\n\t\t<\/section>\n\t\t\t\t<section class=\"elementor-section elementor-top-section elementor-element elementor-element-16f14a9 elementor-section-boxed elementor-section-height-default elementor-section-height-default\" data-id=\"16f14a9\" data-element_type=\"section\">\n\t\t\t\t\t\t<div class=\"elementor-container elementor-column-gap-default\">\n\t\t\t\t\t<div class=\"elementor-column elementor-col-100 elementor-top-column elementor-element elementor-element-44cefce\" data-id=\"44cefce\" data-element_type=\"column\">\n\t\t\t<div class=\"elementor-widget-wrap elementor-element-populated\">\n\t\t\t\t\t\t<div class=\"elementor-element elementor-element-f07a494 elementor-invisible elementor-widget elementor-widget-text-editor\" data-id=\"f07a494\" data-element_type=\"widget\" data-settings=\"{&quot;_animation&quot;:&quot;fadeInDown&quot;}\" data-widget_type=\"text-editor.default\">\n\t\t\t\t<div class=\"elementor-widget-container\">\n\t\t\t\t\t\t\t\t\t<p style=\"text-align: center;\"><strong> <span class=\"fontstyle0\">Pfeiffer Attila <\/span><\/strong><span class=\"fontstyle2\"><strong>(1988)<\/strong><br \/>Egyetemi tan\u00e1rseg\u00e9d, doktorjel\u00f6lt. \u00dajvid\u00e9ki Egyetem, B\u00f6lcs\u00e9szettudom\u00e1nyi Kar, T\u00f6rt\u00e9nelem Tansz\u00e9k. Iskolai v\u00e9gzetts\u00e9g: okleveles t\u00f6rt\u00e9n\u00e9sz (\u00daE, BTK, 2011), mesterszakos t\u00f6rt\u00e9n\u00e9sz (\u00daE, BTK, 2013).<\/span><\/p>\t\t\t\t\t\t\t\t<\/div>\n\t\t\t\t<\/div>\n\t\t\t\t\t<\/div>\n\t\t<\/div>\n\t\t\t\t\t<\/div>\n\t\t<\/section>\n\t\t\t\t<section class=\"elementor-section elementor-top-section elementor-element elementor-element-13d35ba elementor-section-boxed elementor-section-height-default elementor-section-height-default\" data-id=\"13d35ba\" data-element_type=\"section\">\n\t\t\t\t\t\t<div class=\"elementor-container elementor-column-gap-default\">\n\t\t\t\t\t<div class=\"elementor-column elementor-col-100 elementor-top-column elementor-element elementor-element-537544e\" data-id=\"537544e\" data-element_type=\"column\">\n\t\t\t<div class=\"elementor-widget-wrap elementor-element-populated\">\n\t\t\t\t\t\t<div class=\"elementor-element elementor-element-8b102b9 elementor-invisible elementor-widget elementor-widget-text-editor\" data-id=\"8b102b9\" data-element_type=\"widget\" data-settings=\"{&quot;_animation&quot;:&quot;fadeInDown&quot;}\" data-widget_type=\"text-editor.default\">\n\t\t\t\t<div class=\"elementor-widget-container\">\n\t\t\t\t\t\t\t\t\t<p style=\"text-align: center;\"><strong> <span class=\"fontstyle0\">Orcsik K\u00e1roly, PhD <\/span><\/strong><span class=\"fontstyle2\"><strong>(1978)<\/strong><br \/>F\u0151iskolai adjunktus. Teol\u00f3giai-Kateketikai Int\u00e9zet, Szabadka. G\u00e1l Ferenc F\u0151iskola, Teol\u00f3giai Kar, Egyh\u00e1zt\u00f6rt\u00e9nelem Tansz\u00e9k. Iskolai v\u00e9gzetts\u00e9g: okleveles teol\u00f3gus (PUG, Roma 2002), egyh\u00e1zt\u00f6rt\u00e9nelem mesterszak (PUG, Roma 2005), teol\u00f3gia doktora (PIO, Roma 2015).<\/span><\/p>\t\t\t\t\t\t\t\t<\/div>\n\t\t\t\t<\/div>\n\t\t\t\t\t<\/div>\n\t\t<\/div>\n\t\t\t\t\t<\/div>\n\t\t<\/section>\n\t\t\t\t<section class=\"elementor-section elementor-top-section elementor-element elementor-element-4b0e748 elementor-section-boxed elementor-section-height-default elementor-section-height-default\" data-id=\"4b0e748\" data-element_type=\"section\">\n\t\t\t\t\t\t<div class=\"elementor-container elementor-column-gap-default\">\n\t\t\t\t\t<div class=\"elementor-column elementor-col-100 elementor-top-column elementor-element elementor-element-a25358d\" data-id=\"a25358d\" data-element_type=\"column\">\n\t\t\t<div class=\"elementor-widget-wrap elementor-element-populated\">\n\t\t\t\t\t\t<div class=\"elementor-element elementor-element-5b54177 elementor-invisible elementor-widget elementor-widget-text-editor\" data-id=\"5b54177\" data-element_type=\"widget\" data-settings=\"{&quot;_animation&quot;:&quot;fadeInDown&quot;}\" data-widget_type=\"text-editor.default\">\n\t\t\t\t<div class=\"elementor-widget-container\">\n\t\t\t\t\t\t\t\t\t<p style=\"text-align: center;\">\u00a0<strong><span class=\"fontstyle0\">Orosz Attila <\/span><\/strong><span class=\"fontstyle2\"><strong>(1970)<\/strong><br \/>Reform\u00e1tus lelkip\u00e1sztor, Reform\u00e1tus Egyh\u00e1zk\u00f6zs\u00e9g B\u00e1csfeketehegy, a B\u00e1cskai Egyh\u00e1zmegye esperese. Iskolai v\u00e9gzetts\u00e9g: okleveles teol\u00f3gus (Protest\u00e1ns Teol\u00f3giai Int\u00e9zet Kolozsv\u00e1r, 2000).<\/span> <\/p>\t\t\t\t\t\t\t\t<\/div>\n\t\t\t\t<\/div>\n\t\t\t\t\t<\/div>\n\t\t<\/div>\n\t\t\t\t\t<\/div>\n\t\t<\/section>\n\t\t\t\t<\/div>\n\t\t","protected":false},"excerpt":{"rendered":"<p>\u00a0Feh\u00e9r Viktor (1993)Magyar nyelv \u00e9s irodalom szakos tan\u00e1r (\u00dajvid\u00e9ki Egyetem, BTK,Magyar Nyelv \u00e9s Irodalom Tansz\u00e9k, 2017), N\u00e9prajz-kultur\u00e1lis antropol\u00f3gia mesterszakos b\u00f6lcs\u00e9sz (P\u00e9csi Tudom\u00e1nyegyetem, BTK,N\u00e9prajz-Kultur\u00e1lis Antropol\u00f3gia Tansz\u00e9k 2019), PhD-hallgat\u00f3(P\u00e9csi Tudom\u00e1nyegyetem, BTK, N\u00e9prajz-Kultur\u00e1lis Antropol\u00f3gia Tansz\u00e9k, 2017\u2013). Pfeiffer Attila (1988)Egyetemi tan\u00e1rseg\u00e9d, doktorjel\u00f6lt. \u00dajvid\u00e9ki Egyetem, B\u00f6lcs\u00e9szettudom\u00e1nyi Kar, T\u00f6rt\u00e9nelem Tansz\u00e9k. Iskolai v\u00e9gzetts\u00e9g: okleveles t\u00f6rt\u00e9n\u00e9sz (\u00daE, BTK,\u2026<\/p>\n<p class=\"continue-reading-button\"> <a class=\"continue-reading-link\" href=\"http:\/\/vmdok.org.rs\/vajdasag\/vajdasag-iii\/a-kotet-szerzoi\/\">Tov\u00e1bb&#8230;<i class=\"crycon-right-dir\"><\/i><\/a><\/p>\n","protected":false},"author":1,"featured_media":0,"parent":173,"menu_order":350,"comment_status":"closed","ping_status":"closed","template":"","meta":{"footnotes":"","_links_to":"","_links_to_target":""},"class_list":["post-198","page","type-page","status-publish","hentry"],"_links":{"self":[{"href":"http:\/\/vmdok.org.rs\/vajdasag\/wp-json\/wp\/v2\/pages\/198","targetHints":{"allow":["GET"]}}],"collection":[{"href":"http:\/\/vmdok.org.rs\/vajdasag\/wp-json\/wp\/v2\/pages"}],"about":[{"href":"http:\/\/vmdok.org.rs\/vajdasag\/wp-json\/wp\/v2\/types\/page"}],"author":[{"embeddable":true,"href":"http:\/\/vmdok.org.rs\/vajdasag\/wp-json\/wp\/v2\/users\/1"}],"replies":[{"embeddable":true,"href":"http:\/\/vmdok.org.rs\/vajdasag\/wp-json\/wp\/v2\/comments?post=198"}],"version-history":[{"count":7,"href":"http:\/\/vmdok.org.rs\/vajdasag\/wp-json\/wp\/v2\/pages\/198\/revisions"}],"predecessor-version":[{"id":214,"href":"http:\/\/vmdok.org.rs\/vajdasag\/wp-json\/wp\/v2\/pages\/198\/revisions\/214"}],"up":[{"embeddable":true,"href":"http:\/\/vmdok.org.rs\/vajdasag\/wp-json\/wp\/v2\/pages\/173"}],"wp:attachment":[{"href":"http:\/\/vmdok.org.rs\/vajdasag\/wp-json\/wp\/v2\/media?parent=198"}],"curies":[{"name":"wp","href":"https:\/\/api.w.org\/{rel}","templated":true}]}}