{"id":14,"date":"2017-12-27T21:02:12","date_gmt":"2017-12-27T21:02:12","guid":{"rendered":"http:\/\/vmdok.org.rs\/kotet\/?page_id=14"},"modified":"2017-12-28T11:09:28","modified_gmt":"2017-12-28T11:09:28","slug":"vajdasag-nemzetkozi-gazdasagi-es-politikai-kapcsolatai","status":"publish","type":"page","link":"http:\/\/vmdok.org.rs\/vajdasag\/i-kotet\/vajdasag-nemzetkozi-gazdasagi-es-politikai-kapcsolatai\/","title":{"rendered":"Vajdas\u00e1g nemzetk\u00f6zi gazdas\u00e1gi \u00e9s politikai kapcsolatai"},"content":{"rendered":"<h4 style=\"text-align: center;\"><strong>R\u00f3zsa Rita:<\/strong><\/h4>\n<h4 style=\"text-align: center;\"><em>Vajdas\u00e1g nemzetk\u00f6zi gazdas\u00e1gi \u00e9s politikai kapcsolatai<\/em><\/h4>\n<p>&nbsp;<\/p>\n<p style=\"text-align: justify;\"><span class=\"fontstyle0\">A tanulm\u00e1ny az 1990-es \u00e9vekt\u0151l vizsg\u00e1lja Vajdas\u00e1g nemzetk\u00f6zi gazdas\u00e1gi\u00a0\u00e9s politikai kapcsolatainak alakul\u00e1s\u00e1t. Eml\u00edt\u00e9st kell tenni olyan \u00e1llamk\u00f6zi region\u00e1lis egy\u00fcttm\u0171k\u00f6d\u00e9si form\u00e1kr\u00f3l, melyek Szerbi\u00e1t, k\u00f6zvetve pedig\u00a0Vajdas\u00e1got is \u00e9rintett\u00e9k. 1989-ben l\u00e9trej\u00f6tt K\u00f6z\u00e9p-eur\u00f3pai Kezdem\u00e9nyez\u00e9s\u00a0n\u00e9vvel egy olyan dokumentum, melynek 17 m\u0171k\u00f6d\u00e9si ter\u00fclete van, de ide\u00a0sorolhatjuk az 1996-os D\u00e9lkelet-eur\u00f3pai Egy\u00fcttm\u0171k\u00f6d\u00e9si Kezdem\u00e9nyez\u00e9st,\u00a0az 1998-as D\u00e9lkelet-eur\u00f3pai Egy\u00fcttm\u0171k\u00f6d\u00e9si Folyamatot, a D\u00e9lkelet-eur\u00f3pai Stabilit\u00e1si Szerz\u0151d\u00e9s al\u00e1\u00edr\u00e1s\u00e1t 1999-b\u0151l, az Adria-J\u00f3n-tengeri Kezdem\u00e9nyez\u00e9st 2000 m\u00e1jus\u00e1b\u00f3l \u00e9s a Duna-menti Egy\u00fcttm\u0171k\u00f6d\u00e9si Folyamatot,\u00a0melyet 2002-ben ind\u00edtottak \u00fatj\u00e1ra, illetve a 2011-es magyar soros eln\u00f6ks\u00e9g\u00a0alatt l\u00e9trej\u00f6tt Duna R\u00e9gi\u00f3 Strat\u00e9gi\u00e1t.<\/span><\/p>\n<p style=\"text-align: justify;\"><span class=\"fontstyle0\">L\u00e9trej\u00f6ttek szubregion\u00e1lis egy\u00fcttm\u0171k\u00f6d\u00e9si form\u00e1k, mint a Duna-menti Ter\u00fcleti Egys\u00e9gek Munkak\u00f6z\u00f6ss\u00e9ge \u00e9s a Duna\u2013K\u00f6r\u00f6s\u2013Maros\u2013Tisza\u00a0Region\u00e1lis Egy\u00fcttm\u0171k\u00f6d\u00e9s (DKMT). Ezenfel\u00fcl az EU Vajdas\u00e1got \u00e9rint\u0151\u00a0programjai k\u00f6z\u00fcl bevezet\u00e9sre ker\u00fclt a Szomsz\u00e9ds\u00e1gi Programok rendszere,\u00a0melynek az volt a c\u00e9lja, hogy az uni\u00f3 k\u00fcls\u0151 hat\u00e1rain fekv\u0151 ter\u00fcletek is r\u00e9szes\u00fclhessenek t\u00e1mogat\u00e1sokban.<\/span><\/p>\n<p style=\"text-align: justify;\"><span class=\"fontstyle0\">Fontos kiemelni a k\u00fclkapcsolatok egy m\u00e1sik form\u00e1j\u00e1t: a v\u00e1rosdiplom\u00e1ci\u00e1t,\u00a0a testv\u00e9rv\u00e1ros-h\u00e1l\u00f3zatok kialakul\u00e1s\u00e1t. A v\u00e1rosok szintj\u00e9n meghozott d\u00f6nt\u00e9seknek itt \u00f6sszhangban kell lenni\u00fck az orsz\u00e1g k\u00fclpolitikai, gazdas\u00e1gi \u00e9s kultur\u00e1lis\u00a0c\u00e9lkit\u0171z\u00e9seivel, \u00e1m ennek ellen\u00e9re m\u00e9gis alkalmasak arra, hogy a helyi \u00e9rdekeket tarts\u00e1k szem el\u0151tt. Vajdas\u00e1g telep\u00fcl\u00e9sei e tekintetben m\u00e1r egy j\u00f3l ki\u00e9p\u00edtett\u00a0testv\u00e9rv\u00e1ros-h\u00e1l\u00f3zattal rendelkeznek, mely el\u0151seg\u00edti a helyi, speci\u00e1lis probl\u00e9m\u00e1k kezel\u00e9s\u00e9t. A testv\u00e9rv\u00e1rosok mellett meg kell eml\u00edteni, hogy Vajdas\u00e1g AT\u00a0k\u00e9pvisel\u0151h\u00e1z\u00e1nak is m\u0171k\u00f6dik egy r\u00e9gi\u00f3k\u00f6zi egy\u00fcttm\u0171k\u00f6d\u00e9si h\u00e1l\u00f3zata, melynek f\u0151 c\u00e9lja a r\u00e9gi\u00f3k k\u00f6z\u00f6tti kultur\u00e1lis \u00e9s gazdas\u00e1gi partnerkapcsolatok \u00e9l\u00e9nk\u00edt\u00e9se. A tartom\u00e1ny a k\u00f6vetkez\u0151 r\u00e9gi\u00f3kkal m\u0171k\u00f6dik egy\u00fctt: Vukov\u00e1r-Szer\u00e9m\u00a0megye, Fels\u0151-Ausztria, Isztria megye, St\u00e1jerorsz\u00e1g, Feh\u00e9r megye, Kirovohrad,\u00a0J\u00e1sz-Nagykun-Szolnok megye, B\u00e1cs-Kiskun, Hessen, Csongr\u00e1d, Boszniai\u00a0Szerb K\u00f6zt\u00e1rsas\u00e1g, Baden-W\u00fcrttemberg Tartom\u00e1ny, Eperjesi ker\u00fclet.<\/span><br \/>\n<span class=\"fontstyle0\"><br \/>\nA R\u00e9gi\u00f3k Eur\u00f3pai Bizotts\u00e1g\u00e1t 1994-ben hozt\u00e1k l\u00e9tre, azzal a c\u00e9llal, hogy\u00a0az EU jogszab\u00e1lyainak nagy r\u00e9sz\u00e9t helyi vagy region\u00e1lis szinten \u00e1t\u00fcltess\u00e9k\u00a0a gyakorlatba. Ez a kezdem\u00e9nyez\u00e9s szint\u00e9n nagy szerepet j\u00e1tszik Vajdas\u00e1g\u00a0Eur\u00f3p\u00e1hoz val\u00f3 felz\u00e1rk\u00f3z\u00e1s\u00e1ban, k\u00fcl\u00f6n\u00f6s tekintettel a nemzeti kisebbs\u00e9gekre. Ebben seg\u00edt Vajdas\u00e1g br\u00fcsszeli irod\u00e1ja, melyet 2011-ben nyitottak meg.\u00a0Mindezek jelent\u0151sen hozz\u00e1j\u00e1rulnak egy eur\u00f3pai Vajdas\u00e1g kialakul\u00e1s\u00e1hoz,\u00a0illetve ahhoz, hogy az itt \u00e9l\u0151 kisebbs\u00e9gek jogait helyi szinten is szavatolni\u00a0tudj\u00e1k.<\/span><\/p>\n<h5 style=\"text-align: center;\"><a href=\"http:\/\/vmdok.org.rs\/vajdasag\/wp-content\/uploads\/2017\/12\/05-R\u00f3zsa-Rita.pdf\" target=\"_blank\" rel=\"noopener\">A tanulm\u00e1ny let\u00f6lt\u00e9se<\/a><\/h5>\n","protected":false},"excerpt":{"rendered":"<p>R\u00f3zsa Rita: Vajdas\u00e1g nemzetk\u00f6zi gazdas\u00e1gi \u00e9s politikai kapcsolatai &nbsp; A tanulm\u00e1ny az 1990-es \u00e9vekt\u0151l vizsg\u00e1lja Vajdas\u00e1g nemzetk\u00f6zi gazdas\u00e1gi\u00a0\u00e9s politikai kapcsolatainak alakul\u00e1s\u00e1t. Eml\u00edt\u00e9st kell tenni olyan \u00e1llamk\u00f6zi region\u00e1lis egy\u00fcttm\u0171k\u00f6d\u00e9si form\u00e1kr\u00f3l, melyek Szerbi\u00e1t, k\u00f6zvetve pedig\u00a0Vajdas\u00e1got is \u00e9rintett\u00e9k. 1989-ben l\u00e9trej\u00f6tt K\u00f6z\u00e9p-eur\u00f3pai Kezdem\u00e9nyez\u00e9s\u00a0n\u00e9vvel egy olyan dokumentum, melynek 17 m\u0171k\u00f6d\u00e9si ter\u00fclete van, de ide\u00a0sorolhatjuk az\u2026<\/p>\n<p class=\"continue-reading-button\"> <a class=\"continue-reading-link\" href=\"http:\/\/vmdok.org.rs\/vajdasag\/i-kotet\/vajdasag-nemzetkozi-gazdasagi-es-politikai-kapcsolatai\/\">Tov\u00e1bb&#8230;<i class=\"crycon-right-dir\"><\/i><\/a><\/p>\n","protected":false},"author":1,"featured_media":0,"parent":6,"menu_order":150,"comment_status":"closed","ping_status":"closed","template":"","meta":{"footnotes":"","_links_to":"","_links_to_target":""},"class_list":["post-14","page","type-page","status-publish","hentry"],"_links":{"self":[{"href":"http:\/\/vmdok.org.rs\/vajdasag\/wp-json\/wp\/v2\/pages\/14","targetHints":{"allow":["GET"]}}],"collection":[{"href":"http:\/\/vmdok.org.rs\/vajdasag\/wp-json\/wp\/v2\/pages"}],"about":[{"href":"http:\/\/vmdok.org.rs\/vajdasag\/wp-json\/wp\/v2\/types\/page"}],"author":[{"embeddable":true,"href":"http:\/\/vmdok.org.rs\/vajdasag\/wp-json\/wp\/v2\/users\/1"}],"replies":[{"embeddable":true,"href":"http:\/\/vmdok.org.rs\/vajdasag\/wp-json\/wp\/v2\/comments?post=14"}],"version-history":[{"count":8,"href":"http:\/\/vmdok.org.rs\/vajdasag\/wp-json\/wp\/v2\/pages\/14\/revisions"}],"predecessor-version":[{"id":78,"href":"http:\/\/vmdok.org.rs\/vajdasag\/wp-json\/wp\/v2\/pages\/14\/revisions\/78"}],"up":[{"embeddable":true,"href":"http:\/\/vmdok.org.rs\/vajdasag\/wp-json\/wp\/v2\/pages\/6"}],"wp:attachment":[{"href":"http:\/\/vmdok.org.rs\/vajdasag\/wp-json\/wp\/v2\/media?parent=14"}],"curies":[{"name":"wp","href":"https:\/\/api.w.org\/{rel}","templated":true}]}}