{"id":12,"date":"2017-12-27T21:01:46","date_gmt":"2017-12-27T21:01:46","guid":{"rendered":"http:\/\/vmdok.org.rs\/kotet\/?page_id=12"},"modified":"2017-12-28T11:09:07","modified_gmt":"2017-12-28T11:09:07","slug":"vajdasag-mezogazdasagi-jellemzoi","status":"publish","type":"page","link":"http:\/\/vmdok.org.rs\/vajdasag\/i-kotet\/vajdasag-mezogazdasagi-jellemzoi\/","title":{"rendered":"Vajdas\u00e1g mez\u0151gazdas\u00e1gi jellemz\u0151i"},"content":{"rendered":"<h4 style=\"text-align: center;\"><strong>Kov\u00e1cs S\u00e1rk\u00e1ny Hajnalka \u2013 Kov\u00e1cs Vilmos:<\/strong><\/h4>\n<h4 style=\"text-align: center;\"><em>Vajdas\u00e1g mez\u0151gazdas\u00e1gi jellemz\u0151i<\/em><\/h4>\n<p>&nbsp;<\/p>\n<p style=\"text-align: justify;\"><span class=\"fontstyle0\">A kedvez\u0151 ter\u00fcleti adotts\u00e1goknak k\u00f6sz\u00f6nhet\u0151en Vajdas\u00e1g ter\u00fclet\u00e9n a f\u00f6ldm\u0171vel\u00e9s \u00e9s az \u00e1llatteny\u00e9szt\u00e9s hagyom\u00e1nya nagy m\u00faltra tekint vissza. A tartom\u00e1ny lakoss\u00e1g\u00e1nak t\u00falnyom\u00f3 r\u00e9sze a mai napig valamilyen m\u00f3don kapcsolatban \u00e1ll a mez\u0151gazdas\u00e1gi tev\u00e9kenys\u00e9ggel. Az \u00e1gazat n\u00e9h\u00e1ny \u00e9vtizede m\u00e9g\u00a0az ipar\u00e1gak palett\u00e1j\u00e1n az egyik legjelent\u0151sebb volt, de m\u00e9g ma is jelent\u0151s\u00a0szerepet t\u00f6lt be az orsz\u00e1g gazdas\u00e1g\u00e1ban. Az 1990-es \u00e9vekben az orsz\u00e1got s\u00fajt\u00f3\u00a0gazdas\u00e1gi z\u00e1rlat \u00e9s a politikai viharok nagyban h\u00e1tr\u00e1ltatt\u00e1k az \u00e1gazat fejl\u0151d\u00e9s\u00e9t. A viszonylagos politikai stabilit\u00e1s kialakul\u00e1sa, a gazdas\u00e1gi embarg\u00f3 megsz\u0171n\u00e9se \u00e9s a feldolgoz\u00f3ipar privatiz\u00e1ci\u00f3s folyamat\u00e1nak a megindul\u00e1sa pedig\u00a0jelent\u0151sen hozz\u00e1j\u00e1rultak a mez\u0151gazdas\u00e1g fellend\u00fcl\u00e9s\u00e9hez.<\/span><\/p>\n<p style=\"text-align: justify;\"><span class=\"fontstyle0\">Az elm\u00falt id\u0151szakban a mez\u0151gazdas\u00e1gi termel\u0151k z\u00f6m\u00e9nek g\u00e9pei \u00e9s \u0151k\u00a0maguk is el\u00f6regedtek, a termeszt\u00e9stechnol\u00f3gi\u00e1juk pedig elavult. Azonban\u00a0ezzel a folyamattal egy id\u0151ben megjelentek a magasan szakk\u00e9pzett, nagy term\u0151ter\u00fcleteket megm\u0171vel\u0151 fatal gazd\u00e1k is. A v\u00e1ltoz\u00e1s sor\u00e1n az a tendencia\u00a0l\u00e1tszik kirajzol\u00f3dni, hogy egyre kevesebben \u00e9s egyre nagyobb f\u00f6ldter\u00fcleteken\u00a0v\u00e9gzik a mez\u0151gazdas\u00e1gi tev\u00e9kenys\u00e9get.<br \/>\n<\/span><\/p>\n<p style=\"text-align: justify;\"><span class=\"fontstyle0\">A tanulm\u00e1ny c\u00e9lja, hogy \u00e1tfog\u00f3 k\u00e9pet ny\u00fajtson a vajdas\u00e1gi mez\u0151gazdas\u00e1g\u00a0jellemz\u0151ir\u0151l, k\u00fcl\u00f6n\u00f6s tekintettel a 2004-t\u0151l kezd\u0151d\u0151 id\u0151szakra vonatkoz\u00f3an. M\u00f3dszertanilag a tanulm\u00e1ny szakirodalmi feldolgoz\u00e1sok \u00e9s statisztikai adatok elemz\u00e9s\u00e9n alapul.<\/span><\/p>\n<h5 style=\"text-align: center;\"><a href=\"http:\/\/vmdok.org.rs\/vajdasag\/wp-content\/uploads\/2017\/12\/03-Kov\u00e1cs-S\u00e1rk\u00e1ny-Kov\u00e1cs.pdf\" target=\"_blank\" rel=\"noopener\">A tanulm\u00e1ny let\u00f6lt\u00e9se<\/a><\/h5>\n","protected":false},"excerpt":{"rendered":"<p>Kov\u00e1cs S\u00e1rk\u00e1ny Hajnalka \u2013 Kov\u00e1cs Vilmos: Vajdas\u00e1g mez\u0151gazdas\u00e1gi jellemz\u0151i &nbsp; A kedvez\u0151 ter\u00fcleti adotts\u00e1goknak k\u00f6sz\u00f6nhet\u0151en Vajdas\u00e1g ter\u00fclet\u00e9n a f\u00f6ldm\u0171vel\u00e9s \u00e9s az \u00e1llatteny\u00e9szt\u00e9s hagyom\u00e1nya nagy m\u00faltra tekint vissza. A tartom\u00e1ny lakoss\u00e1g\u00e1nak t\u00falnyom\u00f3 r\u00e9sze a mai napig valamilyen m\u00f3don kapcsolatban \u00e1ll a mez\u0151gazdas\u00e1gi tev\u00e9kenys\u00e9ggel. Az \u00e1gazat n\u00e9h\u00e1ny \u00e9vtizede m\u00e9g\u00a0az ipar\u00e1gak palett\u00e1j\u00e1n az\u2026<\/p>\n<p class=\"continue-reading-button\"> <a class=\"continue-reading-link\" href=\"http:\/\/vmdok.org.rs\/vajdasag\/i-kotet\/vajdasag-mezogazdasagi-jellemzoi\/\">Tov\u00e1bb&#8230;<i class=\"crycon-right-dir\"><\/i><\/a><\/p>\n","protected":false},"author":1,"featured_media":0,"parent":6,"menu_order":130,"comment_status":"closed","ping_status":"closed","template":"","meta":{"footnotes":"","_links_to":"","_links_to_target":""},"class_list":["post-12","page","type-page","status-publish","hentry"],"_links":{"self":[{"href":"http:\/\/vmdok.org.rs\/vajdasag\/wp-json\/wp\/v2\/pages\/12","targetHints":{"allow":["GET"]}}],"collection":[{"href":"http:\/\/vmdok.org.rs\/vajdasag\/wp-json\/wp\/v2\/pages"}],"about":[{"href":"http:\/\/vmdok.org.rs\/vajdasag\/wp-json\/wp\/v2\/types\/page"}],"author":[{"embeddable":true,"href":"http:\/\/vmdok.org.rs\/vajdasag\/wp-json\/wp\/v2\/users\/1"}],"replies":[{"embeddable":true,"href":"http:\/\/vmdok.org.rs\/vajdasag\/wp-json\/wp\/v2\/comments?post=12"}],"version-history":[{"count":9,"href":"http:\/\/vmdok.org.rs\/vajdasag\/wp-json\/wp\/v2\/pages\/12\/revisions"}],"predecessor-version":[{"id":76,"href":"http:\/\/vmdok.org.rs\/vajdasag\/wp-json\/wp\/v2\/pages\/12\/revisions\/76"}],"up":[{"embeddable":true,"href":"http:\/\/vmdok.org.rs\/vajdasag\/wp-json\/wp\/v2\/pages\/6"}],"wp:attachment":[{"href":"http:\/\/vmdok.org.rs\/vajdasag\/wp-json\/wp\/v2\/media?parent=12"}],"curies":[{"name":"wp","href":"https:\/\/api.w.org\/{rel}","templated":true}]}}