{"id":113,"date":"2018-06-29T17:55:25","date_gmt":"2018-06-29T17:55:25","guid":{"rendered":"http:\/\/vmdok.org.rs\/vajdasag\/?page_id=113"},"modified":"2018-07-09T12:05:18","modified_gmt":"2018-07-09T12:05:18","slug":"a-szerbiaban-elo-nemzeti-kisebbsegek-oktataspolitikai-jellemzoi","status":"publish","type":"page","link":"http:\/\/vmdok.org.rs\/vajdasag\/vajdasag-ii\/a-szerbiaban-elo-nemzeti-kisebbsegek-oktataspolitikai-jellemzoi\/","title":{"rendered":"A Szerbi\u00e1ban \u00e9l\u0151 nemzeti kisebbs\u00e9gek oktat\u00e1spolitikai jellemz\u0151i"},"content":{"rendered":"<h4 style=\"text-align: center;\"><strong>\u0160abi\u0107 Norbert<\/strong><\/h4>\n<h4 style=\"text-align: center;\"><em>A Szerbi\u00e1ban \u00e9l\u0151 nemzeti kisebbs\u00e9gek oktat\u00e1spolitikai jellemz\u0151i<\/em><\/h4>\n<h5 style=\"text-align: center;\"><em>Bevezet\u0151<\/em><\/h5>\n<p style=\"text-align: justify;\">A Szerbi\u00e1ban \u00e9l\u0151 nemzeti kisebbs\u00e9gek oktat\u00e1sa \u00e9s nevel\u00e9se szerves r\u00e9sz\u00e9t k\u00e9pezi az orsz\u00e1gos oktat\u00e1si \u00e9s nevel\u00e9si rendszernek. A nemzeti kisebbs\u00e9gek sz\u00e1m\u00e1ra az orsz\u00e1g alkotm\u00e1nya garant\u00e1lja az anyanyelv\u0171 oktat\u00e1shoz \u00e9s nevel\u00e9shez val\u00f3 jogot a k\u00f6zoktat\u00e1si int\u00e9zm\u00e9nyekben. A szerbiai t\u00f6rv\u00e9nyek ennek megfelel\u0151en szab\u00e1lyozz\u00e1k a kisebbs\u00e9gek r\u00e9szv\u00e9tel\u00e9t a k\u00f6zoktat\u00e1sban, illetve a fels\u0151oktat\u00e1sban, tiszteletben tartva minden olyan jogot, amellyel a nemzeti kisebbs\u00e9gek az oktat\u00e1s \u00e9s nyelvhaszn\u00e1lat ter\u00fclet\u00e9n rendelkeznek. A nemzeti kisebbs\u00e9gek oktat\u00e1s\u00e1nak legf\u0151bb feladata biztos\u00edtani egyr\u00e9szr\u0151l a min\u0151s\u00e9gi oktat\u00e1shoz val\u00f3 jogot, ami lehet\u0151v\u00e9 teszi sz\u00e1mukra, hogy akt\u00edv \u00e9s egyenrang\u00fa tagjai legyenek a Szerb K\u00f6zt\u00e1rsas\u00e1gnak, m\u00e1sfel\u0151l a nemzeti \u00e9s kultur\u00e1lis identit\u00e1s meg\u0151rz\u00e9s\u00e9nek \u00e9s fejleszt\u00e9s\u00e9nek lehet\u0151s\u00e9g\u00e9t. Ez\u00e9rt azon int\u00e9zm\u00e9nyek, amelyek oktat\u00e1si vagy nevel\u00e9si programokat val\u00f3s\u00edtanak meg valamelyik kisebbs\u00e9g nyelv\u00e9n, tantervbe foglalj\u00e1k az adott kisebbs\u00e9g t\u00f6rt\u00e9nelm\u00e9t, m\u0171v\u00e9szet\u00e9t \u00e9s kult\u00far\u00e1j\u00e1t. Az eml\u00edtett jogokat a nevel\u00e9s legels\u0151 l\u00e9pcs\u0151fok\u00e1t\u00f3l, a b\u00f6lcs\u0151d\u00e9t\u0151l eg\u00e9szen a fels\u0151oktat\u00e1sig biztos\u00edtani kell. Ennek t\u00fckr\u00e9ben a fejezetben k\u00fcl\u00f6n-k\u00fcl\u00f6n ker\u00fcl bemutat\u00e1sra mindegyik oktat\u00e1si szint, illetve az is, mik\u00e9nt val\u00f3sul meg a gyakorlatban a kisebbs\u00e9gek r\u00e9szv\u00e9tele az adott oktat\u00e1si \u00e9s nevel\u00e9si int\u00e9zm\u00e9nyrendszerben.<\/p>\n<p style=\"text-align: justify;\">A nemzeti kisebbs\u00e9gek oktat\u00e1s\u00e1nak \u00e9s nevel\u00e9s\u00e9nek a hat\u00e9konys\u00e1g\u00e1t t\u00f6bb mutat\u00f3 ment\u00e9n lehet elemezni. Ilyenek p\u00e9ld\u00e1ul a) a kiz\u00e1r\u00f3lag vagy r\u00e9szben a kisebbs\u00e9gi nyelven oktat\u00f3 int\u00e9zm\u00e9nyek sz\u00e1ma, b) a kisebbs\u00e9gi nyelv\u0171 tagozatok sz\u00e1ma, c) a kisebbs\u00e9gi tagozatokon tanul\u00f3 di\u00e1kok sz\u00e1ma, d) a kisebbs\u00e9gi nyelv\u0171 tank\u00f6nyvek sz\u00e1ma \u00e9s min\u0151s\u00e9ge, e) a kisebbs\u00e9gi nyelven is oktat\u00f3 tan\u00e1rok sz\u00e1ma, \u00e9s f) a kiz\u00e1r\u00f3lag vagy r\u00e9szben a kisebbs\u00e9g nyelv\u00e9n megval\u00f3sul\u00f3 fels\u0151oktat\u00e1si programok sz\u00e1ma. A legt\u00f6bb esetben ezeket a mutat\u00f3kat veszik figyelembe a szakpolitik\u00e1k megfogalmaz\u00e1s\u00e1n\u00e1l, \u00e9s a fejezet is ezeket k\u00edv\u00e1nja r\u00e9szletezni az el\u00e9rhet\u0151 \u00e9s nyilv\u00e1nos adatokra t\u00e1maszkodva.<\/p>\n<p style=\"text-align: center;\"><a href=\"http:\/\/vmdok.org.rs\/vajdasag\/wp-content\/uploads\/2018\/06\/04-Sabic-Norbert.pdf\" target=\"_blank\" rel=\"noopener\">A tanulm\u00e1ny let\u00f6lt\u00e9se<\/a><\/p>\n","protected":false},"excerpt":{"rendered":"<p>\u0160abi\u0107 Norbert A Szerbi\u00e1ban \u00e9l\u0151 nemzeti kisebbs\u00e9gek oktat\u00e1spolitikai jellemz\u0151i Bevezet\u0151 A Szerbi\u00e1ban \u00e9l\u0151 nemzeti kisebbs\u00e9gek oktat\u00e1sa \u00e9s nevel\u00e9se szerves r\u00e9sz\u00e9t k\u00e9pezi az orsz\u00e1gos oktat\u00e1si \u00e9s nevel\u00e9si rendszernek. A nemzeti kisebbs\u00e9gek sz\u00e1m\u00e1ra az orsz\u00e1g alkotm\u00e1nya garant\u00e1lja az anyanyelv\u0171 oktat\u00e1shoz \u00e9s nevel\u00e9shez val\u00f3 jogot a k\u00f6zoktat\u00e1si int\u00e9zm\u00e9nyekben. A szerbiai t\u00f6rv\u00e9nyek ennek megfelel\u0151en\u2026<\/p>\n<p class=\"continue-reading-button\"> <a class=\"continue-reading-link\" href=\"http:\/\/vmdok.org.rs\/vajdasag\/vajdasag-ii\/a-szerbiaban-elo-nemzeti-kisebbsegek-oktataspolitikai-jellemzoi\/\">Tov\u00e1bb&#8230;<i class=\"crycon-right-dir\"><\/i><\/a><\/p>\n","protected":false},"author":1,"featured_media":0,"parent":103,"menu_order":240,"comment_status":"closed","ping_status":"closed","template":"","meta":{"footnotes":"","_links_to":"","_links_to_target":""},"class_list":["post-113","page","type-page","status-publish","hentry"],"_links":{"self":[{"href":"http:\/\/vmdok.org.rs\/vajdasag\/wp-json\/wp\/v2\/pages\/113","targetHints":{"allow":["GET"]}}],"collection":[{"href":"http:\/\/vmdok.org.rs\/vajdasag\/wp-json\/wp\/v2\/pages"}],"about":[{"href":"http:\/\/vmdok.org.rs\/vajdasag\/wp-json\/wp\/v2\/types\/page"}],"author":[{"embeddable":true,"href":"http:\/\/vmdok.org.rs\/vajdasag\/wp-json\/wp\/v2\/users\/1"}],"replies":[{"embeddable":true,"href":"http:\/\/vmdok.org.rs\/vajdasag\/wp-json\/wp\/v2\/comments?post=113"}],"version-history":[{"count":5,"href":"http:\/\/vmdok.org.rs\/vajdasag\/wp-json\/wp\/v2\/pages\/113\/revisions"}],"predecessor-version":[{"id":148,"href":"http:\/\/vmdok.org.rs\/vajdasag\/wp-json\/wp\/v2\/pages\/113\/revisions\/148"}],"up":[{"embeddable":true,"href":"http:\/\/vmdok.org.rs\/vajdasag\/wp-json\/wp\/v2\/pages\/103"}],"wp:attachment":[{"href":"http:\/\/vmdok.org.rs\/vajdasag\/wp-json\/wp\/v2\/media?parent=113"}],"curies":[{"name":"wp","href":"https:\/\/api.w.org\/{rel}","templated":true}]}}