{"id":111,"date":"2018-06-29T17:54:34","date_gmt":"2018-06-29T17:54:34","guid":{"rendered":"http:\/\/vmdok.org.rs\/vajdasag\/?page_id=111"},"modified":"2018-07-09T12:07:47","modified_gmt":"2018-07-09T12:07:47","slug":"a-nemzeti-kisebbsegek-nemzeti-tanacsai-a-vajdasagban","status":"publish","type":"page","link":"http:\/\/vmdok.org.rs\/vajdasag\/vajdasag-ii\/a-nemzeti-kisebbsegek-nemzeti-tanacsai-a-vajdasagban\/","title":{"rendered":"A nemzeti kisebbs\u00e9gek nemzeti tan\u00e1csai a Vajdas\u00e1gban"},"content":{"rendered":"<h4 style=\"text-align: center;\"><strong>Pap Tibor<\/strong><\/h4>\n<h4 style=\"text-align: center;\"><em>A nemzeti kisebbs\u00e9gek nemzeti tan\u00e1csai <\/em><br \/>\n<em>a Vajdas\u00e1gban<\/em><\/h4>\n<h5 style=\"text-align: center;\">T\u00e1rsadalomelm\u00e9leti b\u00e1zis\u00fa elemz\u00e9s az int\u00e9zm\u00e9ny kialakul\u00e1s\u00e1r\u00f3l, szerep\u00e9r\u0151l, valamint az egym\u00e1st\u00f3l l\u00e9nyegi jegyekben elt\u00e9r\u0151 t\u00e1rsadalmi nagycsoportok helyzet\u00e9nek egyazon int\u00e9zm\u00e9ny r\u00e9v\u00e9n t\u00f6rt\u00e9n\u0151 kezelhet\u0151s\u00e9g\u00e9r\u0151l<\/h5>\n<p style=\"text-align: justify;\">A Vajdas\u00e1g Szerbi\u00e1n bel\u00fcli elk\u00fcl\u00f6n\u00fclts\u00e9g\u00e9t, kultur\u00e1lis \u00e9s politikai m\u00e1ss\u00e1g\u00e1t, szok\u00e1s a tartom\u00e1ny etnikai soksz\u00edn\u0171s\u00e9g\u00e9vel magyar\u00e1zni. (Ami ma m\u00e1r egyre kev\u00e9sb\u00e9 v\u00e9dhet\u0151 \u00e1ll\u00e1spont.) Az int\u00e9zm\u00e9nyek szintj\u00e9n ezt az elk\u00fcl\u00f6n\u00fcl\u00e9st az egyes korok auton\u00f3mi\u00e1t megtestes\u00edt\u0151 politikai (k\u00e9pviseleti\/d\u00f6nt\u00e9shozatali \u00e9s forr\u00e1s redisztrib\u00faci\u00f3s\/allok\u00e1ci\u00f3s) test\u00fcletei \u00e9s azok t\u00e1rsadalmi elfogadotts\u00e1ga jelen\u00edtik meg.<\/p>\n<p style=\"text-align: justify;\">Az etnikai soksz\u00edn\u0171s\u00e9gre visszavezetett k\u00fcl\u00f6nb\u00f6z\u0151s\u00e9g-\u00e9rvel\u00e9st r\u00e1n\u00e9z\u00e9sre sem tartom v\u00e9dhet\u0151nek (a ter\u00fclet lak\u00f3inak ma b\u0151 k\u00e9tharmada szerb, azaz t\u00f6bbs\u00e9gi etnikumhoz tartoz\u00f3). A k\u00f6z\u00f6ss\u00e9gek \u00e9vsz\u00e1zados egy\u00fctt\u00e9l\u00e9snek t\u00f6rt\u00e9nelmi tudata m\u00e1r ink\u00e1bb l\u00e1tszik megfelel\u0151 kiindul\u00e1si alapnak. (A nem frissen \u00e9rkezett t\u00f6bbs\u00e9giek identit\u00e1s\u00e1nak alakul\u00e1s\u00e1ra minden bizonnyal hat\u00e1ssal lehetett az egy\u00fctt\u00e9l\u00e9s.) \u00cdr\u00e1somban a \u201eter\u00fcleten k\u00edv\u00fclis\u00e9g\u201d kor\u00e1ntsem probl\u00e9m\u00e1tlan fogalm\u00e1val jellemezhet\u0151, saj\u00e1tosan szerbiai int\u00e9zm\u00e9nyek, a nemzeti tan\u00e1csok bemutat\u00e1s\u00e1val szeretn\u00e9m \u00e9rtelmezni azokat a kisebbs\u00e9gpolitikai viszonyokat, amelyek a Vajdas\u00e1g k\u00edv\u00fcl\u00e1ll\u00f3k sz\u00e1m\u00e1ra r\u00e1n\u00e9z\u00e9sre is \u00e9rz\u00e9kelhet\u0151 m\u00e1ss\u00e1g\u00e1t explicitebb\u00e9 teszik.<\/p>\n<p style=\"text-align: justify;\">A politikaelm\u00e9let \u00e1ltal\u00e1ban be\u00e9ri azzal, hogy demokratikus deficitk\u00e9nt kezelje a politikai rendszerben \u00e9szlelhet\u0151 kisebbs\u00e9gspecifikus anom\u00e1li\u00e1kat. \u00c1ll\u00e1spontom szerint ezek a jelens\u00e9gek kor\u00e1ntsem tudhat\u00f3ak le ennyivel. Azok ugyanis nem puszta demokratikus deficitek (a demokratikus int\u00e9zm\u00e9nyek m\u0171k\u00f6dtet\u00e9se sor\u00e1n fell\u00e9p\u0151, a m\u0171k\u00f6dtet\u0151knek felr\u00f3hat\u00f3 el\u00e9gtelens\u00e9gek; a rossz gyakorlatok megjelen\u00e9sei), hanem a demokr\u00e1cia deficitjei: a t\u00f6bbs\u00e9gi elv\u0171 d\u00f6nt\u00e9shozatal bels\u0151 ellentmond\u00e1sai sor\u00e1n fell\u00e9p\u0151 anom\u00e1li\u00e1k, amelyek els\u0151sorban nem az int\u00e9zm\u00e9nyeket m\u0171k\u00f6dtet\u0151 (j\u00f3 esetben gondatlan, rosszabb esetben elnyom\u00f3) t\u00f6bbs\u00e9gi t\u00e1rsadalom sz\u00e1ml\u00e1j\u00e1ra \u00edrand\u00f3ak, hanem a demokr\u00e1cia l\u00e9nyegi (immanens, endog\u00e9n) saj\u00e1toss\u00e1gai. Ezeket a t\u00f6bbs\u00e9gi elvre alapul\u00f3 demokr\u00e1ci\u00e1k \u00f6nmagukban nem k\u00e9pesek \u201ekezelni\u201d. A bel\u0151l\u00fck ered\u0151 t\u00e1rsadalmi fesz\u00fclts\u00e9gek kik\u00fcsz\u00f6b\u00f6l\u00e9s\u00e9re, cs\u00f6kkent\u00e9s\u00e9re, a politika alapterm\u00e9szet\u00e9t megjelen\u00edt\u0151, mindenkire k\u00f6telez\u0151 d\u00f6nt\u00e9sek hat\u00e9kony meghozatal\u00e1ra k\u00fcl\u00f6n kieg\u00e9sz\u00edt\u0151 int\u00e9zm\u00e9nyeket tan\u00e1csos kialak\u00edtani \u2013 a nemzeti tan\u00e1csok is ilyen int\u00e9zm\u00e9nyek.<\/p>\n<p style=\"text-align: center;\"><a href=\"http:\/\/vmdok.org.rs\/vajdasag\/wp-content\/uploads\/2018\/06\/02-PaP-Tibor.pdf\" target=\"_blank\" rel=\"noopener\">A tanulm\u00e1ny let\u00f6lt\u00e9se<\/a><\/p>\n","protected":false},"excerpt":{"rendered":"<p>Pap Tibor A nemzeti kisebbs\u00e9gek nemzeti tan\u00e1csai a Vajdas\u00e1gban T\u00e1rsadalomelm\u00e9leti b\u00e1zis\u00fa elemz\u00e9s az int\u00e9zm\u00e9ny kialakul\u00e1s\u00e1r\u00f3l, szerep\u00e9r\u0151l, valamint az egym\u00e1st\u00f3l l\u00e9nyegi jegyekben elt\u00e9r\u0151 t\u00e1rsadalmi nagycsoportok helyzet\u00e9nek egyazon int\u00e9zm\u00e9ny r\u00e9v\u00e9n t\u00f6rt\u00e9n\u0151 kezelhet\u0151s\u00e9g\u00e9r\u0151l A Vajdas\u00e1g Szerbi\u00e1n bel\u00fcli elk\u00fcl\u00f6n\u00fclts\u00e9g\u00e9t, kultur\u00e1lis \u00e9s politikai m\u00e1ss\u00e1g\u00e1t, szok\u00e1s a tartom\u00e1ny etnikai soksz\u00edn\u0171s\u00e9g\u00e9vel magyar\u00e1zni. (Ami ma m\u00e1r egyre kev\u00e9sb\u00e9\u2026<\/p>\n<p class=\"continue-reading-button\"> <a class=\"continue-reading-link\" href=\"http:\/\/vmdok.org.rs\/vajdasag\/vajdasag-ii\/a-nemzeti-kisebbsegek-nemzeti-tanacsai-a-vajdasagban\/\">Tov\u00e1bb&#8230;<i class=\"crycon-right-dir\"><\/i><\/a><\/p>\n","protected":false},"author":1,"featured_media":0,"parent":103,"menu_order":220,"comment_status":"closed","ping_status":"closed","template":"","meta":{"footnotes":"","_links_to":"","_links_to_target":""},"class_list":["post-111","page","type-page","status-publish","hentry"],"_links":{"self":[{"href":"http:\/\/vmdok.org.rs\/vajdasag\/wp-json\/wp\/v2\/pages\/111","targetHints":{"allow":["GET"]}}],"collection":[{"href":"http:\/\/vmdok.org.rs\/vajdasag\/wp-json\/wp\/v2\/pages"}],"about":[{"href":"http:\/\/vmdok.org.rs\/vajdasag\/wp-json\/wp\/v2\/types\/page"}],"author":[{"embeddable":true,"href":"http:\/\/vmdok.org.rs\/vajdasag\/wp-json\/wp\/v2\/users\/1"}],"replies":[{"embeddable":true,"href":"http:\/\/vmdok.org.rs\/vajdasag\/wp-json\/wp\/v2\/comments?post=111"}],"version-history":[{"count":6,"href":"http:\/\/vmdok.org.rs\/vajdasag\/wp-json\/wp\/v2\/pages\/111\/revisions"}],"predecessor-version":[{"id":151,"href":"http:\/\/vmdok.org.rs\/vajdasag\/wp-json\/wp\/v2\/pages\/111\/revisions\/151"}],"up":[{"embeddable":true,"href":"http:\/\/vmdok.org.rs\/vajdasag\/wp-json\/wp\/v2\/pages\/103"}],"wp:attachment":[{"href":"http:\/\/vmdok.org.rs\/vajdasag\/wp-json\/wp\/v2\/media?parent=111"}],"curies":[{"name":"wp","href":"https:\/\/api.w.org\/{rel}","templated":true}]}}