{"id":110,"date":"2018-06-29T17:54:16","date_gmt":"2018-06-29T17:54:16","guid":{"rendered":"http:\/\/vmdok.org.rs\/vajdasag\/?page_id=110"},"modified":"2018-07-09T12:08:59","modified_gmt":"2018-07-09T12:08:59","slug":"mi-fan-terem-a-vajdasagi-autonomia","status":"publish","type":"page","link":"http:\/\/vmdok.org.rs\/vajdasag\/vajdasag-ii\/mi-fan-terem-a-vajdasagi-autonomia\/","title":{"rendered":"Mi f\u00e1n terem a vajdas\u00e1gi auton\u00f3mia?"},"content":{"rendered":"<h4 style=\"text-align: center;\"><strong>T\u00f3th Norbert<\/strong><\/h4>\n<h4 style=\"text-align: center;\"><em>Mi f\u00e1n terem a vajdas\u00e1gi auton\u00f3mia?<\/em><\/h4>\n<h5 style=\"text-align: center;\"><em>A Vajdas\u00e1g Auton\u00f3m Tartom\u00e1ny helye a legismertebb kisebbs\u00e9gi auton\u00f3miatipol\u00f3gi\u00e1k koordin\u00e1ta-rendszer\u00e9ben<\/em><\/h5>\n<h5 style=\"text-align: center;\">Bevezet\u00e9s helyett<\/h5>\n<p style=\"text-align: justify;\">T\u00edz \u00e9vvel ezel\u0151tt szavazta meg az \u00fajvid\u00e9ki K\u00e9pvisel\u0151h\u00e1z Vajdas\u00e1g auton\u00f3mia-stat\u00fatum\u00e1t, amelyet a szerb parlament egy \u00e9vre r\u00e1 meg is er\u0151s\u00edtett. \u00c9rdekes adal\u00e9k, \u00e9s j\u00f3l jellemzi a szerbiai kisebbs\u00e9gi t\u00e1rgy\u00fa belpolitikai vit\u00e1k \u00e9s f\u00e9lelmek min\u0151s\u00e9g\u00e9t, hogy Vajdas\u00e1g Auton\u00f3m Tartom\u00e1ny (VAT) stat\u00fatum\u00e1t a Szerbiai Demokrata P\u00e1rt \u00e9s az \u00daj Szerbia az alkotm\u00e1nnyal \u00e9s t\u00f6bb t\u00f6rv\u00e9nnyel is ellent\u00e9tesnek tartva a szerbiai Alkotm\u00e1nyb\u00edr\u00f3s\u00e1g el\u00e9 utalta. A tal\u00e1ros test\u00fclet 2013. december 5-\u00e9n kihirdetett hat\u00e1rozat\u00e1ban a stat\u00fatum jelent\u0151s r\u00e9sz\u00e9t ellent\u00e9tesnek tal\u00e1lta az alkotm\u00e1nnyal (Jogi F\u00f3rum 2013). A jogbiztons\u00e1g k\u00f6vetelm\u00e9ny\u00e9nek \u00e9rv\u00e9nyes\u00edt\u00e9se \u00e9rdek\u00e9ben az Alkotm\u00e1nyb\u00edr\u00f3s\u00e1g f\u00e9l \u00e9v halad\u00e9kot adott a vajdas\u00e1gi K\u00e9pvisel\u0151h\u00e1znak \u00e9s a szerb parlamentnek, hogy az alkotm\u00e1nnyal \u00f6sszhangban \u00e1ll\u00f3 stat\u00fatumot alkossanak (Jogi F\u00f3rum 2013). A jelenleg hat\u00e1lyos alapszab\u00e1lyt a K\u00e9pvisel\u0151h\u00e1z 2014. m\u00e1jus 22-\u00e9n fogadta el (Vajdas\u00e1g Auton\u00f3m Tartom\u00e1ny stat\u00fatuma 2014). Miel\u0151tt a Vajdas\u00e1gi Auton\u00f3m Tartom\u00e1ny bels\u0151 jogi jog\u00e1ll\u00e1s\u00e1t a stat\u00fatumra alapozva bemutatn\u00e1m, r\u00f6viden \u00e9rintem Szerbia alkotm\u00e1ny\u00e1nak relev\u00e1ns rendelkez\u00e9seit.<\/p>\n<p style=\"text-align: center;\"><a href=\"http:\/\/vmdok.org.rs\/vajdasag\/wp-content\/uploads\/2018\/06\/01-T\u00f3th-Norbert.pdf\" target=\"_blank\" rel=\"noopener\">A tanulm\u00e1ny let\u00f6lt\u00e9se<\/a><\/p>\n","protected":false},"excerpt":{"rendered":"<p>T\u00f3th Norbert Mi f\u00e1n terem a vajdas\u00e1gi auton\u00f3mia? A Vajdas\u00e1g Auton\u00f3m Tartom\u00e1ny helye a legismertebb kisebbs\u00e9gi auton\u00f3miatipol\u00f3gi\u00e1k koordin\u00e1ta-rendszer\u00e9ben Bevezet\u00e9s helyett T\u00edz \u00e9vvel ezel\u0151tt szavazta meg az \u00fajvid\u00e9ki K\u00e9pvisel\u0151h\u00e1z Vajdas\u00e1g auton\u00f3mia-stat\u00fatum\u00e1t, amelyet a szerb parlament egy \u00e9vre r\u00e1 meg is er\u0151s\u00edtett. \u00c9rdekes adal\u00e9k, \u00e9s j\u00f3l jellemzi a szerbiai kisebbs\u00e9gi t\u00e1rgy\u00fa belpolitikai\u2026<\/p>\n<p class=\"continue-reading-button\"> <a class=\"continue-reading-link\" href=\"http:\/\/vmdok.org.rs\/vajdasag\/vajdasag-ii\/mi-fan-terem-a-vajdasagi-autonomia\/\">Tov\u00e1bb&#8230;<i class=\"crycon-right-dir\"><\/i><\/a><\/p>\n","protected":false},"author":1,"featured_media":0,"parent":103,"menu_order":210,"comment_status":"closed","ping_status":"closed","template":"","meta":{"footnotes":"","_links_to":"","_links_to_target":""},"class_list":["post-110","page","type-page","status-publish","hentry"],"_links":{"self":[{"href":"http:\/\/vmdok.org.rs\/vajdasag\/wp-json\/wp\/v2\/pages\/110","targetHints":{"allow":["GET"]}}],"collection":[{"href":"http:\/\/vmdok.org.rs\/vajdasag\/wp-json\/wp\/v2\/pages"}],"about":[{"href":"http:\/\/vmdok.org.rs\/vajdasag\/wp-json\/wp\/v2\/types\/page"}],"author":[{"embeddable":true,"href":"http:\/\/vmdok.org.rs\/vajdasag\/wp-json\/wp\/v2\/users\/1"}],"replies":[{"embeddable":true,"href":"http:\/\/vmdok.org.rs\/vajdasag\/wp-json\/wp\/v2\/comments?post=110"}],"version-history":[{"count":5,"href":"http:\/\/vmdok.org.rs\/vajdasag\/wp-json\/wp\/v2\/pages\/110\/revisions"}],"predecessor-version":[{"id":152,"href":"http:\/\/vmdok.org.rs\/vajdasag\/wp-json\/wp\/v2\/pages\/110\/revisions\/152"}],"up":[{"embeddable":true,"href":"http:\/\/vmdok.org.rs\/vajdasag\/wp-json\/wp\/v2\/pages\/103"}],"wp:attachment":[{"href":"http:\/\/vmdok.org.rs\/vajdasag\/wp-json\/wp\/v2\/media?parent=110"}],"curies":[{"name":"wp","href":"https:\/\/api.w.org\/{rel}","templated":true}]}}