{"id":103,"date":"2018-06-29T17:22:55","date_gmt":"2018-06-29T17:22:55","guid":{"rendered":"http:\/\/vmdok.org.rs\/vajdasag\/?page_id=103"},"modified":"2018-06-29T17:23:41","modified_gmt":"2018-06-29T17:23:41","slug":"vajdasag-ii","status":"publish","type":"page","link":"http:\/\/vmdok.org.rs\/vajdasag\/vajdasag-ii\/","title":{"rendered":"Vajdas\u00e1g II."},"content":{"rendered":"<h3 style=\"text-align: center;\"><span class=\"fontstyle0\">Vari\u00e1ci\u00f3k auton\u00f3mi\u00e1ra<\/span><\/h3>\n<h5 style=\"text-align: center;\"><span class=\"fontstyle0\">El\u0151sz\u00f3<\/span><\/h5>\n<p style=\"text-align: justify;\"><span class=\"fontstyle0\">A K\u00e1rp\u00e1t-medencei magyarok lakta r\u00e9gi\u00f3k k\u00f6z\u00fcl a D\u00e9lvid\u00e9k, azaz a szerbiai Vajdas\u00e1g kiss\u00e9 m\u00e9ltatlanul ker\u00fclt a t\u00e1rsadalomtudom\u00e1nyi \u00e9rdekl\u0151d\u00e9s\u00a0\u00e9s vizsg\u00e1l\u00f3d\u00e1s perif\u00e9ri\u00e1j\u00e1ra. A trianoni b\u00e9keszerz\u0151d\u00e9ssel Magyarorsz\u00e1gt\u00f3l\u00a0elcsatolt ter\u00fclet \u00e9s annak lak\u00f3i sz\u00e1mos dologban elt\u00e9rnek a t\u00f6bbi t\u00f6rt\u00e9nelmi magyar r\u00e9gi\u00f3t\u00f3l:<br \/>\n\u2022 a Magyarorsz\u00e1gt\u00f3l Szerbi\u00e1hoz csatolt kifejezetten soknemzetis\u00e9g\u0171\u00a0ter\u00fclet (majdnem eg\u00e9sze) ma egys\u00e9ges k\u00f6zigazgat\u00e1si egys\u00e9get alkot\u00a0Vajdas\u00e1g Auton\u00f3m Tartom\u00e1ny n\u00e9ven, demokratikusan megv\u00e1lasztott K\u00e9pvisel\u0151h\u00e1zzal \u00e9s \u00f6n\u00e1ll\u00f3 k\u00f6zigazgat\u00e1si szervezettel,<br \/>\n\u2022 az \u00f6sszes hat\u00e1ron t\u00fali magyar k\u00f6z\u00f6ss\u00e9g k\u00f6z\u00fcl egyed\u00fcl a vajdas\u00e1gi,\u00a0szerbiai magyarok rendelkeznek korl\u00e1tozott nem-ter\u00fcleti auton\u00f3mi\u00e1val, amit a Magyar Nemzeti Tan\u00e1cson kereszt\u00fcl gyakorolnak,<br \/>\n\u2022 a sok szempontb\u00f3l szabadabb \u00e9s kisebbs\u00e9gbar\u00e1tabb \u201ejugoszl\u00e1v\u201d \u00e1llam \u00f6r\u00f6ks\u00e9ge,<br \/>\n\u2022 a XX. sz\u00e1zad legv\u00e9g\u00e9n d\u00fal\u00f3 h\u00e1bor\u00faskod\u00e1s \u00e9s ennek negat\u00edv k\u00f6vetkezm\u00e9nyei, elt\u00e1volod\u00e1s az Eur\u00f3pai Uni\u00f3t\u00f3l \u00e9s annak \u00e9rt\u00e9keit\u0151l,<br \/>\n\u2022 2011 ut\u00e1n a vajdas\u00e1gi magyarok \u00e9ltek a legnagyobb ar\u00e1nyban a\u00a0kedvezm\u00e9nyes honos\u00edt\u00e1s lehet\u0151s\u00e9g\u00e9vel \u00e9s tal\u00e1n a legnagyobb ar\u00e1nyban is v\u00e1ndoroltak el sz\u00fcl\u0151f\u00f6ldj\u00fckr\u0151l az elm\u00falt \u00f6t \u00e9vben. Mindezek olyan a specifkumok, \u201ehelyi \u00edzek \u00e9s sz\u00ednek\u201d, amelyek j\u00f3 alapot biztos\u00edthatnak a t\u00e1rsadalomtudom\u00e1ny m\u0171vel\u0151inek vizsg\u00e1l\u00f3d\u00e1s\u00e1hoz,\u00a0a kutat\u00e1sok eredm\u00e9nyei pedig m\u00e1s k\u00f6rnyezetekben is felhaszn\u00e1lhat\u00f3 tapasztalatokat \u00e9s tanuls\u00e1gokat k\u00edn\u00e1lnak. Ennek alapj\u00e1n a k\u00f6tet, amelyet az\u00a0olvas\u00f3 a kez\u00e9be vehet, ak\u00e1r hi\u00e1nyp\u00f3tl\u00f3nak is nevezhet\u0151. Fiatal, ha nem is\u00a0felt\u00e9tlen\u00fcl p\u00e1lyakezd\u0151 tud\u00f3sok, kutat\u00f3k toll\u00e1b\u00f3l sz\u00fclettek a k\u00f6tetben szerepel\u0151 tanulm\u00e1nyok. \u00d6t, d\u00f6nt\u0151en vajdas\u00e1gi k\u00f6t\u0151d\u00e9s\u0171 kutat\u00f3 foglalkozott a\u00a0Vajdas\u00e1ggal \u00e9s annak, els\u0151sorban magyar lak\u00f3ival. A tanulm\u00e1nyok t\u00e1rgy\u00e1t\u00a0k\u00e9pez\u0151 k\u00e9rd\u00e9sek feldolgoz\u00e1s\u00e1t k\u00fcl\u00f6nb\u00f6z\u0151 tudom\u00e1nyok m\u00f3dszertan\u00e1val,\u00a0k\u00fcl\u00f6nb\u00f6z\u0151 terjedelemben \u00e9s elt\u00e9r\u0151 alaposs\u00e1ggal v\u00e9gezt\u00e9k el a szerz\u0151k. Egyes\u00a0tanulm\u00e1nyok kifejezetten multidiszciplin\u00e1ris megk\u00f6zel\u00edt\u00e9ssel dolgozt\u00e1k fel\u00a0az adott t\u00e9m\u00e1t. A kutat\u00e1sok fel\u00f6lelt\u00e9k a d\u00e9lvid\u00e9ki magyar kult\u00fara \u00e9s m\u00e9dia\u00a0szerkezet\u00e9t, t\u00f6rt\u00e9net\u00e9t \u00e9s \u00e1llapot\u00e1t, a Vajdas\u00e1gban honos kisebbs\u00e9gi nyelvek\u00a0haszn\u00e1lat\u00e1nak jogi szab\u00e1lyoz\u00e1s\u00e1t, a nemzeti kisebbs\u00e9gek anyanyelv\u0171 okta<\/span><span class=\"fontstyle0\">t\u00e1s\u00e1nak a jogi \u00e9s int\u00e9zm\u00e9nyes kereteit, a vajdas\u00e1gi magyarok nem-ter\u00fcleti\u00a0auton\u00f3mi\u00e1j\u00e1nak jelleg\u00e9t, valamint a Vajdas\u00e1g ter\u00fcleti alap\u00fa auton\u00f3mi\u00e1j\u00e1t\u00a0\u00e9s annak jellemz\u0151it.<\/span><\/p>\n<p style=\"text-align: right;\"><span class=\"fontstyle0\"><br \/>\nDr. Korhecz Tam\u00e1s<\/span><\/p>\n<p>&nbsp;<\/p>\n<h4 style=\"text-align: center;\"><a href=\"http:\/\/vmdok.org.rs\/vajdasag\/wp-content\/uploads\/2018\/06\/Teljes-kotet.pdf\" target=\"_blank\" rel=\"noopener\">A teljes k\u00f6tet let\u00f6lt\u00e9se<\/a><\/h4>\n<div class=\"_3d-flip-book  fb3d-fullscreen-mode full-size\" data-id=\"106\" data-mode=\"fullscreen\" data-title=\"false\" data-template=\"short-white-book-view\" data-lightbox=\"dark-shadow\" data-urlparam=\"fb3d-page\" data-page-n=\"0\" data-pdf=\"\" data-tax=\"null\" data-thumbnail=\"\" data-cols=\"3\" data-book-template=\"default\" data-trigger=\"\"><\/div><script type=\"text\/javascript\">window.FB3D_CLIENT_DATA = window.FB3D_CLIENT_DATA || [];FB3D_CLIENT_DATA.push('eyJwb3N0cyI6eyIxMDYiOnsiSUQiOjEwNiwidGl0bGUiOiJWYWpkYXNcdTAwZTFnIElJLiIsInR5cGUiOiJwZGYiLCJyZWFkeV9mdW5jdGlvbiI6IiIsImJvb2tfc3R5bGUiOiJ2b2x1bWUiLCJib29rX3RlbXBsYXRlIjoibm9uZSIsIm91dGxpbmUiOltdLCJkYXRhIjp7InBvc3RfSUQiOiIxMDciLCJndWlkIjoiaHR0cDpcL1wvdm1kb2sub3JnLnJzXC92YWpkYXNhZ1wvd3AtY29udGVudFwvdXBsb2Fkc1wvMjAxOFwvMDZcL1RlbGplcy1rb3RldC5wZGYiLCJwZGZfcGFnZXMiOiIxNjAiLCJwYWdlc19jdXN0b21pemF0aW9uIjoibm9uZSJ9LCJ0aHVtYm5haWwiOnsiZGF0YSI6eyJwb3N0X0lEIjoiMCJ9LCJ0eXBlIjoiYXV0byJ9LCJwcm9wcyI6eyJoZWlnaHQiOiJhdXRvIiwid2lkdGgiOiJhdXRvIiwiZ3Jhdml0eSI6ImF1dG8iLCJjYWNoZWRQYWdlcyI6ImF1dG8iLCJyZW5kZXJJbmFjdGl2ZVBhZ2VzIjoiYXV0byIsInJlbmRlckluYWN0aXZlUGFnZXNPbk1vYmlsZSI6ImF1dG8iLCJyZW5kZXJXaGlsZUZsaXBwaW5nIjoiYXV0byIsInBhZ2VzRm9yUHJlZGljdGluZyI6ImF1dG8iLCJwcmVsb2FkUGFnZXMiOiJhdXRvIiwicnRsIjoiYXV0byIsInNoZWV0Ijp7InN0YXJ0VmVsb2NpdHkiOiJhdXRvIiwiY29ybmVyRGV2aWF0aW9uIjoiYXV0byIsImZsZXhpYmlsaXR5IjoiYXV0byIsImZsZXhpYmxlQ29ybmVyIjoiYXV0byIsImJlbmRpbmciOiJhdXRvIiwid2F2ZSI6ImF1dG8iLCJ3aWR0aFRleGVscyI6ImF1dG8iLCJoZWlnaHRUZXhlbHMiOiJhdXRvIiwiY29sb3IiOiJhdXRvIn0sImNvdmVyIjp7InN0YXJ0VmVsb2NpdHkiOiJhdXRvIiwiZmxleGliaWxpdHkiOiJhdXRvIiwiZmxleGlibGVDb3JuZXIiOiJhdXRvIiwiYmVuZGluZyI6ImF1dG8iLCJ3YXZlIjoiYXV0byIsIndpZHRoVGV4ZWxzIjoiYXV0byIsImhlaWdodFRleGVscyI6ImF1dG8iLCJjb2xvciI6ImF1dG8iLCJiaW5kZXJUZXh0dXJlIjoiYXV0byIsImRlcHRoIjoiYXV0byIsInBhZGRpbmciOiJhdXRvIiwibWFzcyI6ImF1dG8ifSwicGFnZSI6eyJzdGFydFZlbG9jaXR5IjoiYXV0byIsImZsZXhpYmlsaXR5IjoiYXV0byIsImZsZXhpYmxlQ29ybmVyIjoiYXV0byIsImJlbmRpbmciOiJhdXRvIiwid2F2ZSI6ImF1dG8iLCJ3aWR0aFRleGVscyI6ImF1dG8iLCJoZWlnaHRUZXhlbHMiOiJhdXRvIiwiY29sb3IiOiJhdXRvIiwiZGVwdGgiOiJhdXRvIiwibWFzcyI6ImF1dG8ifX0sImNvbnRyb2xQcm9wcyI6eyJhY3Rpb25zIjp7ImNtZFNhdmUiOnsiZW5hYmxlZCI6ImF1dG8ifSwiY21kUHJpbnQiOnsiZW5hYmxlZCI6ImF1dG8ifSwiY21kU2luZ2xlUGFnZSI6eyJlbmFibGVkIjoiYXV0byIsImFjdGl2ZSI6ImF1dG8ifX19LCJhdXRvVGh1bWJuYWlsIjpudWxsLCJwb3N0X25hbWUiOiJ2YWpkYXNhZy1paSIsInBvc3RfdHlwZSI6IjNkLWZsaXAtYm9vayJ9fSwicGFnZXMiOltdLCJmaXJzdFBhZ2VzIjpbXX0=');window.FB3D_CLIENT_LOCALE && FB3D_CLIENT_LOCALE.render && FB3D_CLIENT_LOCALE.render();<\/script>\n","protected":false},"excerpt":{"rendered":"<p>Vari\u00e1ci\u00f3k auton\u00f3mi\u00e1ra El\u0151sz\u00f3 A K\u00e1rp\u00e1t-medencei magyarok lakta r\u00e9gi\u00f3k k\u00f6z\u00fcl a D\u00e9lvid\u00e9k, azaz a szerbiai Vajdas\u00e1g kiss\u00e9 m\u00e9ltatlanul ker\u00fclt a t\u00e1rsadalomtudom\u00e1nyi \u00e9rdekl\u0151d\u00e9s\u00a0\u00e9s vizsg\u00e1l\u00f3d\u00e1s perif\u00e9ri\u00e1j\u00e1ra. A trianoni b\u00e9keszerz\u0151d\u00e9ssel Magyarorsz\u00e1gt\u00f3l\u00a0elcsatolt ter\u00fclet \u00e9s annak lak\u00f3i sz\u00e1mos dologban elt\u00e9rnek a t\u00f6bbi t\u00f6rt\u00e9nelmi magyar r\u00e9gi\u00f3t\u00f3l: \u2022 a Magyarorsz\u00e1gt\u00f3l Szerbi\u00e1hoz csatolt kifejezetten soknemzetis\u00e9g\u0171\u00a0ter\u00fclet (majdnem eg\u00e9sze) ma egys\u00e9ges\u2026<\/p>\n<p class=\"continue-reading-button\"> <a class=\"continue-reading-link\" href=\"http:\/\/vmdok.org.rs\/vajdasag\/vajdasag-ii\/\">Tov\u00e1bb&#8230;<i class=\"crycon-right-dir\"><\/i><\/a><\/p>\n","protected":false},"author":1,"featured_media":0,"parent":0,"menu_order":200,"comment_status":"closed","ping_status":"closed","template":"","meta":{"footnotes":"","_links_to":"","_links_to_target":""},"class_list":["post-103","page","type-page","status-publish","hentry"],"_links":{"self":[{"href":"http:\/\/vmdok.org.rs\/vajdasag\/wp-json\/wp\/v2\/pages\/103","targetHints":{"allow":["GET"]}}],"collection":[{"href":"http:\/\/vmdok.org.rs\/vajdasag\/wp-json\/wp\/v2\/pages"}],"about":[{"href":"http:\/\/vmdok.org.rs\/vajdasag\/wp-json\/wp\/v2\/types\/page"}],"author":[{"embeddable":true,"href":"http:\/\/vmdok.org.rs\/vajdasag\/wp-json\/wp\/v2\/users\/1"}],"replies":[{"embeddable":true,"href":"http:\/\/vmdok.org.rs\/vajdasag\/wp-json\/wp\/v2\/comments?post=103"}],"version-history":[{"count":1,"href":"http:\/\/vmdok.org.rs\/vajdasag\/wp-json\/wp\/v2\/pages\/103\/revisions"}],"predecessor-version":[{"id":108,"href":"http:\/\/vmdok.org.rs\/vajdasag\/wp-json\/wp\/v2\/pages\/103\/revisions\/108"}],"wp:attachment":[{"href":"http:\/\/vmdok.org.rs\/vajdasag\/wp-json\/wp\/v2\/media?parent=103"}],"curies":[{"name":"wp","href":"https:\/\/api.w.org\/{rel}","templated":true}]}}