{"id":10,"date":"2017-12-27T21:01:16","date_gmt":"2017-12-27T21:01:16","guid":{"rendered":"http:\/\/vmdok.org.rs\/kotet\/?page_id=10"},"modified":"2017-12-28T11:08:29","modified_gmt":"2017-12-28T11:08:29","slug":"vajdasag-politikatortenete","status":"publish","type":"page","link":"http:\/\/vmdok.org.rs\/vajdasag\/i-kotet\/vajdasag-politikatortenete\/","title":{"rendered":"Vajdas\u00e1g politikat\u00f6rt\u00e9nete"},"content":{"rendered":"<h4 style=\"text-align: center;\"><strong>\u00d6rd\u00f6gh Tibor:<\/strong><\/h4>\n<h4 style=\"text-align: center;\"><em>Vajdas\u00e1g politikat\u00f6rt\u00e9nete<\/em><\/h4>\n<p>&nbsp;<\/p>\n<p style=\"text-align: justify;\"><span class=\"fontstyle0\">Tanulm\u00e1nyomban, mely \u00e1tfog\u00f3 jelleg\u00e9n\u00e9l fogva az elm\u00falt \u00e9vsz\u00e1zadok f\u0151bb\u00a0esem\u00e9nyeire \u00f6sszpontos\u00edt, Vajdas\u00e1g politikat\u00f6rt\u00e9net\u00e9nek felt\u00e1r\u00e1s\u00e1ra t\u00f6rekszem. A ter\u00fclet hovatartoz\u00e1sa mindig is a hatalmak j\u00e1tszm\u00e1inak k\u00f6z\u00e9ppontj\u00e1ban \u00e1llt megnehez\u00edtve a t\u00e9rs\u00e9gben \u00e9l\u0151k mindennapjait, de egyben n\u00f6velve\u00a0alkalmazkod\u00f3k\u00e9pess\u00e9g\u00fcket.<\/span><\/p>\n<p style=\"text-align: justify;\"><span class=\"fontstyle0\">A magyar \u00e1llamalap\u00edt\u00e1st\u00f3l kezdve el\u0151sz\u00f6r a ter\u00fclet k\u00f6zigazgat\u00e1si hat\u00e1rainak\u00a0v\u00e1ltoz\u00e1sait elemzem, majd r\u00e9szletesen ismeretem a Habsburg uralkod\u00f3k viszony\u00e1t a r\u00e9gi\u00f3hoz, tov\u00e1bb\u00e1 az oszm\u00e1n fennhat\u00f3s\u00e1g alatt megfgyelhet\u0151 n\u00e9pmozg\u00e1sokat. A dolgozatban hangs\u00falyos szerepet kapnak a szerbek elk\u00e9pzel\u00e9sei \u00e9s\u00a0tervei, melyek nagym\u00e9rt\u00e9kben befoly\u00e1solt\u00e1k a ter\u00fclet k\u00e9s\u0151bbi sors\u00e1t. Az 1848-as szabads\u00e1gharcban a szerbek jelent\u0151s szerepet v\u00e1llaltak, mely\u00e9rt cser\u00e9be az\u00a0uralkod\u00f3 k\u00e9s\u0151bb kialak\u00edtott egy k\u00fcl\u00f6n\u00e1ll\u00f3 k\u00f6zigazgat\u00e1si egys\u00e9get a sz\u00e1mukra.\u00a0Ennek a Vajdas\u00e1gnak val\u00f3di \u00f6n\u00e1ll\u00f3s\u00e1ga m\u00e9g nem volt, m\u00e9gis jelezte a ter\u00fclet\u00a0\u00f6sszetartoz\u00e1s\u00e1t, \u00e9s a k\u00e9s\u0151bbi auton\u00f3mi\u00e1hoz megfelel\u0151 el\u0151zm\u00e9nyk\u00e9nt szolg\u00e1lt.\u00a0Az els\u0151 vil\u00e1gh\u00e1bor\u00fa ut\u00e1ni rendez\u00e9s k\u00f6r\u00fclm\u00e9nyeinek ismertet\u00e9s\u00e9n\u00e9l a felek \u00e9rdekeit \u00e9s a d\u00e9lszl\u00e1v \u00e1llamhoz val\u00f3 csatlakoz\u00e1s h\u00e1tter\u00e9t mutatom be, majd az\u00a0\u00faj orsz\u00e1gban a ter\u00fclet sorsfordul\u00f3it k\u00f6vetem nyomon. A m\u00e1sodik Jugoszl\u00e1via idej\u00e9n kialak\u00edtott auton\u00f3mia meg\u00e9rt\u00e9se pedig az\u00e9rt fontos, mert ez\u00e1ltal\u00a0jobban tudjuk \u00e9rtelmezni a hatalommegoszt\u00e1s e form\u00e1j\u00e1t, \u00edgy a kisebbs\u00e9gek\u00a0\u2013 k\u00f6zt\u00fck a magyarok \u2013 helyzet\u00e9t is. A d\u00e9lszl\u00e1v egy\u00fctt\u00e9l\u00e9s azonban az 1990-es\u00a0\u00e9vekre megv\u00e1ltozott, \u00e9s ez Vajdas\u00e1gra is hat\u00e1ssal volt: a ter\u00fcleti auton\u00f3mia hat\u00e1sk\u00f6reit ki\u00fcres\u00edtett\u00e9k, azokat csup\u00e1n a 2000-es demokratikus rendszerv\u00e1lt\u00e1s\u00a0ut\u00e1n szerezt\u00e9k vissza.<br \/>\n<\/span><\/p>\n<p style=\"text-align: justify;\"><span class=\"fontstyle0\">A politikat\u00f6rt\u00e9neti utaz\u00e1s sor\u00e1n a ter\u00fclet\u00e9rt v\u00edvott hatalmi harcokon t\u00fal a\u00a0magyars\u00e1g helyzete \u00e9s l\u00e9tsz\u00e1m\u00e1nak v\u00e1ltoz\u00e1sa is fontos ism\u00e9rv, melyet igyekszem az elv\u00e1ndorl\u00e1s \u00e9s a kitelep\u00edt\u00e9sek nyomon k\u00f6vet\u00e9s\u00e9vel szeml\u00e9ltetni. Ezen\u00a0t\u00fal az oktat\u00e1si \u00e9s vall\u00e1si k\u00e9rd\u00e9seknek is hangs\u00falyos szerep\u00fck van, mivel ezek\u00a0biztos\u00edtj\u00e1k a megmarad\u00e1st \u00e9s a nemzeti \u00f6n\u00e1ll\u00f3s\u00e1got. Bemutat\u00e1sra ker\u00fclnek\u00a0a magyars\u00e1g \u00e9rdekv\u00e9delmi szervezetei is, melyek folyamatosan k\u00fczdenek az\u00a0egyenl\u0151 jogok\u00e9rt, valamint az auton\u00f3miaelk\u00e9pzel\u00e9sek megval\u00f3s\u00edt\u00e1s\u00e1\u00e9rt.<\/span><\/p>\n<h5 style=\"text-align: center;\"><a href=\"http:\/\/vmdok.org.rs\/vajdasag\/wp-content\/uploads\/2017\/12\/01-\u00d6rd\u00f6gh-Tibor.pdf\" target=\"_blank\" rel=\"noopener\">A tanulm\u00e1ny let\u00f6lt\u00e9se<\/a><\/h5>\n","protected":false},"excerpt":{"rendered":"<p>\u00d6rd\u00f6gh Tibor: Vajdas\u00e1g politikat\u00f6rt\u00e9nete &nbsp; Tanulm\u00e1nyomban, mely \u00e1tfog\u00f3 jelleg\u00e9n\u00e9l fogva az elm\u00falt \u00e9vsz\u00e1zadok f\u0151bb\u00a0esem\u00e9nyeire \u00f6sszpontos\u00edt, Vajdas\u00e1g politikat\u00f6rt\u00e9net\u00e9nek felt\u00e1r\u00e1s\u00e1ra t\u00f6rekszem. A ter\u00fclet hovatartoz\u00e1sa mindig is a hatalmak j\u00e1tszm\u00e1inak k\u00f6z\u00e9ppontj\u00e1ban \u00e1llt megnehez\u00edtve a t\u00e9rs\u00e9gben \u00e9l\u0151k mindennapjait, de egyben n\u00f6velve\u00a0alkalmazkod\u00f3k\u00e9pess\u00e9g\u00fcket. A magyar \u00e1llamalap\u00edt\u00e1st\u00f3l kezdve el\u0151sz\u00f6r a ter\u00fclet k\u00f6zigazgat\u00e1si hat\u00e1rainak\u00a0v\u00e1ltoz\u00e1sait elemzem, majd r\u00e9szletesen ismeretem\u2026<\/p>\n<p class=\"continue-reading-button\"> <a class=\"continue-reading-link\" href=\"http:\/\/vmdok.org.rs\/vajdasag\/i-kotet\/vajdasag-politikatortenete\/\">Tov\u00e1bb&#8230;<i class=\"crycon-right-dir\"><\/i><\/a><\/p>\n","protected":false},"author":1,"featured_media":0,"parent":6,"menu_order":110,"comment_status":"closed","ping_status":"closed","template":"","meta":{"footnotes":"","_links_to":"","_links_to_target":""},"class_list":["post-10","page","type-page","status-publish","hentry"],"_links":{"self":[{"href":"http:\/\/vmdok.org.rs\/vajdasag\/wp-json\/wp\/v2\/pages\/10","targetHints":{"allow":["GET"]}}],"collection":[{"href":"http:\/\/vmdok.org.rs\/vajdasag\/wp-json\/wp\/v2\/pages"}],"about":[{"href":"http:\/\/vmdok.org.rs\/vajdasag\/wp-json\/wp\/v2\/types\/page"}],"author":[{"embeddable":true,"href":"http:\/\/vmdok.org.rs\/vajdasag\/wp-json\/wp\/v2\/users\/1"}],"replies":[{"embeddable":true,"href":"http:\/\/vmdok.org.rs\/vajdasag\/wp-json\/wp\/v2\/comments?post=10"}],"version-history":[{"count":7,"href":"http:\/\/vmdok.org.rs\/vajdasag\/wp-json\/wp\/v2\/pages\/10\/revisions"}],"predecessor-version":[{"id":73,"href":"http:\/\/vmdok.org.rs\/vajdasag\/wp-json\/wp\/v2\/pages\/10\/revisions\/73"}],"up":[{"embeddable":true,"href":"http:\/\/vmdok.org.rs\/vajdasag\/wp-json\/wp\/v2\/pages\/6"}],"wp:attachment":[{"href":"http:\/\/vmdok.org.rs\/vajdasag\/wp-json\/wp\/v2\/media?parent=10"}],"curies":[{"name":"wp","href":"https:\/\/api.w.org\/{rel}","templated":true}]}}